{"id":18039,"date":"2025-07-01T09:52:58","date_gmt":"2025-07-01T09:52:58","guid":{"rendered":"https:\/\/edukeytech.com\/?post_type=product&#038;p=18039"},"modified":"2025-09-25T04:52:55","modified_gmt":"2025-09-25T04:52:55","slug":"telemetre","status":"publish","type":"product","link":"https:\/\/edukeytech.com\/en\/product\/telemetre\/","title":{"rendered":"T\u00e9l\u00e9m\u00e8tre"},"content":{"rendered":"","protected":false},"excerpt":{"rendered":"","protected":false},"featured_media":18040,"comment_status":"open","ping_status":"closed","template":"","meta":{"_joinchat":[]},"product_brand":[],"product_cat":[79,263],"product_tag":[],"class_list":{"0":"post-18039","1":"product","2":"type-product","3":"status-publish","4":"has-post-thumbnail","6":"product_cat-kits","7":"product_cat-telemetre","9":"first","10":"instock","11":"shipping-taxable","12":"product-type-simple"},"_links":{"self":[{"href":"https:\/\/edukeytech.com\/en\/wp-json\/wp\/v2\/product\/18039","targetHints":{"allow":["GET"]}}],"collection":[{"href":"https:\/\/edukeytech.com\/en\/wp-json\/wp\/v2\/product"}],"about":[{"href":"https:\/\/edukeytech.com\/en\/wp-json\/wp\/v2\/types\/product"}],"replies":[{"embeddable":true,"href":"https:\/\/edukeytech.com\/en\/wp-json\/wp\/v2\/comments?post=18039"}],"version-history":[{"count":1,"href":"https:\/\/edukeytech.com\/en\/wp-json\/wp\/v2\/product\/18039\/revisions"}],"predecessor-version":[{"id":18041,"href":"https:\/\/edukeytech.com\/en\/wp-json\/wp\/v2\/product\/18039\/revisions\/18041"}],"wp:featuredmedia":[{"embeddable":true,"href":"https:\/\/edukeytech.com\/en\/wp-json\/wp\/v2\/media\/18040"}],"wp:attachment":[{"href":"https:\/\/edukeytech.com\/en\/wp-json\/wp\/v2\/media?parent=18039"}],"wp:term":[{"taxonomy":"product_brand","embeddable":true,"href":"https:\/\/edukeytech.com\/en\/wp-json\/wp\/v2\/product_brand?post=18039"},{"taxonomy":"product_cat","embeddable":true,"href":"https:\/\/edukeytech.com\/en\/wp-json\/wp\/v2\/product_cat?post=18039"},{"taxonomy":"product_tag","embeddable":true,"href":"https:\/\/edukeytech.com\/en\/wp-json\/wp\/v2\/product_tag?post=18039"}],"curies":[{"name":"wp","href":"https:\/\/api.w.org\/{rel}","templated":true}]}}