{"id":18027,"date":"2025-07-01T09:15:19","date_gmt":"2025-07-01T09:15:19","guid":{"rendered":"https:\/\/edukeytech.com\/?post_type=product&#038;p=18027"},"modified":"2025-07-01T20:44:04","modified_gmt":"2025-07-01T20:44:04","slug":"detecteur-de-pluie","status":"publish","type":"product","link":"https:\/\/edukeytech.com\/en\/product\/detecteur-de-pluie\/","title":{"rendered":"D\u00e9tecteur de pluie"},"content":{"rendered":"<h3><strong>Le capteur de pluie fonctionne gr\u00e2ce \u00e0 des pistes conductrices dispos\u00e9es sur une carte. Lorsque des gouttes d\u2019eau tombent sur ces pistes, elles cr\u00e9ent un pont conducteur, ce qui r\u00e9duit la r\u00e9sistance \u00e9lectrique entre elles. Cette variation de r\u00e9sistance g\u00e9n\u00e8re un signal d\u00e9tectable par un microcontr\u00f4leur. Le module de contr\u00f4le convertit<\/strong> ce signal en une valeur analogique proportionnelle \u00e0 la quantit\u00e9 d\u2019eau pr\u00e9sente.<\/h3>","protected":false},"excerpt":{"rendered":"<p>Le capteur de pluie fonctionne gr\u00e2ce \u00e0 des pistes conductrices dispos\u00e9es sur une carte. Lorsque des gouttes d\u2019eau tombent sur<\/p>","protected":false},"featured_media":18029,"comment_status":"open","ping_status":"closed","template":"","meta":{"_joinchat":[]},"product_brand":[],"product_cat":[79],"product_tag":[],"class_list":{"0":"post-18027","1":"product","2":"type-product","3":"status-publish","4":"has-post-thumbnail","6":"product_cat-kits","8":"first","9":"instock","10":"shipping-taxable","11":"product-type-simple"},"_links":{"self":[{"href":"https:\/\/edukeytech.com\/en\/wp-json\/wp\/v2\/product\/18027","targetHints":{"allow":["GET"]}}],"collection":[{"href":"https:\/\/edukeytech.com\/en\/wp-json\/wp\/v2\/product"}],"about":[{"href":"https:\/\/edukeytech.com\/en\/wp-json\/wp\/v2\/types\/product"}],"replies":[{"embeddable":true,"href":"https:\/\/edukeytech.com\/en\/wp-json\/wp\/v2\/comments?post=18027"}],"version-history":[{"count":2,"href":"https:\/\/edukeytech.com\/en\/wp-json\/wp\/v2\/product\/18027\/revisions"}],"predecessor-version":[{"id":18055,"href":"https:\/\/edukeytech.com\/en\/wp-json\/wp\/v2\/product\/18027\/revisions\/18055"}],"wp:featuredmedia":[{"embeddable":true,"href":"https:\/\/edukeytech.com\/en\/wp-json\/wp\/v2\/media\/18029"}],"wp:attachment":[{"href":"https:\/\/edukeytech.com\/en\/wp-json\/wp\/v2\/media?parent=18027"}],"wp:term":[{"taxonomy":"product_brand","embeddable":true,"href":"https:\/\/edukeytech.com\/en\/wp-json\/wp\/v2\/product_brand?post=18027"},{"taxonomy":"product_cat","embeddable":true,"href":"https:\/\/edukeytech.com\/en\/wp-json\/wp\/v2\/product_cat?post=18027"},{"taxonomy":"product_tag","embeddable":true,"href":"https:\/\/edukeytech.com\/en\/wp-json\/wp\/v2\/product_tag?post=18027"}],"curies":[{"name":"wp","href":"https:\/\/api.w.org\/{rel}","templated":true}]}}