{"id":18015,"date":"2025-07-01T08:29:21","date_gmt":"2025-07-01T08:29:21","guid":{"rendered":"https:\/\/edukeytech.com\/?post_type=product&#038;p=18015"},"modified":"2025-07-01T20:41:19","modified_gmt":"2025-07-01T20:41:19","slug":"allumer-des-leds-avec-la-telecommande","status":"publish","type":"product","link":"https:\/\/edukeytech.com\/en\/product\/allumer-des-leds-avec-la-telecommande\/","title":{"rendered":"Allumer des leds avec la t\u00e9l\u00e9commande"},"content":{"rendered":"<h3><strong>Principe de fonctionnement : L\u2019utilisateur peut contr\u00f4ler \u00e0 distance l\u2019allumage ou l\u2019extinction de chaque LED \u00e0 l\u2019aide de boutons sp\u00e9cifiques sur une t\u00e9l\u00e9commande infrarouge. Fonctionnement : \u2022 Chaque bouton de la t\u00e9l\u00e9commande est programm\u00e9 pour allumer ou \u00e9teindre une LED sp\u00e9cifique. \u2022 Exemple : o Touche 1 \u2192 Allumer et \u00e9teindre la LED rouge o Touche 2 \u2192 Allumer et \u00e9teindre la LED verte o Touche 3 \u2192 Allumer et \u00e9teindre la LED bleue<\/strong><\/h3>","protected":false},"excerpt":{"rendered":"<p>Principe de fonctionnement : L\u2019utilisateur peut contr\u00f4ler \u00e0 distance l\u2019allumage ou l\u2019extinction de chaque LED \u00e0 l\u2019aide de boutons sp\u00e9cifiques<\/p>","protected":false},"featured_media":18020,"comment_status":"open","ping_status":"closed","template":"","meta":{"_joinchat":[]},"product_brand":[],"product_cat":[262],"product_tag":[],"class_list":{"0":"post-18015","1":"product","2":"type-product","3":"status-publish","4":"has-post-thumbnail","6":"product_cat-allumer-des-leds-avec-telecommande","8":"first","9":"instock","10":"shipping-taxable","11":"product-type-simple"},"_links":{"self":[{"href":"https:\/\/edukeytech.com\/en\/wp-json\/wp\/v2\/product\/18015","targetHints":{"allow":["GET"]}}],"collection":[{"href":"https:\/\/edukeytech.com\/en\/wp-json\/wp\/v2\/product"}],"about":[{"href":"https:\/\/edukeytech.com\/en\/wp-json\/wp\/v2\/types\/product"}],"replies":[{"embeddable":true,"href":"https:\/\/edukeytech.com\/en\/wp-json\/wp\/v2\/comments?post=18015"}],"version-history":[{"count":2,"href":"https:\/\/edukeytech.com\/en\/wp-json\/wp\/v2\/product\/18015\/revisions"}],"predecessor-version":[{"id":18054,"href":"https:\/\/edukeytech.com\/en\/wp-json\/wp\/v2\/product\/18015\/revisions\/18054"}],"wp:featuredmedia":[{"embeddable":true,"href":"https:\/\/edukeytech.com\/en\/wp-json\/wp\/v2\/media\/18020"}],"wp:attachment":[{"href":"https:\/\/edukeytech.com\/en\/wp-json\/wp\/v2\/media?parent=18015"}],"wp:term":[{"taxonomy":"product_brand","embeddable":true,"href":"https:\/\/edukeytech.com\/en\/wp-json\/wp\/v2\/product_brand?post=18015"},{"taxonomy":"product_cat","embeddable":true,"href":"https:\/\/edukeytech.com\/en\/wp-json\/wp\/v2\/product_cat?post=18015"},{"taxonomy":"product_tag","embeddable":true,"href":"https:\/\/edukeytech.com\/en\/wp-json\/wp\/v2\/product_tag?post=18015"}],"curies":[{"name":"wp","href":"https:\/\/api.w.org\/{rel}","templated":true}]}}