{"id":18008,"date":"2025-06-30T21:11:59","date_gmt":"2025-06-30T21:11:59","guid":{"rendered":"https:\/\/edukeytech.com\/?post_type=product&#038;p=18008"},"modified":"2025-07-01T20:35:31","modified_gmt":"2025-07-01T20:35:31","slug":"jeu-de-lumiere","status":"publish","type":"product","link":"https:\/\/edukeytech.com\/en\/product\/jeu-de-lumiere\/","title":{"rendered":"Jeu de lumi\u00e8re"},"content":{"rendered":"<h3><strong>Un jeu de lumi\u00e8re interactif, enti\u00e8rement contr\u00f4l\u00e9 par une carte Arduino, con\u00e7u pour cr\u00e9er des ambiances lumineuses dynamiques. Ce projet a pour objectif d\u2019apprendre \u00e0 piloter des LED avec Arduino, en explorant la gestion des effets lumineux \u00e0 travers l&rsquo;utilisation de boucles, de temporisations et de logiques programm\u00e9es.<\/strong><\/h3>","protected":false},"excerpt":{"rendered":"<p>Un jeu de lumi\u00e8re interactif, enti\u00e8rement contr\u00f4l\u00e9 par une carte Arduino, con\u00e7u pour cr\u00e9er des ambiances lumineuses dynamiques. Ce projet<\/p>","protected":false},"featured_media":18010,"comment_status":"open","ping_status":"closed","template":"","meta":{"_joinchat":[]},"product_brand":[],"product_cat":[79],"product_tag":[],"class_list":{"0":"post-18008","1":"product","2":"type-product","3":"status-publish","4":"has-post-thumbnail","6":"product_cat-kits","8":"first","9":"instock","10":"shipping-taxable","11":"product-type-simple"},"_links":{"self":[{"href":"https:\/\/edukeytech.com\/en\/wp-json\/wp\/v2\/product\/18008","targetHints":{"allow":["GET"]}}],"collection":[{"href":"https:\/\/edukeytech.com\/en\/wp-json\/wp\/v2\/product"}],"about":[{"href":"https:\/\/edukeytech.com\/en\/wp-json\/wp\/v2\/types\/product"}],"replies":[{"embeddable":true,"href":"https:\/\/edukeytech.com\/en\/wp-json\/wp\/v2\/comments?post=18008"}],"version-history":[{"count":4,"href":"https:\/\/edukeytech.com\/en\/wp-json\/wp\/v2\/product\/18008\/revisions"}],"predecessor-version":[{"id":18053,"href":"https:\/\/edukeytech.com\/en\/wp-json\/wp\/v2\/product\/18008\/revisions\/18053"}],"wp:featuredmedia":[{"embeddable":true,"href":"https:\/\/edukeytech.com\/en\/wp-json\/wp\/v2\/media\/18010"}],"wp:attachment":[{"href":"https:\/\/edukeytech.com\/en\/wp-json\/wp\/v2\/media?parent=18008"}],"wp:term":[{"taxonomy":"product_brand","embeddable":true,"href":"https:\/\/edukeytech.com\/en\/wp-json\/wp\/v2\/product_brand?post=18008"},{"taxonomy":"product_cat","embeddable":true,"href":"https:\/\/edukeytech.com\/en\/wp-json\/wp\/v2\/product_cat?post=18008"},{"taxonomy":"product_tag","embeddable":true,"href":"https:\/\/edukeytech.com\/en\/wp-json\/wp\/v2\/product_tag?post=18008"}],"curies":[{"name":"wp","href":"https:\/\/api.w.org\/{rel}","templated":true}]}}