{"id":17928,"date":"2025-03-21T22:03:49","date_gmt":"2025-03-21T22:03:49","guid":{"rendered":"https:\/\/edukeytech.com\/?post_type=product&#038;p=17928"},"modified":"2025-06-11T21:25:10","modified_gmt":"2025-06-11T21:25:10","slug":"pile-9v","status":"publish","type":"product","link":"https:\/\/edukeytech.com\/en\/product\/pile-9v\/","title":{"rendered":"Pile 9V"},"content":{"rendered":"<h3>Batterie 9V non rechargeable<\/h3>\n<h4>La <strong data-start=\"76\" data-end=\"104\">pile 9V standard 6F22 <\/strong>\u00a0est une <strong data-start=\"113\" data-end=\"149\">pile <\/strong>\u00a0non rechargeable, couramment utilis\u00e9e pour alimenter divers appareils \u00e9lectroniques tels que les d\u00e9tecteurs de fum\u00e9e, les t\u00e9l\u00e9commandes, les jouets et certains circuits \u00e9lectroniques comme les montages Arduino.<\/h4>\n<h3><strong>Sp\u00e9cification:<\/strong><\/h3>\n<ul>\n<li>\n<h4>Veste: m\u00e9tal<\/h4>\n<\/li>\n<li>\n<h4>Tension: 9 v<\/h4>\n<\/li>\n<li>\n<h4>Num\u00e9ro de mod\u00e8le: 6F22 \/ 9V<\/h4>\n<\/li>\n<li>\n<h4>Temps de d\u00e9charge: 250 minutes<\/h4>\n<\/li>\n<\/ul>\n<h3><strong>Caract\u00e9ristiques:<\/strong><\/h3>\n<ul>\n<li>\n<h4>Emballage \u00e9tanche, dur\u00e9e de conservation jusqu&rsquo;\u00e0 3 ans<\/h4>\n<\/li>\n<li>\n<h4>Mercure, cadmium, sans plomb<\/h4>\n<\/li>\n<li>\n<h4>Faible r\u00e9sistance interne et capacit\u00e9 de taux de d\u00e9charge plus \u00e9lev\u00e9e<\/h4>\n<\/li>\n<li>\n<h4>Largement utilis\u00e9 pour les lampes de poche, les jouets, les calculatrices, les horloges, etc.<\/h4>\n<\/li>\n<\/ul>","protected":false},"excerpt":{"rendered":"<h4>La <strong data-start=\"76\" data-end=\"104\">pile 9V standard 6F22 <\/strong>\u00a0est une <strong data-start=\"113\" data-end=\"149\">pile <\/strong>\u00a0non rechargeable, couramment utilis\u00e9e pour alimenter divers appareils \u00e9lectroniques<\/h4>","protected":false},"featured_media":17930,"comment_status":"open","ping_status":"closed","template":"","meta":{"_joinchat":[]},"product_brand":[],"product_cat":[136,85],"product_tag":[],"class_list":{"0":"post-17928","1":"product","2":"type-product","3":"status-publish","4":"has-post-thumbnail","6":"product_cat-batteries","7":"product_cat-energie-alimentation","9":"first","10":"instock","11":"shipping-taxable","12":"purchasable","13":"product-type-simple"},"_links":{"self":[{"href":"https:\/\/edukeytech.com\/en\/wp-json\/wp\/v2\/product\/17928","targetHints":{"allow":["GET"]}}],"collection":[{"href":"https:\/\/edukeytech.com\/en\/wp-json\/wp\/v2\/product"}],"about":[{"href":"https:\/\/edukeytech.com\/en\/wp-json\/wp\/v2\/types\/product"}],"replies":[{"embeddable":true,"href":"https:\/\/edukeytech.com\/en\/wp-json\/wp\/v2\/comments?post=17928"}],"version-history":[{"count":4,"href":"https:\/\/edukeytech.com\/en\/wp-json\/wp\/v2\/product\/17928\/revisions"}],"predecessor-version":[{"id":17933,"href":"https:\/\/edukeytech.com\/en\/wp-json\/wp\/v2\/product\/17928\/revisions\/17933"}],"wp:featuredmedia":[{"embeddable":true,"href":"https:\/\/edukeytech.com\/en\/wp-json\/wp\/v2\/media\/17930"}],"wp:attachment":[{"href":"https:\/\/edukeytech.com\/en\/wp-json\/wp\/v2\/media?parent=17928"}],"wp:term":[{"taxonomy":"product_brand","embeddable":true,"href":"https:\/\/edukeytech.com\/en\/wp-json\/wp\/v2\/product_brand?post=17928"},{"taxonomy":"product_cat","embeddable":true,"href":"https:\/\/edukeytech.com\/en\/wp-json\/wp\/v2\/product_cat?post=17928"},{"taxonomy":"product_tag","embeddable":true,"href":"https:\/\/edukeytech.com\/en\/wp-json\/wp\/v2\/product_tag?post=17928"}],"curies":[{"name":"wp","href":"https:\/\/api.w.org\/{rel}","templated":true}]}}