{"id":17910,"date":"2025-03-20T00:17:09","date_gmt":"2025-03-20T00:17:09","guid":{"rendered":"https:\/\/edukeytech.com\/?post_type=product&#038;p=17910"},"modified":"2026-04-15T05:16:20","modified_gmt":"2026-04-15T05:16:20","slug":"buzzer-passif","status":"publish","type":"product","link":"https:\/\/edukeytech.com\/en\/product\/buzzer-passif\/","title":{"rendered":"Buzzer passif"},"content":{"rendered":"<h3 data-start=\"0\" data-end=\"40\"><strong data-start=\"4\" data-end=\"38\">Description d\u2019un Buzzer Passif<\/strong><\/h3>\n<hr \/>\n<h4 data-start=\"42\" data-end=\"444\">Un <strong data-start=\"45\" data-end=\"62\">buzzer passif<\/strong> est un composant \u00e9lectronique capable de produire du son lorsqu&rsquo;il est aliment\u00e9 par un signal de fr\u00e9quence variable. Contrairement \u00e0 un <strong data-start=\"199\" data-end=\"215\">buzzer actif<\/strong>, qui int\u00e8gre un oscillateur interne et \u00e9met un son lorsqu\u2019il est simplement aliment\u00e9, le buzzer passif n\u00e9cessite un signal externe (g\u00e9n\u00e9ralement un signal PWM \u2013 <strong data-start=\"377\" data-end=\"414\">modulation de largeur d\u2019impulsion<\/strong>) pour g\u00e9n\u00e9rer une tonalit\u00e9.<\/h4>\n<h4 data-start=\"446\" data-end=\"486\"><strong data-start=\"450\" data-end=\"484\">Caract\u00e9ristiques principales :<\/strong><\/h4>\n<h4 data-start=\"487\" data-end=\"948\">\ud83d\udd39 <strong data-start=\"490\" data-end=\"506\">Alimentation<\/strong> : Fonctionne g\u00e9n\u00e9ralement entre <strong data-start=\"539\" data-end=\"552\">3.3V et 5V<\/strong> .<br data-start=\"569\" data-end=\"572\" \/>\ud83d\udd39 <strong data-start=\"575\" data-end=\"592\">Signal requis<\/strong> : Doit \u00eatre pilot\u00e9 par un microcontr\u00f4leur (ex. Arduino, ESP32) pour produire un son.<br data-start=\"677\" data-end=\"680\" \/>\ud83d\udd39 <strong data-start=\"683\" data-end=\"706\">Fr\u00e9quence ajustable<\/strong> : Permet de g\u00e9n\u00e9rer diff\u00e9rentes notes musicales et sons vari\u00e9s.<br data-start=\"770\" data-end=\"773\" \/>\ud83d\udd39 <strong data-start=\"776\" data-end=\"799\">Consommation faible<\/strong> : Adapt\u00e9 aux projets \u00e0 faible consommation d\u2019\u00e9nergie.<br data-start=\"853\" data-end=\"856\" data-is-only-node=\"\" \/>\ud83d\udd39 <strong data-start=\"859\" data-end=\"874\">Utilisation<\/strong> : Alarmes, m\u00e9lodies, notifications sonores dans les syst\u00e8mes embarqu\u00e9s.<\/h4>\n<h4 data-start=\"950\" data-end=\"993\"><strong data-start=\"954\" data-end=\"991\">Diff\u00e9rence avec un buzzer actif :<\/strong><\/h4>\n<ul data-start=\"994\" data-end=\"1217\">\n<li data-start=\"994\" data-end=\"1104\">\n<h4><strong data-start=\"998\" data-end=\"1014\">Buzzer actif<\/strong> : G\u00e9n\u00e8re un son fixe lorsqu&rsquo;il est aliment\u00e9 en courant continu (<strong data-start=\"1079\" data-end=\"1089\">ON\/OFF<\/strong> uniquement).<\/h4>\n<\/li>\n<li data-start=\"1105\" data-end=\"1217\">\n<h4><strong data-start=\"1109\" data-end=\"1126\">Buzzer passif<\/strong> : N\u00e9cessite un signal de commande pour moduler la fr\u00e9quence et produire diff\u00e9rents sons.<\/h4>\n<\/li>\n<\/ul>\n<h3 data-start=\"1219\" data-end=\"1265\"><strong data-start=\"1223\" data-end=\"1263\">Exemple d&rsquo;utilisation avec Arduino :<\/strong><\/h3>\n<h4 data-start=\"1266\" data-end=\"1336\">Voici un simple code pour g\u00e9n\u00e9rer un son avec un <strong data-start=\"1315\" data-end=\"1332\">buzzer passif<\/strong> :<\/h4>\n<div class=\"contain-inline-size rounded-md border-[0.5px] border-token-border-medium relative bg-token-sidebar-surface-primary\">\n<div class=\"flex items-center text-token-text-secondary px-4 py-2 text-xs font-sans justify-between h-9 bg-token-sidebar-surface-primary dark:bg-token-main-surface-secondary select-none rounded-t-[5px]\">C++<\/div>\n<div class=\"sticky top-9\">\n<div class=\"absolute bottom-0 right-0 flex h-9 items-center pr-2\">\n<div class=\"flex items-center rounded bg-token-sidebar-surface-primary px-2 font-sans text-xs text-token-text-secondary dark:bg-token-main-surface-secondary\"><\/div>\n<\/div>\n<\/div>\n<div class=\"overflow-y-auto p-4\" dir=\"ltr\"><code class=\"!whitespace-pre language-cpp\"><span class=\"hljs-meta\">#<span class=\"hljs-keyword\">define<\/span><\/span> BUZZER_PIN 9  <span class=\"hljs-comment\">\/\/ Broche de connexion du buzzer<\/span><br \/>\n<\/code><\/div>\n<div class=\"overflow-y-auto p-4\" dir=\"ltr\"><code class=\"!whitespace-pre language-cpp\"><span class=\"hljs-function\"><span class=\"hljs-type\">void<\/span><\/span> <span class=\"hljs-title\">setup<\/span><span class=\"hljs-params\">()<\/span> {<\/code><\/div>\n<div class=\"overflow-y-auto p-4\" dir=\"ltr\"><code class=\"!whitespace-pre language-cpp\">  <span class=\"hljs-built_in\">pinMode<\/span>(BUZZER_PIN, OUTPUT);<\/code><\/div>\n<div class=\"overflow-y-auto p-4\" dir=\"ltr\"><code class=\"!whitespace-pre language-cpp\">}<br \/>\n<\/code><\/div>\n<div class=\"overflow-y-auto p-4\" dir=\"ltr\"><code class=\"!whitespace-pre language-cpp\"><span class=\"hljs-function\"><span class=\"hljs-type\">void<\/span><\/span> <span class=\"hljs-title\">loop<\/span><span class=\"hljs-params\">()<\/span> {<\/code><\/div>\n<div class=\"overflow-y-auto p-4\" dir=\"ltr\"><code class=\"!whitespace-pre language-cpp\">  <span class=\"hljs-built_in\">tone<\/span>(BUZZER_PIN, <span class=\"hljs-number\">1000<\/span>);  <span class=\"hljs-comment\">\/\/ \u00c9met un son de 1000 Hz<\/span><br \/>\n<\/code><\/div>\n<div class=\"overflow-y-auto p-4\" dir=\"ltr\"><code class=\"!whitespace-pre language-cpp\">  <span class=\"hljs-built_in\">delay<\/span>(<span class=\"hljs-number\">500<\/span>);              <span class=\"hljs-comment\">\/\/ Attendre 500ms<\/span><br \/>\n<\/code><\/div>\n<div class=\"overflow-y-auto p-4\" dir=\"ltr\"><code class=\"!whitespace-pre language-cpp\">  <span class=\"hljs-built_in\">noTone<\/span>(BUZZER_PIN);      <span class=\"hljs-comment\">\/\/ Arr\u00eater le son<\/span><\/code><\/div>\n<div class=\"overflow-y-auto p-4\" dir=\"ltr\"><code class=\"!whitespace-pre language-cpp\"><br \/>\n<span class=\"hljs-built_in\">delay<\/span>(<span class=\"hljs-number\">500<\/span>);              <span class=\"hljs-comment\">\/\/ Attendre 500ms<\/span><\/code><\/div>\n<div class=\"overflow-y-auto p-4\" dir=\"ltr\"><code class=\"!whitespace-pre language-cpp\"><br \/>\n}<br \/>\n<\/code><\/div>\n<\/div>\n<h4 data-start=\"1658\" data-end=\"1736\">Ce code fait \u00ab\u00a0biper\u00a0\u00bb le buzzer toutes les 500 ms \u00e0 une fr\u00e9quence de 1000 Hz.<\/h4>\n<h4 data-start=\"1738\" data-end=\"1915\">Le <strong data-start=\"1741\" data-end=\"1758\">buzzer passif<\/strong> est donc un excellent choix pour les projets n\u00e9cessitant un contr\u00f4le pr\u00e9cis du son, comme la musique, les avertissements sonores et les jeux interactifs.<\/h4>","protected":false},"excerpt":{"rendered":"<h4>Un <strong data-start=\"45\" data-end=\"62\">buzzer passif<\/strong> est un composant \u00e9lectronique capable de produire du son lorsqu&rsquo;il est aliment\u00e9 par un signal de fr\u00e9quence variable.<\/h4>","protected":false},"featured_media":17947,"comment_status":"open","ping_status":"closed","template":"","meta":{"_joinchat":[]},"product_brand":[],"product_cat":[80,162],"product_tag":[],"class_list":{"0":"post-17910","1":"product","2":"type-product","3":"status-publish","4":"has-post-thumbnail","6":"product_cat-module-ou-capteur","7":"product_cat-modules","9":"first","10":"instock","11":"shipping-taxable","12":"purchasable","13":"product-type-simple"},"_links":{"self":[{"href":"https:\/\/edukeytech.com\/en\/wp-json\/wp\/v2\/product\/17910","targetHints":{"allow":["GET"]}}],"collection":[{"href":"https:\/\/edukeytech.com\/en\/wp-json\/wp\/v2\/product"}],"about":[{"href":"https:\/\/edukeytech.com\/en\/wp-json\/wp\/v2\/types\/product"}],"replies":[{"embeddable":true,"href":"https:\/\/edukeytech.com\/en\/wp-json\/wp\/v2\/comments?post=17910"}],"version-history":[{"count":2,"href":"https:\/\/edukeytech.com\/en\/wp-json\/wp\/v2\/product\/17910\/revisions"}],"predecessor-version":[{"id":17914,"href":"https:\/\/edukeytech.com\/en\/wp-json\/wp\/v2\/product\/17910\/revisions\/17914"}],"wp:featuredmedia":[{"embeddable":true,"href":"https:\/\/edukeytech.com\/en\/wp-json\/wp\/v2\/media\/17947"}],"wp:attachment":[{"href":"https:\/\/edukeytech.com\/en\/wp-json\/wp\/v2\/media?parent=17910"}],"wp:term":[{"taxonomy":"product_brand","embeddable":true,"href":"https:\/\/edukeytech.com\/en\/wp-json\/wp\/v2\/product_brand?post=17910"},{"taxonomy":"product_cat","embeddable":true,"href":"https:\/\/edukeytech.com\/en\/wp-json\/wp\/v2\/product_cat?post=17910"},{"taxonomy":"product_tag","embeddable":true,"href":"https:\/\/edukeytech.com\/en\/wp-json\/wp\/v2\/product_tag?post=17910"}],"curies":[{"name":"wp","href":"https:\/\/api.w.org\/{rel}","templated":true}]}}