{"id":17903,"date":"2025-03-19T23:32:42","date_gmt":"2025-03-19T23:32:42","guid":{"rendered":"https:\/\/edukeytech.com\/?post_type=product&#038;p=17903"},"modified":"2025-03-28T17:58:05","modified_gmt":"2025-03-28T17:58:05","slug":"bouton-pour-potentiometre-rotatif-6mm","status":"publish","type":"product","link":"https:\/\/edukeytech.com\/en\/product\/bouton-pour-potentiometre-rotatif-6mm\/","title":{"rendered":"Bouton pour potentiom\u00e8tre rotatif  6mm"},"content":{"rendered":"<h3>\u00a0 \u00a0 \u00a0 Bouchons pour potentiom\u00e8tres, con\u00e7us pour un ajustement pr\u00e9cis et confortable. Id\u00e9als pour prot\u00e9ger l\u2019axe, am\u00e9liorer la prise en main, donner une finition soign\u00e9e \u00e0 vos projets \u00e9lectroniques et faciliter l\u2019identification des commandes.<\/h3>\n<h3>\u00a0 \u00a0 \u00a0Disponibles en plusieurs couleurs (bleu, rouge, jaune, orange, blanc, vert), ces bouchons sont parfaits pour amplificateurs, syst\u00e8mes audio et \u00e9quipements de contr\u00f4le, ils allient ergonomie, durabilit\u00e9 et esth\u00e9tique.<\/h3>","protected":false},"excerpt":{"rendered":"<h3>Bouchons pour potentiom\u00e8tres, con\u00e7us pour un ajustement pr\u00e9cis et confortable. Id\u00e9als pour prot\u00e9ger l\u2019axe, am\u00e9liorer la prise en main, donner une finition soign\u00e9e \u00e0 vos projets \u00e9lectroniques et faciliter l\u2019identification des commandes.<\/h3>","protected":false},"featured_media":17904,"comment_status":"open","ping_status":"closed","template":"","meta":{"_joinchat":[]},"product_brand":[],"product_cat":[120,20],"product_tag":[],"class_list":{"0":"post-17903","1":"product","2":"type-product","3":"status-publish","4":"has-post-thumbnail","6":"product_cat-commutateurs-boutons","7":"product_cat-accessories","9":"first","10":"instock","11":"shipping-taxable","12":"purchasable","13":"product-type-simple"},"_links":{"self":[{"href":"https:\/\/edukeytech.com\/en\/wp-json\/wp\/v2\/product\/17903","targetHints":{"allow":["GET"]}}],"collection":[{"href":"https:\/\/edukeytech.com\/en\/wp-json\/wp\/v2\/product"}],"about":[{"href":"https:\/\/edukeytech.com\/en\/wp-json\/wp\/v2\/types\/product"}],"replies":[{"embeddable":true,"href":"https:\/\/edukeytech.com\/en\/wp-json\/wp\/v2\/comments?post=17903"}],"version-history":[{"count":3,"href":"https:\/\/edukeytech.com\/en\/wp-json\/wp\/v2\/product\/17903\/revisions"}],"predecessor-version":[{"id":17908,"href":"https:\/\/edukeytech.com\/en\/wp-json\/wp\/v2\/product\/17903\/revisions\/17908"}],"wp:featuredmedia":[{"embeddable":true,"href":"https:\/\/edukeytech.com\/en\/wp-json\/wp\/v2\/media\/17904"}],"wp:attachment":[{"href":"https:\/\/edukeytech.com\/en\/wp-json\/wp\/v2\/media?parent=17903"}],"wp:term":[{"taxonomy":"product_brand","embeddable":true,"href":"https:\/\/edukeytech.com\/en\/wp-json\/wp\/v2\/product_brand?post=17903"},{"taxonomy":"product_cat","embeddable":true,"href":"https:\/\/edukeytech.com\/en\/wp-json\/wp\/v2\/product_cat?post=17903"},{"taxonomy":"product_tag","embeddable":true,"href":"https:\/\/edukeytech.com\/en\/wp-json\/wp\/v2\/product_tag?post=17903"}],"curies":[{"name":"wp","href":"https:\/\/api.w.org\/{rel}","templated":true}]}}