{"id":17894,"date":"2025-03-19T22:57:29","date_gmt":"2025-03-19T22:57:29","guid":{"rendered":"https:\/\/edukeytech.com\/?post_type=product&#038;p=17894"},"modified":"2025-06-11T21:31:13","modified_gmt":"2025-06-11T21:31:13","slug":"kit-kids","status":"publish","type":"product","link":"https:\/\/edukeytech.com\/en\/product\/kit-kids\/","title":{"rendered":"Kit kids"},"content":{"rendered":"","protected":false},"excerpt":{"rendered":"<h3>Kit KIDS<\/h3>\n<h3><strong>Id\u00e9al pour initier les enfants \u00e0 la programmation, ce kit de composants Arduino complet et s\u00e9curis\u00e9 permet de r\u00e9aliser de nombreux projets ludiques. <\/strong><\/h3>\n<h3><strong>Facile \u00e0 utiliser, il d\u00e9veloppe la cr\u00e9ativit\u00e9, la logique et la curiosit\u00e9 scientifique. Parfait pour apprendre en s\u2019amusant, avec des composants robustes adapt\u00e9s aux petites mains.<\/strong><\/h3>","protected":false},"featured_media":17909,"comment_status":"open","ping_status":"closed","template":"","meta":{"_joinchat":[]},"product_brand":[],"product_cat":[79],"product_tag":[],"class_list":{"0":"post-17894","1":"product","2":"type-product","3":"status-publish","4":"has-post-thumbnail","6":"product_cat-kits","8":"first","9":"instock","10":"shipping-taxable","11":"purchasable","12":"product-type-simple"},"_links":{"self":[{"href":"https:\/\/edukeytech.com\/en\/wp-json\/wp\/v2\/product\/17894","targetHints":{"allow":["GET"]}}],"collection":[{"href":"https:\/\/edukeytech.com\/en\/wp-json\/wp\/v2\/product"}],"about":[{"href":"https:\/\/edukeytech.com\/en\/wp-json\/wp\/v2\/types\/product"}],"replies":[{"embeddable":true,"href":"https:\/\/edukeytech.com\/en\/wp-json\/wp\/v2\/comments?post=17894"}],"version-history":[{"count":4,"href":"https:\/\/edukeytech.com\/en\/wp-json\/wp\/v2\/product\/17894\/revisions"}],"predecessor-version":[{"id":17899,"href":"https:\/\/edukeytech.com\/en\/wp-json\/wp\/v2\/product\/17894\/revisions\/17899"}],"wp:featuredmedia":[{"embeddable":true,"href":"https:\/\/edukeytech.com\/en\/wp-json\/wp\/v2\/media\/17909"}],"wp:attachment":[{"href":"https:\/\/edukeytech.com\/en\/wp-json\/wp\/v2\/media?parent=17894"}],"wp:term":[{"taxonomy":"product_brand","embeddable":true,"href":"https:\/\/edukeytech.com\/en\/wp-json\/wp\/v2\/product_brand?post=17894"},{"taxonomy":"product_cat","embeddable":true,"href":"https:\/\/edukeytech.com\/en\/wp-json\/wp\/v2\/product_cat?post=17894"},{"taxonomy":"product_tag","embeddable":true,"href":"https:\/\/edukeytech.com\/en\/wp-json\/wp\/v2\/product_tag?post=17894"}],"curies":[{"name":"wp","href":"https:\/\/api.w.org\/{rel}","templated":true}]}}