{"id":17881,"date":"2025-03-15T11:48:21","date_gmt":"2025-03-15T11:48:21","guid":{"rendered":"https:\/\/edukeytech.com\/?post_type=product&#038;p=17881"},"modified":"2025-03-21T21:28:26","modified_gmt":"2025-03-21T21:28:26","slug":"pile-rechargeable-3-7v-18650-batterie-3500-mah","status":"publish","type":"product","link":"https:\/\/edukeytech.com\/en\/product\/pile-rechargeable-3-7v-18650-batterie-3500-mah\/","title":{"rendered":"Pile Rechargeable 3.7V 18650 batterie 3500 mAh"},"content":{"rendered":"<h3 data-start=\"0\" data-end=\"71\"><strong data-start=\"7\" data-end=\"69\">\u00a0la Batterie INR 18650 EVE FLJ 811 &#8211; 3000mAh<\/strong><\/h3>\n<p data-start=\"73\" data-end=\"402\">La <strong data-start=\"76\" data-end=\"101\">INR 18650 EVE FLJ 811<\/strong> est une <strong data-start=\"110\" data-end=\"147\">batterie lithium-ion rechargeable<\/strong> utilis\u00e9e dans divers appareils \u00e9lectroniques n\u00e9cessitant une <strong data-start=\"209\" data-end=\"258\">haute performance et une stabilit\u00e9 de tension<\/strong>. Elle est souvent employ\u00e9e dans les <strong data-start=\"295\" data-end=\"399\">lampes LED, les appareils \u00e9lectroniques portables, les outils \u00e9lectriques et les batteries d\u2019appoint<\/strong>.<\/p>\n<hr data-start=\"404\" data-end=\"407\" \/>\n<h3 data-start=\"409\" data-end=\"450\">\u2705 <strong data-start=\"415\" data-end=\"448\">Caract\u00e9ristiques techniques :<\/strong><\/h3>\n<ul data-start=\"451\" data-end=\"1069\">\n<li data-start=\"451\" data-end=\"498\"><strong data-start=\"453\" data-end=\"475\">Type de batterie :<\/strong> Lithium-ion (Li-ion)<\/li>\n<li data-start=\"499\" data-end=\"608\"><strong data-start=\"501\" data-end=\"513\">Chimie :<\/strong> INR (Nickel-Mangan\u00e8se-Cobalt \u2013 offre un bon \u00e9quilibre entre capacit\u00e9 et courant de d\u00e9charge)<\/li>\n<li data-start=\"609\" data-end=\"648\"><strong data-start=\"611\" data-end=\"623\">Format :<\/strong> 18650 (\u00d818 mm x 65 mm)<\/li>\n<li data-start=\"649\" data-end=\"680\"><strong data-start=\"651\" data-end=\"673\">Tension nominale :<\/strong> 3,7V<\/li>\n<li data-start=\"681\" data-end=\"753\"><strong data-start=\"683\" data-end=\"697\">Capacit\u00e9 :<\/strong> 3000mAh<\/li>\n<li data-start=\"754\" data-end=\"795\"><strong data-start=\"756\" data-end=\"788\">Tension de charge maximale :<\/strong> 4,2V<\/li>\n<li data-start=\"796\" data-end=\"873\"><strong data-start=\"798\" data-end=\"827\">Courant de d\u00e9charge max :<\/strong> Variable selon le mod\u00e8le (15A-30A possible)<\/li>\n<li data-start=\"874\" data-end=\"933\"><strong data-start=\"876\" data-end=\"894\">Dur\u00e9e de vie :<\/strong> 500 \u00e0 1000 cycles de charge\/d\u00e9charge<\/li>\n<\/ul>\n<hr data-start=\"1071\" data-end=\"1074\" \/>\n<h3 data-start=\"1076\" data-end=\"1102\">\u2705 <strong data-start=\"1082\" data-end=\"1100\">Applications :<\/strong><\/h3>\n<ul data-start=\"1103\" data-end=\"1351\">\n<li data-start=\"1103\" data-end=\"1132\"><strong data-start=\"1105\" data-end=\"1130\">Lampes LED puissantes<\/strong><\/li>\n<li data-start=\"1133\" data-end=\"1174\"><strong data-start=\"1135\" data-end=\"1172\">Appareils \u00e9lectroniques portables<\/strong><\/li>\n<li data-start=\"1175\" data-end=\"1214\"><strong data-start=\"1177\" data-end=\"1212\">Outils \u00e9lectriques et jouets RC<\/strong><\/li>\n<li data-start=\"1215\" data-end=\"1284\"><strong data-start=\"1217\" data-end=\"1282\">Batteries de v\u00e9los \u00e9lectriques (e-bike), scooters \u00e9lectriques<\/strong><\/li>\n<li data-start=\"1285\" data-end=\"1351\"><strong data-start=\"1287\" data-end=\"1349\">Power banks et projets DIY (Arduino, Raspberry Pi, robots)<\/strong><\/li>\n<\/ul>\n<hr data-start=\"1353\" data-end=\"1356\" \/>\n<h3 data-start=\"1358\" data-end=\"1381\">\u2705 <strong data-start=\"1364\" data-end=\"1379\">Avantages :<\/strong><\/h3>\n<p data-start=\"1382\" data-end=\"1729\"><br data-start=\"1487\" data-end=\"1490\" \/>\u2714 <strong data-start=\"1492\" data-end=\"1508\">Rechargeable<\/strong> : r\u00e9duit les co\u00fbts et l\u2019impact environnemental<br data-start=\"1555\" data-end=\"1558\" \/>\u2714 <strong data-start=\"1560\" data-end=\"1581\">Chimie INR stable<\/strong> : bon compromis entre puissance et s\u00e9curit\u00e9<br data-start=\"1625\" data-end=\"1628\" \/>\u2714 <strong data-start=\"1630\" data-end=\"1659\">Courant de d\u00e9charge \u00e9lev\u00e9<\/strong> : id\u00e9al pour les applications n\u00e9cessitant une puissance instantan\u00e9e<\/p>\n<p data-start=\"1731\" data-end=\"1760\">\u26a0 <strong data-start=\"1733\" data-end=\"1758\">Pr\u00e9cautions d\u2019usage :<\/strong><\/p>\n<ul data-start=\"1761\" data-end=\"2000\">\n<li data-start=\"1761\" data-end=\"1852\"><strong data-start=\"1763\" data-end=\"1794\">Utiliser un chargeur adapt\u00e9<\/strong> pour \u00e9viter les surtensions et les risques d\u2019explosion.<\/li>\n<li data-start=\"1853\" data-end=\"1923\"><strong data-start=\"1855\" data-end=\"1881\">Ne pas court-circuiter<\/strong> ou exposer \u00e0 des temp\u00e9ratures extr\u00eames.<\/li>\n<li data-start=\"1924\" data-end=\"2000\"><strong data-start=\"1926\" data-end=\"1957\">Stocker dans un endroit s\u00fbr<\/strong> pour \u00e9viter tout risque d\u2019endommagement.<\/li>\n<\/ul>","protected":false},"excerpt":{"rendered":"<p>\u00a0la Batterie INR 18650 EVE FLJ 811 &#8211; 3000mAh La INR 18650 EVE FLJ 811 est une batterie lithium-ion rechargeable<\/p>","protected":false},"featured_media":0,"comment_status":"open","ping_status":"closed","template":"","meta":{"_joinchat":[]},"product_brand":[],"product_cat":[136,85],"product_tag":[],"class_list":{"0":"post-17881","1":"product","2":"type-product","3":"status-publish","5":"product_cat-batteries","6":"product_cat-energie-alimentation","8":"first","9":"instock","10":"shipping-taxable","11":"purchasable","12":"product-type-simple"},"_links":{"self":[{"href":"https:\/\/edukeytech.com\/en\/wp-json\/wp\/v2\/product\/17881","targetHints":{"allow":["GET"]}}],"collection":[{"href":"https:\/\/edukeytech.com\/en\/wp-json\/wp\/v2\/product"}],"about":[{"href":"https:\/\/edukeytech.com\/en\/wp-json\/wp\/v2\/types\/product"}],"replies":[{"embeddable":true,"href":"https:\/\/edukeytech.com\/en\/wp-json\/wp\/v2\/comments?post=17881"}],"version-history":[{"count":1,"href":"https:\/\/edukeytech.com\/en\/wp-json\/wp\/v2\/product\/17881\/revisions"}],"predecessor-version":[{"id":17882,"href":"https:\/\/edukeytech.com\/en\/wp-json\/wp\/v2\/product\/17881\/revisions\/17882"}],"wp:attachment":[{"href":"https:\/\/edukeytech.com\/en\/wp-json\/wp\/v2\/media?parent=17881"}],"wp:term":[{"taxonomy":"product_brand","embeddable":true,"href":"https:\/\/edukeytech.com\/en\/wp-json\/wp\/v2\/product_brand?post=17881"},{"taxonomy":"product_cat","embeddable":true,"href":"https:\/\/edukeytech.com\/en\/wp-json\/wp\/v2\/product_cat?post=17881"},{"taxonomy":"product_tag","embeddable":true,"href":"https:\/\/edukeytech.com\/en\/wp-json\/wp\/v2\/product_tag?post=17881"}],"curies":[{"name":"wp","href":"https:\/\/api.w.org\/{rel}","templated":true}]}}