{"id":17826,"date":"2025-03-14T00:26:38","date_gmt":"2025-03-14T00:26:38","guid":{"rendered":"https:\/\/edukeytech.com\/?post_type=product&#038;p=17826"},"modified":"2025-07-01T20:57:38","modified_gmt":"2025-07-01T20:57:38","slug":"kit-feu-de-signalisation-et-jeu-de-lumiere","status":"publish","type":"product","link":"https:\/\/edukeytech.com\/en\/product\/kit-feu-de-signalisation-et-jeu-de-lumiere\/","title":{"rendered":"Kit  Feux de signalisation"},"content":{"rendered":"<h3>Le syst\u00e8me simule un carrefour \u00e0 4 voies avec une gestion automatique du trafic. Fonctionnement : \u2022 Les feux changent d\u2019\u00e9tat automatiquement et en boucle, avec des d\u00e9lais programm\u00e9s. \u2022 Chaque voie a son propre feu (rouge, jaune, vert). \u2022 Le feu vert s\u2019active pour une voie pendant que les autres sont rouges, puis passage au feu jaune avant de changer de direction.<\/h3>\n<h4>Composants : Feux\u00a0 de signalisation et Jeu de lumi\u00e8re<\/h4>\n<table style=\"height: 412px;\" width=\"1108\">\n<tbody>\n<tr>\n<td width=\"387\">\n<h4>\u00b7\u00a0\u00a0\u00a0\u00a0 1 x Carte Arduino Uno R3+ \u00a0USB c\u00e2ble<\/h4>\n<h4>\u00b7\u00a0\u00a0\u00a0\u00a0 10 x R\u00e9sistances 220\u03a9<\/h4>\n<h4>\u00b7\u00a0\u00a0\u00a0\u00a0 10x R\u00e9sistances 1K\u03a9<\/h4>\n<h4>\u00b7\u00a0\u00a0\u00a0\u00a0 5 x R\u00e9sistances 10K\u03a9<\/h4>\n<h4>\u00b7\u00a0\u00a0\u00a0\u00a0 5 x R\u00e9sistances \u00a0100K\u03a9<\/h4>\n<h4>\u00b7\u00a0\u00a0\u00a0\u00a0 1 x C\u00e2ble de batterie 9V<\/h4>\n<h4>\u00b7\u00a0 1 x Batterie 9V<\/h4>\n<h4>\u00b7\u00a0 2 x Boutons poussoir<\/h4>\n<h4>\u00b7\u00a0\u00a0\u00a0\u00a0 1x Breadboard de 830 points<\/h4>\n<h4><\/h4>\n<\/td>\n<td width=\"370\">\n<h4>\u00b7\u00a0 4 x Modules feu tricolore a LED 5V<\/h4>\n<h4>\u00b7\u00a0 5 x Leds (rouge)<\/h4>\n<h4>\u00b7\u00a0 5 x Leds (jaune)<\/h4>\n<h4>\u00b7\u00a0 5 x Leds (vert)<\/h4>\n<h4>\u00b7\u00a0 10 x Male to male jumpers (20cm)<\/h4>\n<h4>\u00b7\u00a0 10 x Male to female jumpers (20cm)<\/h4>\n<h4>\u00b7\u00a0 10 x Female to female jumpers (20cm)<\/h4>\n<h4>\u00b7\u00a0 10 x Male to male jumpers (10cm)<\/h4>\n<p>&nbsp;<\/td>\n<\/tr>\n<\/tbody>\n<\/table>","protected":false},"excerpt":{"rendered":"<p>Le syst\u00e8me simule un carrefour \u00e0 4 voies avec une gestion automatique du trafic. Fonctionnement : \u2022 Les feux changent<\/p>","protected":false},"featured_media":18022,"comment_status":"open","ping_status":"closed","template":"","meta":{"_joinchat":[]},"product_brand":[],"product_cat":[128,79],"product_tag":[],"class_list":{"0":"post-17826","1":"product","2":"type-product","3":"status-publish","4":"has-post-thumbnail","6":"product_cat-kit-feu-de-signalisation","7":"product_cat-kits","9":"first","10":"instock","11":"shipping-taxable","12":"product-type-simple"},"_links":{"self":[{"href":"https:\/\/edukeytech.com\/en\/wp-json\/wp\/v2\/product\/17826","targetHints":{"allow":["GET"]}}],"collection":[{"href":"https:\/\/edukeytech.com\/en\/wp-json\/wp\/v2\/product"}],"about":[{"href":"https:\/\/edukeytech.com\/en\/wp-json\/wp\/v2\/types\/product"}],"replies":[{"embeddable":true,"href":"https:\/\/edukeytech.com\/en\/wp-json\/wp\/v2\/comments?post=17826"}],"version-history":[{"count":7,"href":"https:\/\/edukeytech.com\/en\/wp-json\/wp\/v2\/product\/17826\/revisions"}],"predecessor-version":[{"id":18059,"href":"https:\/\/edukeytech.com\/en\/wp-json\/wp\/v2\/product\/17826\/revisions\/18059"}],"wp:featuredmedia":[{"embeddable":true,"href":"https:\/\/edukeytech.com\/en\/wp-json\/wp\/v2\/media\/18022"}],"wp:attachment":[{"href":"https:\/\/edukeytech.com\/en\/wp-json\/wp\/v2\/media?parent=17826"}],"wp:term":[{"taxonomy":"product_brand","embeddable":true,"href":"https:\/\/edukeytech.com\/en\/wp-json\/wp\/v2\/product_brand?post=17826"},{"taxonomy":"product_cat","embeddable":true,"href":"https:\/\/edukeytech.com\/en\/wp-json\/wp\/v2\/product_cat?post=17826"},{"taxonomy":"product_tag","embeddable":true,"href":"https:\/\/edukeytech.com\/en\/wp-json\/wp\/v2\/product_tag?post=17826"}],"curies":[{"name":"wp","href":"https:\/\/api.w.org\/{rel}","templated":true}]}}