{"id":17800,"date":"2025-03-12T00:45:18","date_gmt":"2025-03-12T00:45:18","guid":{"rendered":"https:\/\/edukeytech.com\/?post_type=product&#038;p=17800"},"modified":"2025-07-02T21:03:24","modified_gmt":"2025-07-02T21:03:24","slug":"kit-robot-bluetooth","status":"publish","type":"product","link":"https:\/\/edukeytech.com\/en\/product\/kit-robot-bluetooth\/","title":{"rendered":"kit Robot Bluetooth"},"content":{"rendered":"<h3>Principe de fonctionnement : 1. Le robot re\u00e7oit les commandes via Bluetooth depuis un smartphone (avant, arri\u00e8re, gauche, droite). 2. Les commandes sont interpr\u00e9t\u00e9es par l\u2019Arduino, qui contr\u00f4le les moteurs via le pont en H L298N. 3. Le robot se d\u00e9place en fonction des commandes re\u00e7ues (avant, arri\u00e8re, tourner).<\/h3>\n<p>&nbsp;<\/p>\n<h3>Composants du kit Robot Bluetooth<\/h3>\n<table style=\"height: 439px;\" width=\"1127\">\n<tbody>\n<tr>\n<td width=\"425\">\n<h3>\u00b7\u00a0\u00a0\u00a0\u00a0\u00a0\u00a0\u00a0 1 x\u00a0Arduino UNO + Cable USB<\/h3>\n<h3>\u00b7\u00a0\u00a0\u00a0\u00a0\u00a0\u00a0\u00a0 2 x Moteurs \u00e0 courant continu<\/h3>\n<h3>\u00b7\u00a0\u00a0\u00a0\u00a0\u00a0\u00a0\u00a0 1 x HC-06 module Bluetooth compatible Arduino<\/h3>\n<h3>\u00b7\u00a0\u00a0\u00a0\u00a0\u00a0\u00a0\u00a0 1X Mini breadboard de 170 points<\/h3>\n<h3>\u00b7\u00a0\u00a0\u00a0\u00a0\u00a0\u00a0\u00a0 10 x Male to male jumpers (20cm)<\/h3>\n<h3>\u00b7\u00a0\u00a0\u00a0\u00a0\u00a0\u00a0\u00a0 10 x Male to female jumpers (20cm)<\/h3>\n<h3>\u00b7\u00a0\u00a0\u00a0\u00a0\u00a0\u00a0\u00a0 10 x Female to female jumpers (20cm)<\/h3>\n<h3>\u00b7\u00a0\u00a0\u00a0\u00a0\u00a0\u00a0\u00a0 10 x Male to male jumpers (10cm)<\/h3>\n<h3><\/h3>\n<\/td>\n<td width=\"309\">\n<h3>\u00b7\u00a0\u00a0\u00a0\u00a0\u00a0\u00a0\u00a0 1 x Driver L298N<\/h3>\n<h3>\u00b7\u00a0\u00a0\u00a0\u00a0\u00a0\u00a0\u00a0 1 x Module L298D<\/h3>\n<h3>\u00b7\u00a0\u00a0\u00a0\u00a0\u00a0\u00a0\u00a0 1 x Porte pile 4xAA<\/h3>\n<h3>\u00b7\u00a0\u00a0\u00a0\u00a0\u00a0\u00a0\u00a0 1 x Interrupteur ON\/OFF<\/h3>\n<h3>\u00b7\u00a0\u00a0\u00a0\u00a0\u00a0\u00a0\u00a0 1 x Module Bluetooth HC-05<\/h3>\n<h3>\u00b7\u00a0\u00a0\u00a0\u00a0\u00a0\u00a0\u00a0 1 x\u00a0ch\u00e2ssis de voiture Robot<\/h3>\n<h3>\u00b7\u00a0\u00a0\u00a0\u00a0\u00a0\u00a0\u00a0 2 x Roues de voiture<\/h3>\n<h3>\u00b7\u00a0\u00a0\u00a0\u00a0\u00a0\u00a0\u00a0 2 Piles rechargeables<\/h3>\n<\/td>\n<\/tr>\n<\/tbody>\n<\/table>\n<h3><\/h3>\n<p>&nbsp;<\/p>","protected":false},"excerpt":{"rendered":"<p>Principe de fonctionnement : 1. Le robot re\u00e7oit les commandes via Bluetooth depuis un smartphone (avant, arri\u00e8re, gauche, droite). 2.<\/p>","protected":false},"featured_media":18025,"comment_status":"open","ping_status":"closed","template":"","meta":{"_joinchat":[]},"product_brand":[],"product_cat":[79,249],"product_tag":[],"class_list":{"0":"post-17800","1":"product","2":"type-product","3":"status-publish","4":"has-post-thumbnail","6":"product_cat-kits","7":"product_cat-robot-2-roues-bluetooth","9":"first","10":"instock","11":"shipping-taxable","12":"product-type-simple"},"_links":{"self":[{"href":"https:\/\/edukeytech.com\/en\/wp-json\/wp\/v2\/product\/17800","targetHints":{"allow":["GET"]}}],"collection":[{"href":"https:\/\/edukeytech.com\/en\/wp-json\/wp\/v2\/product"}],"about":[{"href":"https:\/\/edukeytech.com\/en\/wp-json\/wp\/v2\/types\/product"}],"replies":[{"embeddable":true,"href":"https:\/\/edukeytech.com\/en\/wp-json\/wp\/v2\/comments?post=17800"}],"version-history":[{"count":5,"href":"https:\/\/edukeytech.com\/en\/wp-json\/wp\/v2\/product\/17800\/revisions"}],"predecessor-version":[{"id":18065,"href":"https:\/\/edukeytech.com\/en\/wp-json\/wp\/v2\/product\/17800\/revisions\/18065"}],"wp:featuredmedia":[{"embeddable":true,"href":"https:\/\/edukeytech.com\/en\/wp-json\/wp\/v2\/media\/18025"}],"wp:attachment":[{"href":"https:\/\/edukeytech.com\/en\/wp-json\/wp\/v2\/media?parent=17800"}],"wp:term":[{"taxonomy":"product_brand","embeddable":true,"href":"https:\/\/edukeytech.com\/en\/wp-json\/wp\/v2\/product_brand?post=17800"},{"taxonomy":"product_cat","embeddable":true,"href":"https:\/\/edukeytech.com\/en\/wp-json\/wp\/v2\/product_cat?post=17800"},{"taxonomy":"product_tag","embeddable":true,"href":"https:\/\/edukeytech.com\/en\/wp-json\/wp\/v2\/product_tag?post=17800"}],"curies":[{"name":"wp","href":"https:\/\/api.w.org\/{rel}","templated":true}]}}