{"id":17777,"date":"2025-03-09T00:37:26","date_gmt":"2025-03-09T00:37:26","guid":{"rendered":"https:\/\/edukeytech.com\/?post_type=product&#038;p=17777"},"modified":"2025-03-10T23:30:02","modified_gmt":"2025-03-10T23:30:02","slug":"micro-bouton-poussoir-yd-003","status":"publish","type":"product","link":"https:\/\/edukeytech.com\/en\/product\/micro-bouton-poussoir-yd-003\/","title":{"rendered":"Micro Bouton Poussoir YD-003"},"content":{"rendered":"<h5>Bouton Poussoir YD-003 3 broches N.ouvert \/ N.ferm\u00e9, il vous permettra de mettre sous tension vos petits projets ou tout simplement de recevoir une entr\u00e9e utilisateur suppl\u00e9mentaire.<\/h5>\n<h3>\u2705 Caract\u00e9ristiques techniques :<\/h3>\n<h5>\nType : Bouton poussoir momentan\u00e9 (contact temporaire)<br \/>\nMod\u00e8le : YD-003<br \/>\nNombre de broches :3 broches<br \/>\nMode de fonctionnement : Normalement ouvert (NO) \u2013 le circuit est ferm\u00e9 uniquement lorsque le bouton est press\u00e9<br \/>\nTension nominale : G\u00e9n\u00e9ralement entre 12V et 24V (v\u00e9rifier la fiche technique sp\u00e9cifique)<br \/>\nCourant nominal : Environ 50mA \u00e0 500mA (selon le mod\u00e8le)<br \/>\nDimensions : Environ 6&#215;6 mm ou 12&#215;12 mm (taille classique pour micro-interrupteurs)<\/h5>\n<h3>\n\u2705 Applications :<\/h3>\n<h5>\nCommandes \u00e9lectroniques (microcontr\u00f4leurs comme Arduino ou Raspberry Pi)<br \/>\nAppareils \u00e9lectrom\u00e9nagers<br \/>\nJouets \u00e9lectroniques<br \/>\nR\u00e9initialisation (reset) ou d\u00e9marrage (start)<\/h5>\n<h3>\u2705 Avantages :<\/h3>\n<h5>\nTaille compacte<br \/>\nFacile \u00e0 int\u00e9grer sur des circuits imprim\u00e9s (PCB)<br \/>\nFaible co\u00fbt et grande fiabilit\u00e9<\/h5>","protected":false},"excerpt":{"rendered":"<h5>Bouton Poussoir YD-003 3 broches N.ouvert \/ N.ferm\u00e9, il vous permettra de mettre sous tension vos petits projets ou tout simplement de recevoir une entr\u00e9e utilisateur suppl\u00e9mentaire.<\/h5>","protected":false},"featured_media":17778,"comment_status":"open","ping_status":"closed","template":"","meta":{"_joinchat":[]},"product_brand":[],"product_cat":[120,20],"product_tag":[254,253,105,92,93],"class_list":{"0":"post-17777","1":"product","2":"type-product","3":"status-publish","4":"has-post-thumbnail","6":"product_cat-commutateurs-boutons","7":"product_cat-accessories","8":"product_tag-bouton-poussoir","9":"product_tag-bouton-poussoir-au-maroc","10":"product_tag-capteurs-electronique-au-maroc","11":"product_tag-carte-electronique-au-maroc","12":"product_tag-composants-electronique-au-maroc","14":"first","15":"instock","16":"shipping-taxable","17":"purchasable","18":"product-type-simple"},"_links":{"self":[{"href":"https:\/\/edukeytech.com\/en\/wp-json\/wp\/v2\/product\/17777","targetHints":{"allow":["GET"]}}],"collection":[{"href":"https:\/\/edukeytech.com\/en\/wp-json\/wp\/v2\/product"}],"about":[{"href":"https:\/\/edukeytech.com\/en\/wp-json\/wp\/v2\/types\/product"}],"replies":[{"embeddable":true,"href":"https:\/\/edukeytech.com\/en\/wp-json\/wp\/v2\/comments?post=17777"}],"version-history":[{"count":1,"href":"https:\/\/edukeytech.com\/en\/wp-json\/wp\/v2\/product\/17777\/revisions"}],"predecessor-version":[{"id":17779,"href":"https:\/\/edukeytech.com\/en\/wp-json\/wp\/v2\/product\/17777\/revisions\/17779"}],"wp:featuredmedia":[{"embeddable":true,"href":"https:\/\/edukeytech.com\/en\/wp-json\/wp\/v2\/media\/17778"}],"wp:attachment":[{"href":"https:\/\/edukeytech.com\/en\/wp-json\/wp\/v2\/media?parent=17777"}],"wp:term":[{"taxonomy":"product_brand","embeddable":true,"href":"https:\/\/edukeytech.com\/en\/wp-json\/wp\/v2\/product_brand?post=17777"},{"taxonomy":"product_cat","embeddable":true,"href":"https:\/\/edukeytech.com\/en\/wp-json\/wp\/v2\/product_cat?post=17777"},{"taxonomy":"product_tag","embeddable":true,"href":"https:\/\/edukeytech.com\/en\/wp-json\/wp\/v2\/product_tag?post=17777"}],"curies":[{"name":"wp","href":"https:\/\/api.w.org\/{rel}","templated":true}]}}