{"id":17774,"date":"2025-03-08T22:36:52","date_gmt":"2025-03-08T22:36:52","guid":{"rendered":"https:\/\/edukeytech.com\/?post_type=product&#038;p=17774"},"modified":"2025-03-08T22:36:53","modified_gmt":"2025-03-08T22:36:53","slug":"bouchon-pour-bouton-poussoir-6x6x10mm","status":"publish","type":"product","link":"https:\/\/edukeytech.com\/en\/product\/bouchon-pour-bouton-poussoir-6x6x10mm\/","title":{"rendered":"Bouchon Pour Bouton Poussoir 6x6x10mm"},"content":{"rendered":"<h5 data-start=\"0\" data-end=\"230\"><strong>Bouchon pour bouton poussoir 6x6x10 mm est un accessoire con\u00e7u pour recouvrir et prot\u00e9ger un bouton poussoir de dimensions sp\u00e9cifiques (6 mm x 6 mm pour la base et 10 mm pour la hauteur). Voici une description d\u00e9taill\u00e9e :<\/strong><\/h5>\n<h3 data-start=\"232\" data-end=\"260\"><strong data-start=\"236\" data-end=\"258\">Caract\u00e9ristiques :<\/strong><\/h3>\n<ul data-start=\"261\" data-end=\"644\">\n<li data-start=\"261\" data-end=\"338\"><strong>Compatibilit\u00e9 : Adapt\u00e9 aux boutons poussoirs tactiles de type 6&#215;6 mm .<\/strong><\/li>\n<li data-start=\"339\" data-end=\"413\"><strong>Dimensions : 6 mm (largeur) x 6 mm (profondeur) x 10 mm (hauteur).<\/strong><\/li>\n<li data-start=\"414\" data-end=\"526\"><strong>Mat\u00e9riau : En plastique (ABS ) pour une bonne durabilit\u00e9 et un toucher agr\u00e9able.<\/strong><\/li>\n<li data-start=\"527\" data-end=\"644\"><strong>Couleur : Disponible en plusieurs couleurs (noir, blanc, rouge, etc.) pour s\u2019adapter \u00e0 diverses applications.<\/strong><\/li>\n<\/ul>\n<h3 data-start=\"646\" data-end=\"670\"><strong data-start=\"650\" data-end=\"668\">Utilisations :<\/strong><\/h3>\n<ul data-start=\"671\" data-end=\"857\">\n<li data-start=\"671\" data-end=\"730\"><strong>Protection du bouton contre la poussi\u00e8re et l&rsquo;humidit\u00e9.<\/strong><\/li>\n<li data-start=\"731\" data-end=\"796\"><strong>Am\u00e9lioration de la prise en main et du confort d&rsquo;utilisation.<\/strong><\/li>\n<li data-start=\"797\" data-end=\"857\"><strong>Personnalisation esth\u00e9tique des appareils \u00e9lectroniques.<\/strong><\/li>\n<\/ul>\n<h3 data-start=\"859\" data-end=\"893\"><strong data-start=\"863\" data-end=\"891\">Applications courantes :<\/strong><\/h3>\n<ul data-start=\"894\" data-end=\"1062\">\n<li data-start=\"894\" data-end=\"940\"><strong>Cartes \u00e9lectroniques et circuits imprim\u00e9s.<\/strong><\/li>\n<li data-start=\"941\" data-end=\"1014\"><strong>T\u00e9l\u00e9commandes, appareils \u00e9lectrom\u00e9nagers, et dispositifs de contr\u00f4le.<\/strong><\/li>\n<li data-start=\"1015\" data-end=\"1062\"><strong>Prototypes et projets DIY .<\/strong><\/li>\n<\/ul>","protected":false},"excerpt":{"rendered":"<h4><span data-start=\"3\" data-end=\"45\">B<\/span><strong data-start=\"3\" data-end=\"45\">ouchon pour bouton poussoir 6x6x10 mm<\/strong> est un accessoire con\u00e7u pour recouvrir et prot\u00e9ger un bouton poussoir de dimensions sp\u00e9cifiques (6 mm x 6 mm pour la base et 10 mm pour la hauteur).<\/h4>","protected":false},"featured_media":17775,"comment_status":"open","ping_status":"closed","template":"","meta":{"_joinchat":[]},"product_brand":[],"product_cat":[120,20],"product_tag":[],"class_list":{"0":"post-17774","1":"product","2":"type-product","3":"status-publish","4":"has-post-thumbnail","6":"product_cat-commutateurs-boutons","7":"product_cat-accessories","9":"first","10":"instock","11":"shipping-taxable","12":"purchasable","13":"product-type-simple"},"_links":{"self":[{"href":"https:\/\/edukeytech.com\/en\/wp-json\/wp\/v2\/product\/17774","targetHints":{"allow":["GET"]}}],"collection":[{"href":"https:\/\/edukeytech.com\/en\/wp-json\/wp\/v2\/product"}],"about":[{"href":"https:\/\/edukeytech.com\/en\/wp-json\/wp\/v2\/types\/product"}],"replies":[{"embeddable":true,"href":"https:\/\/edukeytech.com\/en\/wp-json\/wp\/v2\/comments?post=17774"}],"version-history":[{"count":1,"href":"https:\/\/edukeytech.com\/en\/wp-json\/wp\/v2\/product\/17774\/revisions"}],"predecessor-version":[{"id":17776,"href":"https:\/\/edukeytech.com\/en\/wp-json\/wp\/v2\/product\/17774\/revisions\/17776"}],"wp:featuredmedia":[{"embeddable":true,"href":"https:\/\/edukeytech.com\/en\/wp-json\/wp\/v2\/media\/17775"}],"wp:attachment":[{"href":"https:\/\/edukeytech.com\/en\/wp-json\/wp\/v2\/media?parent=17774"}],"wp:term":[{"taxonomy":"product_brand","embeddable":true,"href":"https:\/\/edukeytech.com\/en\/wp-json\/wp\/v2\/product_brand?post=17774"},{"taxonomy":"product_cat","embeddable":true,"href":"https:\/\/edukeytech.com\/en\/wp-json\/wp\/v2\/product_cat?post=17774"},{"taxonomy":"product_tag","embeddable":true,"href":"https:\/\/edukeytech.com\/en\/wp-json\/wp\/v2\/product_tag?post=17774"}],"curies":[{"name":"wp","href":"https:\/\/api.w.org\/{rel}","templated":true}]}}