{"id":17766,"date":"2025-03-04T21:48:51","date_gmt":"2025-03-04T21:48:51","guid":{"rendered":"https:\/\/edukeytech.com\/?post_type=product&#038;p=17766"},"modified":"2025-03-04T21:48:51","modified_gmt":"2025-03-04T21:48:51","slug":"troisieme-main-avec-loupe-et-lampe","status":"publish","type":"product","link":"https:\/\/edukeytech.com\/en\/product\/troisieme-main-avec-loupe-et-lampe\/","title":{"rendered":"Troisi\u00e8me Main avec Loupe et Lampe"},"content":{"rendered":"<h3>Troisi\u00e8me Main avec Loupe et Lampe<\/h3>\n<p><strong>technologie, de l\u2019\u00e9lectronique et de la robotique. Con\u00e7ue pour offrir une assistance stable lors des travaux de pr\u00e9cision, elle permet de maintenir fermement les composants tout en offrant un \u00e9clairage optimal et un agrandissement via une loupe int\u00e9gr\u00e9e. Ce dispositif facilite ainsi les r\u00e9parations, le soudage de circuits imprim\u00e9s, ou encore les travaux minutieux qui n\u00e9cessitent \u00e0 la fois une vue d\u00e9taill\u00e9e et des mains libres. \u00c9quip\u00e9e d\u2019un \u00e9clairage LED r\u00e9glable, elle garantit une visibilit\u00e9 maximale, tandis que sa conception modulaire permet d&rsquo;ajuster la position de la loupe et des bras articul\u00e9s pour un confort et une ergonomie accrus. Ce produit est donc essentiel pour les techniciens et ing\u00e9nieurs cherchant \u00e0 am\u00e9liorer leur pr\u00e9cision et leur efficacit\u00e9 lors de leurs interventions.<\/strong><\/p>","protected":false},"excerpt":{"rendered":"<h3>Troisi\u00e8me Main avec Loupe et Lampe.<\/h3>\n<h3><strong>Technologie, de l\u2019\u00e9lectronique et de la robotique. Con\u00e7ue pour offrir une assistance stable lors des travaux de pr\u00e9cision, elle permet de maintenir fermement les composants tout en offrant un \u00e9clairage optimal et un agrandissement via une loupe int\u00e9gr\u00e9e. <\/strong><\/h3>","protected":false},"featured_media":17767,"comment_status":"open","ping_status":"closed","template":"","meta":{"_joinchat":[]},"product_brand":[],"product_cat":[110,81],"product_tag":[],"class_list":{"0":"post-17766","1":"product","2":"type-product","3":"status-publish","4":"has-post-thumbnail","6":"product_cat-materiel-de-soudage","7":"product_cat-robotique-outil","9":"first","10":"instock","11":"shipping-taxable","12":"purchasable","13":"product-type-simple"},"_links":{"self":[{"href":"https:\/\/edukeytech.com\/en\/wp-json\/wp\/v2\/product\/17766","targetHints":{"allow":["GET"]}}],"collection":[{"href":"https:\/\/edukeytech.com\/en\/wp-json\/wp\/v2\/product"}],"about":[{"href":"https:\/\/edukeytech.com\/en\/wp-json\/wp\/v2\/types\/product"}],"replies":[{"embeddable":true,"href":"https:\/\/edukeytech.com\/en\/wp-json\/wp\/v2\/comments?post=17766"}],"version-history":[{"count":1,"href":"https:\/\/edukeytech.com\/en\/wp-json\/wp\/v2\/product\/17766\/revisions"}],"predecessor-version":[{"id":17768,"href":"https:\/\/edukeytech.com\/en\/wp-json\/wp\/v2\/product\/17766\/revisions\/17768"}],"wp:featuredmedia":[{"embeddable":true,"href":"https:\/\/edukeytech.com\/en\/wp-json\/wp\/v2\/media\/17767"}],"wp:attachment":[{"href":"https:\/\/edukeytech.com\/en\/wp-json\/wp\/v2\/media?parent=17766"}],"wp:term":[{"taxonomy":"product_brand","embeddable":true,"href":"https:\/\/edukeytech.com\/en\/wp-json\/wp\/v2\/product_brand?post=17766"},{"taxonomy":"product_cat","embeddable":true,"href":"https:\/\/edukeytech.com\/en\/wp-json\/wp\/v2\/product_cat?post=17766"},{"taxonomy":"product_tag","embeddable":true,"href":"https:\/\/edukeytech.com\/en\/wp-json\/wp\/v2\/product_tag?post=17766"}],"curies":[{"name":"wp","href":"https:\/\/api.w.org\/{rel}","templated":true}]}}