{"id":17760,"date":"2025-03-04T21:32:18","date_gmt":"2025-03-04T21:32:18","guid":{"rendered":"https:\/\/edukeytech.com\/?post_type=product&#038;p=17760"},"modified":"2025-03-04T21:32:18","modified_gmt":"2025-03-04T21:32:18","slug":"nettoyeur-en-laiton-pour-fer-a-souder","status":"publish","type":"product","link":"https:\/\/edukeytech.com\/en\/product\/nettoyeur-en-laiton-pour-fer-a-souder\/","title":{"rendered":"Nettoyeur en Laiton Pour Fer \u00e0 Souder"},"content":{"rendered":"<h3>Nettoyeur en Laiton Pour Fer \u00e0 Souder<\/h3>\n<p><strong>Le nettoyeur en laiton pour fer \u00e0 souder est un accessoire essentiel pour maintenir la performance optimale de votre fer \u00e0 souder. Compos\u00e9 de brins de laiton de haute qualit\u00e9, il permet de nettoyer efficacement la panne sans l&rsquo;endommager, contrairement aux \u00e9ponges classiques qui peuvent alt\u00e9rer la surface du fer. Son design permet une \u00e9limination rapide des r\u00e9sidus de soudure et de la rouille, tout en pr\u00e9servant la durabilit\u00e9 et la conductivit\u00e9 thermique de la panne. Id\u00e9al pour les professionnels de l&rsquo;\u00e9lectronique et de la robotique, ce nettoyeur en laiton est non seulement un outil de maintenance, mais aussi un moyen d&rsquo;am\u00e9liorer la pr\u00e9cision et la qualit\u00e9 des soudures en \u00e9vitant l&rsquo;encrassement. Gr\u00e2ce \u00e0 son utilisation r\u00e9guli\u00e8re, il permet de prolonger la dur\u00e9e de vie du fer \u00e0 souder et d&rsquo;assurer des r\u00e9sultats plus pr\u00e9cis et fiables.<\/strong><\/p>","protected":false},"excerpt":{"rendered":"<h3><strong>Le nettoyeur en laiton pour fer \u00e0 souder est un accessoire essentiel pour maintenir la performance optimale de votre fer \u00e0 souder.<\/strong><\/h3>","protected":false},"featured_media":17761,"comment_status":"open","ping_status":"closed","template":"","meta":{"_joinchat":[]},"product_brand":[],"product_cat":[110,81],"product_tag":[],"class_list":{"0":"post-17760","1":"product","2":"type-product","3":"status-publish","4":"has-post-thumbnail","6":"product_cat-materiel-de-soudage","7":"product_cat-robotique-outil","9":"first","10":"instock","11":"shipping-taxable","12":"purchasable","13":"product-type-simple"},"_links":{"self":[{"href":"https:\/\/edukeytech.com\/en\/wp-json\/wp\/v2\/product\/17760","targetHints":{"allow":["GET"]}}],"collection":[{"href":"https:\/\/edukeytech.com\/en\/wp-json\/wp\/v2\/product"}],"about":[{"href":"https:\/\/edukeytech.com\/en\/wp-json\/wp\/v2\/types\/product"}],"replies":[{"embeddable":true,"href":"https:\/\/edukeytech.com\/en\/wp-json\/wp\/v2\/comments?post=17760"}],"version-history":[{"count":1,"href":"https:\/\/edukeytech.com\/en\/wp-json\/wp\/v2\/product\/17760\/revisions"}],"predecessor-version":[{"id":17762,"href":"https:\/\/edukeytech.com\/en\/wp-json\/wp\/v2\/product\/17760\/revisions\/17762"}],"wp:featuredmedia":[{"embeddable":true,"href":"https:\/\/edukeytech.com\/en\/wp-json\/wp\/v2\/media\/17761"}],"wp:attachment":[{"href":"https:\/\/edukeytech.com\/en\/wp-json\/wp\/v2\/media?parent=17760"}],"wp:term":[{"taxonomy":"product_brand","embeddable":true,"href":"https:\/\/edukeytech.com\/en\/wp-json\/wp\/v2\/product_brand?post=17760"},{"taxonomy":"product_cat","embeddable":true,"href":"https:\/\/edukeytech.com\/en\/wp-json\/wp\/v2\/product_cat?post=17760"},{"taxonomy":"product_tag","embeddable":true,"href":"https:\/\/edukeytech.com\/en\/wp-json\/wp\/v2\/product_tag?post=17760"}],"curies":[{"name":"wp","href":"https:\/\/api.w.org\/{rel}","templated":true}]}}