{"id":17736,"date":"2025-03-04T20:42:05","date_gmt":"2025-03-04T20:42:05","guid":{"rendered":"https:\/\/edukeytech.com\/?post_type=product&#038;p=17736"},"modified":"2025-03-04T20:42:05","modified_gmt":"2025-03-04T20:42:05","slug":"fer-a-souder-reglable-koocu-60w-220v-ac","status":"publish","type":"product","link":"https:\/\/edukeytech.com\/en\/product\/fer-a-souder-reglable-koocu-60w-220v-ac\/","title":{"rendered":"Fer \u00e0 Souder R\u00e9glable Koocu 60W 220V AC"},"content":{"rendered":"<h3>Fer \u00e0 Souder R\u00e9glable Koocu 60W 220V AC<\/h3>\n<p>&nbsp;<\/p>\n<p><strong>Le fer \u00e0 souder r\u00e9glable Koocu 60W 220V AC est un outil de haute performance con\u00e7u pour les professionnels et les passionn\u00e9s d&rsquo;\u00e9lectronique. Dot\u00e9 d&rsquo;une puissance de 60W et d&rsquo;une alimentation en courant alternatif 220V, il offre une temp\u00e9rature r\u00e9glable, permettant une pr\u00e9cision optimale pour des soudures fines et complexes. Gr\u00e2ce \u00e0 sa mont\u00e9e en temp\u00e9rature rapide et \u00e0 son contr\u00f4le thermique stable, ce fer est id\u00e9al pour les applications de pr\u00e9cision, comme la r\u00e9paration de cartes \u00e9lectroniques, les travaux de soudure sur composants d\u00e9licats, ou encore la maintenance de dispositifs \u00e9lectroniques. Il est \u00e9quip\u00e9 d&rsquo;une prise en main ergonomique, garantissant un confort d&rsquo;utilisation prolong\u00e9, ainsi que d&rsquo;un design durable pour une long\u00e9vit\u00e9 accrue. Ce mod\u00e8le est \u00e9galement compatible avec diverses pointes interchangeables, ce qui permet d\u2019adapter l\u2019outil en fonction des besoins sp\u00e9cifiques de chaque projet.<\/strong><\/p>\n<p>&nbsp;<\/p>\n<p>&nbsp;<\/p>\n<p>&nbsp;<\/p>","protected":false},"excerpt":{"rendered":"<h3><strong>Le fer \u00e0 souder r\u00e9glable Koocu 60W 220V AC est un outil de haute performance con\u00e7u pour les professionnels et les passionn\u00e9s d&rsquo;\u00e9lectronique.<\/strong><\/h3>","protected":false},"featured_media":17737,"comment_status":"open","ping_status":"closed","template":"","meta":{"_joinchat":[]},"product_brand":[],"product_cat":[110,81],"product_tag":[],"class_list":{"0":"post-17736","1":"product","2":"type-product","3":"status-publish","4":"has-post-thumbnail","6":"product_cat-materiel-de-soudage","7":"product_cat-robotique-outil","9":"first","10":"instock","11":"shipping-taxable","12":"purchasable","13":"product-type-simple"},"_links":{"self":[{"href":"https:\/\/edukeytech.com\/en\/wp-json\/wp\/v2\/product\/17736","targetHints":{"allow":["GET"]}}],"collection":[{"href":"https:\/\/edukeytech.com\/en\/wp-json\/wp\/v2\/product"}],"about":[{"href":"https:\/\/edukeytech.com\/en\/wp-json\/wp\/v2\/types\/product"}],"replies":[{"embeddable":true,"href":"https:\/\/edukeytech.com\/en\/wp-json\/wp\/v2\/comments?post=17736"}],"version-history":[{"count":1,"href":"https:\/\/edukeytech.com\/en\/wp-json\/wp\/v2\/product\/17736\/revisions"}],"predecessor-version":[{"id":17738,"href":"https:\/\/edukeytech.com\/en\/wp-json\/wp\/v2\/product\/17736\/revisions\/17738"}],"wp:featuredmedia":[{"embeddable":true,"href":"https:\/\/edukeytech.com\/en\/wp-json\/wp\/v2\/media\/17737"}],"wp:attachment":[{"href":"https:\/\/edukeytech.com\/en\/wp-json\/wp\/v2\/media?parent=17736"}],"wp:term":[{"taxonomy":"product_brand","embeddable":true,"href":"https:\/\/edukeytech.com\/en\/wp-json\/wp\/v2\/product_brand?post=17736"},{"taxonomy":"product_cat","embeddable":true,"href":"https:\/\/edukeytech.com\/en\/wp-json\/wp\/v2\/product_cat?post=17736"},{"taxonomy":"product_tag","embeddable":true,"href":"https:\/\/edukeytech.com\/en\/wp-json\/wp\/v2\/product_tag?post=17736"}],"curies":[{"name":"wp","href":"https:\/\/api.w.org\/{rel}","templated":true}]}}