{"id":17732,"date":"2025-03-04T20:37:01","date_gmt":"2025-03-04T20:37:01","guid":{"rendered":"https:\/\/edukeytech.com\/?post_type=product&#038;p=17732"},"modified":"2025-03-04T20:37:02","modified_gmt":"2025-03-04T20:37:02","slug":"fer-a-souder-electrique-koocu-60w-220v-ac","status":"publish","type":"product","link":"https:\/\/edukeytech.com\/en\/product\/fer-a-souder-electrique-koocu-60w-220v-ac\/","title":{"rendered":"Fer \u00e0 Souder \u00c9lectrique Koocu 60W 220V AC"},"content":{"rendered":"<h3>Fer \u00e0 Souder \u00c9lectrique Koocu 60W 220V AC<\/h3>\n<p><strong>Le fer \u00e0 souder \u00e9lectrique Koocu 60W 220V AC est un outil de pr\u00e9cision con\u00e7u pour les applications de soudure \u00e9lectronique et de travaux manuels n\u00e9cessitant une temp\u00e9rature stable et contr\u00f4l\u00e9e. Dot\u00e9 d&rsquo;une puissance de 60W, il offre une chauffe rapide et uniforme, id\u00e9ale pour une utilisation prolong\u00e9e sans perte de performance. Gr\u00e2ce \u00e0 son alimentation en courant alternatif (220V AC), il est compatible avec les prises standards et assure une utilisation fiable dans divers environnements de travail. Sa pointe en m\u00e9tal de haute qualit\u00e9 permet des soudures fines et nettes, garantissant une excellente pr\u00e9cision pour les composants \u00e9lectroniques sensibles. Ce fer \u00e0 souder est \u00e9quip\u00e9 d\u2019un syst\u00e8me de prise en main ergonomique, assurant une manipulation confortable et une pr\u00e9cision accrue pour les techniciens et les hobbyistes. Il constitue un choix optimal pour ceux qui recherchent un outil efficace, durable et facile \u00e0 utiliser pour leurs projets de soudure.<\/strong><\/p>\n<p>&nbsp;<\/p>","protected":false},"excerpt":{"rendered":"<h3><strong>Le fer \u00e0 souder \u00e9lectrique Koocu 60W 220V AC est un outil de pr\u00e9cision con\u00e7u pour les applications de soudure \u00e9lectronique et de travaux manuels n\u00e9cessitant une temp\u00e9rature stable et contr\u00f4l\u00e9e. <\/strong><\/h3>","protected":false},"featured_media":17734,"comment_status":"open","ping_status":"closed","template":"","meta":{"_joinchat":[]},"product_brand":[],"product_cat":[110,81],"product_tag":[],"class_list":{"0":"post-17732","1":"product","2":"type-product","3":"status-publish","4":"has-post-thumbnail","6":"product_cat-materiel-de-soudage","7":"product_cat-robotique-outil","9":"first","10":"instock","11":"shipping-taxable","12":"purchasable","13":"product-type-simple"},"_links":{"self":[{"href":"https:\/\/edukeytech.com\/en\/wp-json\/wp\/v2\/product\/17732","targetHints":{"allow":["GET"]}}],"collection":[{"href":"https:\/\/edukeytech.com\/en\/wp-json\/wp\/v2\/product"}],"about":[{"href":"https:\/\/edukeytech.com\/en\/wp-json\/wp\/v2\/types\/product"}],"replies":[{"embeddable":true,"href":"https:\/\/edukeytech.com\/en\/wp-json\/wp\/v2\/comments?post=17732"}],"version-history":[{"count":1,"href":"https:\/\/edukeytech.com\/en\/wp-json\/wp\/v2\/product\/17732\/revisions"}],"predecessor-version":[{"id":17735,"href":"https:\/\/edukeytech.com\/en\/wp-json\/wp\/v2\/product\/17732\/revisions\/17735"}],"wp:featuredmedia":[{"embeddable":true,"href":"https:\/\/edukeytech.com\/en\/wp-json\/wp\/v2\/media\/17734"}],"wp:attachment":[{"href":"https:\/\/edukeytech.com\/en\/wp-json\/wp\/v2\/media?parent=17732"}],"wp:term":[{"taxonomy":"product_brand","embeddable":true,"href":"https:\/\/edukeytech.com\/en\/wp-json\/wp\/v2\/product_brand?post=17732"},{"taxonomy":"product_cat","embeddable":true,"href":"https:\/\/edukeytech.com\/en\/wp-json\/wp\/v2\/product_cat?post=17732"},{"taxonomy":"product_tag","embeddable":true,"href":"https:\/\/edukeytech.com\/en\/wp-json\/wp\/v2\/product_tag?post=17732"}],"curies":[{"name":"wp","href":"https:\/\/api.w.org\/{rel}","templated":true}]}}