{"id":17729,"date":"2025-03-04T20:31:16","date_gmt":"2025-03-04T20:31:16","guid":{"rendered":"https:\/\/edukeytech.com\/?post_type=product&#038;p=17729"},"modified":"2025-03-04T20:31:17","modified_gmt":"2025-03-04T20:31:17","slug":"fer-a-souder-electrique-goot-220v-ac","status":"publish","type":"product","link":"https:\/\/edukeytech.com\/en\/product\/fer-a-souder-electrique-goot-220v-ac\/","title":{"rendered":"Fer \u00e0 Souder \u00c9lectrique Goot 220V AC"},"content":{"rendered":"<h3>Fer \u00e0 Souder \u00c9lectrique Goot 220V AC<\/h3>\n<p><strong>Le fer \u00e0 souder \u00e9lectrique Goot 220V AC est un outil de haute pr\u00e9cision con\u00e7u pour des applications de soudure professionnelle. Il fonctionne \u00e0 une tension de 220V AC, offrant une puissance stable et optimale pour garantir des soudures propres et durables. Ce mod\u00e8le est \u00e9quip\u00e9 d\u2019une poign\u00e9e ergonomique permettant une prise en main confortable, id\u00e9ale pour les longues sessions de travail. La pointe de soudage est fabriqu\u00e9e \u00e0 partir de mat\u00e9riaux de qualit\u00e9 sup\u00e9rieure, assurant une excellente conductivit\u00e9 thermique et une dur\u00e9e de vie prolong\u00e9e. Gr\u00e2ce \u00e0 son temps de chauffe rapide et sa temp\u00e9rature de soudure constante, le fer \u00e0 souder Goot permet de r\u00e9aliser des soudures sur des composants \u00e9lectroniques d\u00e9licats, offrant ainsi une pr\u00e9cision maximale dans des environnements de production de haute technologie. Ce produit est un choix privil\u00e9gi\u00e9 pour les professionnels de la robotique, de l&rsquo;\u00e9lectronique et de l&rsquo;automatisation.<\/strong><\/p>","protected":false},"excerpt":{"rendered":"<p><strong>Le fer \u00e0 souder \u00e9lectrique Goot 220V AC est un outil de haute pr\u00e9cision con\u00e7u pour des applications de soudure professionnelle. <\/strong><\/p>","protected":false},"featured_media":17730,"comment_status":"open","ping_status":"closed","template":"","meta":{"_joinchat":[]},"product_brand":[],"product_cat":[110,81],"product_tag":[],"class_list":{"0":"post-17729","1":"product","2":"type-product","3":"status-publish","4":"has-post-thumbnail","6":"product_cat-materiel-de-soudage","7":"product_cat-robotique-outil","9":"first","10":"instock","11":"shipping-taxable","12":"purchasable","13":"product-type-simple"},"_links":{"self":[{"href":"https:\/\/edukeytech.com\/en\/wp-json\/wp\/v2\/product\/17729","targetHints":{"allow":["GET"]}}],"collection":[{"href":"https:\/\/edukeytech.com\/en\/wp-json\/wp\/v2\/product"}],"about":[{"href":"https:\/\/edukeytech.com\/en\/wp-json\/wp\/v2\/types\/product"}],"replies":[{"embeddable":true,"href":"https:\/\/edukeytech.com\/en\/wp-json\/wp\/v2\/comments?post=17729"}],"version-history":[{"count":1,"href":"https:\/\/edukeytech.com\/en\/wp-json\/wp\/v2\/product\/17729\/revisions"}],"predecessor-version":[{"id":17731,"href":"https:\/\/edukeytech.com\/en\/wp-json\/wp\/v2\/product\/17729\/revisions\/17731"}],"wp:featuredmedia":[{"embeddable":true,"href":"https:\/\/edukeytech.com\/en\/wp-json\/wp\/v2\/media\/17730"}],"wp:attachment":[{"href":"https:\/\/edukeytech.com\/en\/wp-json\/wp\/v2\/media?parent=17729"}],"wp:term":[{"taxonomy":"product_brand","embeddable":true,"href":"https:\/\/edukeytech.com\/en\/wp-json\/wp\/v2\/product_brand?post=17729"},{"taxonomy":"product_cat","embeddable":true,"href":"https:\/\/edukeytech.com\/en\/wp-json\/wp\/v2\/product_cat?post=17729"},{"taxonomy":"product_tag","embeddable":true,"href":"https:\/\/edukeytech.com\/en\/wp-json\/wp\/v2\/product_tag?post=17729"}],"curies":[{"name":"wp","href":"https:\/\/api.w.org\/{rel}","templated":true}]}}