{"id":17635,"date":"2025-03-03T22:46:56","date_gmt":"2025-03-03T22:46:56","guid":{"rendered":"https:\/\/edukeytech.com\/?post_type=product&#038;p=17635"},"modified":"2025-03-03T22:46:57","modified_gmt":"2025-03-03T22:46:57","slug":"diode-zener-1n5349b-12v-5w","status":"publish","type":"product","link":"https:\/\/edukeytech.com\/en\/product\/diode-zener-1n5349b-12v-5w\/","title":{"rendered":"Diode Zener -1N5349B- (12V ,5W)"},"content":{"rendered":"<p><strong>Diode Zener 1N5349B \u2013 12V, 5W<\/strong><\/p>\n<p><strong>La diode Zener 1N5349B est un composant \u00e9lectronique con\u00e7u pour stabiliser la tension et prot\u00e9ger les circuits \u00e9lectriques contre les surtensions. Avec une tension de r\u00e9gulation de 12V et une puissance de 5W, elle est id\u00e9ale pour une large gamme d\u2019applications en \u00e9lectronique, robotique et syst\u00e8mes d\u2019alimentation.<\/strong><\/p>\n<p><strong>Caract\u00e9ristiques techniques :<\/strong><\/p>\n<ul>\n<li><strong>Tension Zener nominale : 12V<\/strong><\/li>\n<li><strong>Puissance maximale dissip\u00e9e : 5W<\/strong><\/li>\n<li><strong>Tol\u00e9rance de tension : \u00b15%<\/strong><\/li>\n<li><strong>Courant de r\u00e9gulation optimal : Ajust\u00e9 pour une stabilisation efficace de la tension<\/strong><\/li>\n<li><strong>Bo\u00eetier : DO-201, offrant une robustesse m\u00e9canique et une dissipation thermique optimis\u00e9e<\/strong><\/li>\n<li><strong>Temp\u00e9rature de fonctionnement : -65\u00b0C \u00e0 +200\u00b0C, assurant une fiabilit\u00e9 en environnements difficiles<\/strong><\/li>\n<\/ul>\n<p><strong>Applications et avantages :<\/strong><\/p>\n<ul>\n<li><strong>Stabilisation de tension : Maintient une tension constante pour prot\u00e9ger les circuits sensibles.<\/strong><\/li>\n<li><strong>Protection contre les surtensions : Essentielle pour prot\u00e9ger les microcontr\u00f4leurs, capteurs et autres composants \u00e9lectroniques.<\/strong><\/li>\n<li><strong>R\u00e9gulation de tension dans les alimentations : Utilis\u00e9e pour limiter les variations de tension dans les alimentations DC.<\/strong><\/li>\n<li><strong>Fiabilit\u00e9 et robustesse : Capable de fonctionner dans des conditions extr\u00eames gr\u00e2ce \u00e0 sa conception optimis\u00e9e.<\/strong><\/li>\n<\/ul>","protected":false},"excerpt":{"rendered":"<p><strong>La diode Zener 1N5349B est un composant \u00e9lectronique con\u00e7u pour stabiliser la tension et prot\u00e9ger les circuits \u00e9lectriques contre les surtensions.<\/strong><\/p>","protected":false},"featured_media":17636,"comment_status":"open","ping_status":"closed","template":"","meta":{"_joinchat":[]},"product_brand":[],"product_cat":[84,117],"product_tag":[],"class_list":{"0":"post-17635","1":"product","2":"type-product","3":"status-publish","4":"has-post-thumbnail","6":"product_cat-composant-circuit","7":"product_cat-diodes","9":"first","10":"instock","11":"shipping-taxable","12":"purchasable","13":"product-type-simple"},"_links":{"self":[{"href":"https:\/\/edukeytech.com\/en\/wp-json\/wp\/v2\/product\/17635","targetHints":{"allow":["GET"]}}],"collection":[{"href":"https:\/\/edukeytech.com\/en\/wp-json\/wp\/v2\/product"}],"about":[{"href":"https:\/\/edukeytech.com\/en\/wp-json\/wp\/v2\/types\/product"}],"replies":[{"embeddable":true,"href":"https:\/\/edukeytech.com\/en\/wp-json\/wp\/v2\/comments?post=17635"}],"version-history":[{"count":1,"href":"https:\/\/edukeytech.com\/en\/wp-json\/wp\/v2\/product\/17635\/revisions"}],"predecessor-version":[{"id":17637,"href":"https:\/\/edukeytech.com\/en\/wp-json\/wp\/v2\/product\/17635\/revisions\/17637"}],"wp:featuredmedia":[{"embeddable":true,"href":"https:\/\/edukeytech.com\/en\/wp-json\/wp\/v2\/media\/17636"}],"wp:attachment":[{"href":"https:\/\/edukeytech.com\/en\/wp-json\/wp\/v2\/media?parent=17635"}],"wp:term":[{"taxonomy":"product_brand","embeddable":true,"href":"https:\/\/edukeytech.com\/en\/wp-json\/wp\/v2\/product_brand?post=17635"},{"taxonomy":"product_cat","embeddable":true,"href":"https:\/\/edukeytech.com\/en\/wp-json\/wp\/v2\/product_cat?post=17635"},{"taxonomy":"product_tag","embeddable":true,"href":"https:\/\/edukeytech.com\/en\/wp-json\/wp\/v2\/product_tag?post=17635"}],"curies":[{"name":"wp","href":"https:\/\/api.w.org\/{rel}","templated":true}]}}