{"id":17632,"date":"2025-03-03T22:44:10","date_gmt":"2025-03-03T22:44:10","guid":{"rendered":"https:\/\/edukeytech.com\/?post_type=product&#038;p=17632"},"modified":"2025-03-03T22:44:10","modified_gmt":"2025-03-03T22:44:10","slug":"diode-zener-1n5338-5-1v-5w","status":"publish","type":"product","link":"https:\/\/edukeytech.com\/en\/product\/diode-zener-1n5338-5-1v-5w\/","title":{"rendered":"Diode Zener-1N5338- ( 5.1V ,5W)"},"content":{"rendered":"<p><strong>Diode Zener 1N5338 \u2013 5.1V, 5W<\/strong><\/p>\n<p><strong>La diode Zener 1N5338 est un composant semi-conducteur con\u00e7u pour fournir une r\u00e9gulation de tension stable \u00e0 5.1V avec une puissance maximale de 5W. Elle est id\u00e9ale pour les applications n\u00e9cessitant une protection contre les surtensions, une r\u00e9gulation de tension pr\u00e9cise et la stabilisation des circuits \u00e9lectroniques sensibles.<\/strong><\/p>\n<p><strong>Caract\u00e9ristiques techniques :<\/strong><\/p>\n<ul>\n<li><strong>Tension Zener nominale : 5.1V<\/strong><\/li>\n<li><strong>Puissance dissip\u00e9e : 5W<\/strong><\/li>\n<li><strong>Tol\u00e9rance de tension : \u00b15%<\/strong><\/li>\n<li><strong>Courant de r\u00e9gulation : Adapt\u00e9 pour des applications de stabilisation de tension et de limitation de surtension<\/strong><\/li>\n<li><strong>Bo\u00eetier : DO-201, facilitant l\u2019int\u00e9gration dans divers circuits<\/strong><\/li>\n<li><strong>Temp\u00e9rature de fonctionnement : -65\u00b0C \u00e0 +200\u00b0C<\/strong><\/li>\n<\/ul>\n<p><strong>Applications et avantages :<\/strong><\/p>\n<ul>\n<li><strong>R\u00e9gulation de tension : Permet de maintenir une tension stable dans les circuits \u00e9lectroniques sensibles.<\/strong><\/li>\n<li><strong>Protection contre les surtensions : Utile pour prot\u00e9ger les microcontr\u00f4leurs, capteurs et autres composants \u00e9lectroniques contre les pics de tension.<\/strong><\/li>\n<li><strong>Conversion de puissance et alimentation : Employ\u00e9e dans les circuits d\u2019alimentation pour assurer une tension fixe et limiter les fluctuations.<\/strong><\/li>\n<li><strong>Durabilit\u00e9 et fiabilit\u00e9 : Con\u00e7ue pour r\u00e9sister \u00e0 des conditions de fonctionnement exigeantes avec une excellente dissipation thermique.<\/strong><\/li>\n<\/ul>\n<p>&nbsp;<\/p>","protected":false},"excerpt":{"rendered":"<p><strong>La diode Zener 1N5338 est un composant semi-conducteur con\u00e7u pour fournir une r\u00e9gulation de tension stable \u00e0 5.1V avec une puissance maximale de 5W.<\/strong><\/p>","protected":false},"featured_media":17633,"comment_status":"open","ping_status":"closed","template":"","meta":{"_joinchat":[]},"product_brand":[],"product_cat":[84,117],"product_tag":[],"class_list":{"0":"post-17632","1":"product","2":"type-product","3":"status-publish","4":"has-post-thumbnail","6":"product_cat-composant-circuit","7":"product_cat-diodes","9":"first","10":"instock","11":"shipping-taxable","12":"purchasable","13":"product-type-simple"},"_links":{"self":[{"href":"https:\/\/edukeytech.com\/en\/wp-json\/wp\/v2\/product\/17632","targetHints":{"allow":["GET"]}}],"collection":[{"href":"https:\/\/edukeytech.com\/en\/wp-json\/wp\/v2\/product"}],"about":[{"href":"https:\/\/edukeytech.com\/en\/wp-json\/wp\/v2\/types\/product"}],"replies":[{"embeddable":true,"href":"https:\/\/edukeytech.com\/en\/wp-json\/wp\/v2\/comments?post=17632"}],"version-history":[{"count":1,"href":"https:\/\/edukeytech.com\/en\/wp-json\/wp\/v2\/product\/17632\/revisions"}],"predecessor-version":[{"id":17634,"href":"https:\/\/edukeytech.com\/en\/wp-json\/wp\/v2\/product\/17632\/revisions\/17634"}],"wp:featuredmedia":[{"embeddable":true,"href":"https:\/\/edukeytech.com\/en\/wp-json\/wp\/v2\/media\/17633"}],"wp:attachment":[{"href":"https:\/\/edukeytech.com\/en\/wp-json\/wp\/v2\/media?parent=17632"}],"wp:term":[{"taxonomy":"product_brand","embeddable":true,"href":"https:\/\/edukeytech.com\/en\/wp-json\/wp\/v2\/product_brand?post=17632"},{"taxonomy":"product_cat","embeddable":true,"href":"https:\/\/edukeytech.com\/en\/wp-json\/wp\/v2\/product_cat?post=17632"},{"taxonomy":"product_tag","embeddable":true,"href":"https:\/\/edukeytech.com\/en\/wp-json\/wp\/v2\/product_tag?post=17632"}],"curies":[{"name":"wp","href":"https:\/\/api.w.org\/{rel}","templated":true}]}}