{"id":17628,"date":"2025-03-03T22:41:07","date_gmt":"2025-03-03T22:41:07","guid":{"rendered":"https:\/\/edukeytech.com\/?post_type=product&#038;p=17628"},"modified":"2025-03-03T22:41:08","modified_gmt":"2025-03-03T22:41:08","slug":"inductance-1w","status":"publish","type":"product","link":"https:\/\/edukeytech.com\/en\/product\/inductance-1w\/","title":{"rendered":"Inductance 1W"},"content":{"rendered":"<p><strong>Inductance 1W \u2013 Kit de 15 valeurs (2.2\u00b5H \u00e0 10mH)<\/strong><\/p>\n<p>Ce kit d\u2019inductances propose une s\u00e9lection de 15 valeurs, allant de <strong>2.2\u00b5H \u00e0 10mH<\/strong>, con\u00e7ues pour des applications en \u00e9lectronique et en circuits de filtrage, conversion d\u2019\u00e9nergie et r\u00e9sonance. Chaque inductance est con\u00e7ue pour une dissipation de <strong>1W<\/strong>, garantissant une performance stable dans des environnements exigeants.<\/p>\n<p><strong>Caract\u00e9ristiques techniques :<\/strong><\/p>\n<ul>\n<li><strong>Plage de valeurs disponibles<\/strong> : 2.2\u00b5H, 4.7\u00b5H, 10\u00b5H, 22\u00b5H, 47\u00b5H, 68\u00b5H, 100\u00b5H, 220\u00b5H, 330\u00b5H, 470\u00b5H, 680\u00b5H, 820\u00b5H, 1mH, 2.2mH, 3.3mH, 4.7mH, 10mH.<\/li>\n<li><strong>Puissance nominale<\/strong> : 1W<\/li>\n<li><strong>Tol\u00e9rance<\/strong> : Variable selon la valeur de l\u2019inductance<\/li>\n<li><strong>Applications<\/strong> : Filtres passe-haut et passe-bas, circuits d\u2019adaptation d\u2019imp\u00e9dance, r\u00e9gulateurs \u00e0 d\u00e9coupage, convertisseurs DC-DC, et circuits de r\u00e9sonance LC.<\/li>\n<\/ul>\n<p><strong>Avantages du produit :<\/strong><\/p>\n<ul>\n<li><strong>Polyvalence<\/strong> : Large gamme d\u2019inductances adapt\u00e9es \u00e0 diverses applications en \u00e9lectronique.<\/li>\n<li><strong>Qualit\u00e9 et fiabilit\u00e9<\/strong> : Composants con\u00e7us pour offrir une stabilit\u00e9 et une faible r\u00e9sistance s\u00e9rie (ESR).<\/li>\n<li><strong>Optimis\u00e9 pour les conceptions \u00e9lectroniques<\/strong> : Id\u00e9al pour les ing\u00e9nieurs et les techniciens souhaitant exp\u00e9rimenter diff\u00e9rentes configurations de circuits.<\/li>\n<\/ul>\n<p>&nbsp;<\/p>\n<p>&nbsp;<\/p>","protected":false},"excerpt":{"rendered":"<p>Inductance 1W \u2013 Kit de 15 valeurs (2.2\u00b5H \u00e0 10mH) Ce kit d\u2019inductances propose une s\u00e9lection de 15 valeurs, allant<\/p>","protected":false},"featured_media":17629,"comment_status":"open","ping_status":"closed","template":"","meta":{"_joinchat":[]},"product_brand":[],"product_cat":[84],"product_tag":[],"class_list":{"0":"post-17628","1":"product","2":"type-product","3":"status-publish","4":"has-post-thumbnail","6":"product_cat-composant-circuit","8":"first","9":"instock","10":"shipping-taxable","11":"purchasable","12":"product-type-simple"},"_links":{"self":[{"href":"https:\/\/edukeytech.com\/en\/wp-json\/wp\/v2\/product\/17628","targetHints":{"allow":["GET"]}}],"collection":[{"href":"https:\/\/edukeytech.com\/en\/wp-json\/wp\/v2\/product"}],"about":[{"href":"https:\/\/edukeytech.com\/en\/wp-json\/wp\/v2\/types\/product"}],"replies":[{"embeddable":true,"href":"https:\/\/edukeytech.com\/en\/wp-json\/wp\/v2\/comments?post=17628"}],"version-history":[{"count":2,"href":"https:\/\/edukeytech.com\/en\/wp-json\/wp\/v2\/product\/17628\/revisions"}],"predecessor-version":[{"id":17631,"href":"https:\/\/edukeytech.com\/en\/wp-json\/wp\/v2\/product\/17628\/revisions\/17631"}],"wp:featuredmedia":[{"embeddable":true,"href":"https:\/\/edukeytech.com\/en\/wp-json\/wp\/v2\/media\/17629"}],"wp:attachment":[{"href":"https:\/\/edukeytech.com\/en\/wp-json\/wp\/v2\/media?parent=17628"}],"wp:term":[{"taxonomy":"product_brand","embeddable":true,"href":"https:\/\/edukeytech.com\/en\/wp-json\/wp\/v2\/product_brand?post=17628"},{"taxonomy":"product_cat","embeddable":true,"href":"https:\/\/edukeytech.com\/en\/wp-json\/wp\/v2\/product_cat?post=17628"},{"taxonomy":"product_tag","embeddable":true,"href":"https:\/\/edukeytech.com\/en\/wp-json\/wp\/v2\/product_tag?post=17628"}],"curies":[{"name":"wp","href":"https:\/\/api.w.org\/{rel}","templated":true}]}}