{"id":17571,"date":"2025-03-03T20:43:35","date_gmt":"2025-03-03T20:43:35","guid":{"rendered":"https:\/\/edukeytech.com\/?post_type=product&#038;p=17571"},"modified":"2025-03-03T20:43:36","modified_gmt":"2025-03-03T20:43:36","slug":"diode-de-commutation-rapide-fr207-2a-1000v","status":"publish","type":"product","link":"https:\/\/edukeytech.com\/en\/product\/diode-de-commutation-rapide-fr207-2a-1000v\/","title":{"rendered":"Diode de Commutation Rapide -FR207 (2A ,1000V)"},"content":{"rendered":"<p><strong>Diode de Commutation Rapide FFR207 \u2013 2A, 1000V<\/strong><\/p>\n<p><strong>La FFR207 est une diode de commutation rapide en silicium, con\u00e7ue pour des applications de commutation haute vitesse n\u00e9cessitant une gestion efficace de courants et de tensions \u00e9lev\u00e9es. Capable de supporter un courant direct maximal de 2A et une tension inverse de 1000V, cette diode est id\u00e9ale pour les circuits de redressement, la protection contre les surtensions et la commutation rapide dans les syst\u00e8mes de puissance, l&rsquo;\u00e9lectronique de puissance et la robotique.<\/strong><\/p>\n<p><strong>\u00a0<\/strong><\/p>\n<p><strong>Caract\u00e9ristiques techniques :<\/strong><\/p>\n<p><strong>\u2705<\/strong><strong> Courant direct maximal (I\\\u2099) : 2A<\/strong><\/p>\n<p><strong>\u2705<\/strong><strong> Tension inverse maximale (V\\\u2099\u2098\u2090\u2093) : 1000V<\/strong><\/p>\n<p><strong>\u2705<\/strong><strong> Tension de seuil (V\\\u2092\u2099) : Environ 0.85V (Silicium)<\/strong><\/p>\n<p><strong>\u2705<\/strong><strong> Temps de r\u00e9cup\u00e9ration inverse (Trr) : 75ns (typique), permettant des transitions ultra-rapides<\/strong><\/p>\n<p><strong>\u2705<\/strong><strong> Capacit\u00e9 de cr\u00eate : Jusqu&rsquo;\u00e0 100A pour des pics de courant transitoires<\/strong><\/p>\n<p><strong>\u2705<\/strong><strong> Type de bo\u00eetier : DO-201AD<\/strong><\/p>\n<p><strong>\u2705<\/strong><strong> Plage de temp\u00e9rature de fonctionnement : -65\u00b0C \u00e0 +150\u00b0C<\/strong><\/p>\n<p><strong>\u00a0<\/strong><\/p>\n<p><strong>Applications :<\/strong><\/p>\n<p><strong>\ud83d\udd39<\/strong><strong> Commutation rapide dans des circuits de redressement haute fr\u00e9quence<\/strong><\/p>\n<p><strong>\ud83d\udd39<\/strong><strong> Protection contre les transitoires de haute \u00e9nergie dans les syst\u00e8mes de puissance et les convertisseurs<\/strong><\/p>\n<p><strong>\ud83d\udd39<\/strong><strong> Redressement haute fr\u00e9quence dans les alimentations \u00e0 d\u00e9coupage et les syst\u00e8mes embarqu\u00e9s<\/strong><\/p>\n<p><strong>\ud83d\udd39<\/strong><strong> Filtrage de bruit et suppression de parasites dans les \u00e9quipements \u00e9lectroniques de haute performance<\/strong><\/p>\n<p><strong>\ud83d\udd39<\/strong><strong> Automatisation et robotique, notamment pour des applications demandant des transitions rapides dans des circuits de commande de moteurs ou de convertisseurs de puissance<\/strong><\/p>\n<p><strong>\u00a0<\/strong><\/p>","protected":false},"excerpt":{"rendered":"<p><strong>La FFR207 est une diode de commutation rapide en silicium, con\u00e7ue pour des applications de commutation haute vitesse n\u00e9cessitant une gestion efficace de courants et de tensions \u00e9lev\u00e9es.<\/strong><\/p>","protected":false},"featured_media":17572,"comment_status":"open","ping_status":"closed","template":"","meta":{"_joinchat":[]},"product_brand":[],"product_cat":[84,117],"product_tag":[],"class_list":{"0":"post-17571","1":"product","2":"type-product","3":"status-publish","4":"has-post-thumbnail","6":"product_cat-composant-circuit","7":"product_cat-diodes","9":"first","10":"instock","11":"shipping-taxable","12":"purchasable","13":"product-type-simple"},"_links":{"self":[{"href":"https:\/\/edukeytech.com\/en\/wp-json\/wp\/v2\/product\/17571","targetHints":{"allow":["GET"]}}],"collection":[{"href":"https:\/\/edukeytech.com\/en\/wp-json\/wp\/v2\/product"}],"about":[{"href":"https:\/\/edukeytech.com\/en\/wp-json\/wp\/v2\/types\/product"}],"replies":[{"embeddable":true,"href":"https:\/\/edukeytech.com\/en\/wp-json\/wp\/v2\/comments?post=17571"}],"version-history":[{"count":1,"href":"https:\/\/edukeytech.com\/en\/wp-json\/wp\/v2\/product\/17571\/revisions"}],"predecessor-version":[{"id":17573,"href":"https:\/\/edukeytech.com\/en\/wp-json\/wp\/v2\/product\/17571\/revisions\/17573"}],"wp:featuredmedia":[{"embeddable":true,"href":"https:\/\/edukeytech.com\/en\/wp-json\/wp\/v2\/media\/17572"}],"wp:attachment":[{"href":"https:\/\/edukeytech.com\/en\/wp-json\/wp\/v2\/media?parent=17571"}],"wp:term":[{"taxonomy":"product_brand","embeddable":true,"href":"https:\/\/edukeytech.com\/en\/wp-json\/wp\/v2\/product_brand?post=17571"},{"taxonomy":"product_cat","embeddable":true,"href":"https:\/\/edukeytech.com\/en\/wp-json\/wp\/v2\/product_cat?post=17571"},{"taxonomy":"product_tag","embeddable":true,"href":"https:\/\/edukeytech.com\/en\/wp-json\/wp\/v2\/product_tag?post=17571"}],"curies":[{"name":"wp","href":"https:\/\/api.w.org\/{rel}","templated":true}]}}