{"id":17505,"date":"2025-03-02T22:12:05","date_gmt":"2025-03-02T22:12:05","guid":{"rendered":"https:\/\/edukeytech.com\/?post_type=product&#038;p=17505"},"modified":"2025-03-02T22:18:10","modified_gmt":"2025-03-02T22:18:10","slug":"condensateur-ceramique","status":"publish","type":"product","link":"https:\/\/edukeytech.com\/en\/product\/condensateur-ceramique\/","title":{"rendered":"Condensateur c\u00e9ramique"},"content":{"rendered":"<h5><strong>Condensateur c\u00e9ramique\u00a0<\/strong><\/h5>\n<p><strong>Ces condensateurs c\u00e9ramiques se caract\u00e9risent par des valeurs tr\u00e8s faibles de capacit\u00e9 de 1pF \u00e0 5pF , sont\u00a0 essentiels pour les applications haute fr\u00e9quence et RF, offrant une excellente stabilit\u00e9, de faibles pertes et une grande pr\u00e9cision dans le r\u00e9glage des circuits.<\/strong><\/p>\n<h5><strong> 1pF \u2013 2pF \u2013 3pF \u2013 5pF. <\/strong><\/h5>","protected":false},"excerpt":{"rendered":"<h5><strong>Condensateur c\u00e9ramique\u00a0<\/strong><\/h5>\n<h5><strong> 1pF \u2013 2pF \u2013 3pF \u2013 5pF.<\/strong><\/h5>","protected":false},"featured_media":17506,"comment_status":"open","ping_status":"closed","template":"","meta":{"_joinchat":[]},"product_brand":[],"product_cat":[84,115],"product_tag":[],"class_list":{"0":"post-17505","1":"product","2":"type-product","3":"status-publish","4":"has-post-thumbnail","6":"product_cat-composant-circuit","7":"product_cat-condensateurs","9":"first","10":"instock","11":"shipping-taxable","12":"product-type-variable"},"_links":{"self":[{"href":"https:\/\/edukeytech.com\/en\/wp-json\/wp\/v2\/product\/17505","targetHints":{"allow":["GET"]}}],"collection":[{"href":"https:\/\/edukeytech.com\/en\/wp-json\/wp\/v2\/product"}],"about":[{"href":"https:\/\/edukeytech.com\/en\/wp-json\/wp\/v2\/types\/product"}],"replies":[{"embeddable":true,"href":"https:\/\/edukeytech.com\/en\/wp-json\/wp\/v2\/comments?post=17505"}],"version-history":[{"count":1,"href":"https:\/\/edukeytech.com\/en\/wp-json\/wp\/v2\/product\/17505\/revisions"}],"predecessor-version":[{"id":17508,"href":"https:\/\/edukeytech.com\/en\/wp-json\/wp\/v2\/product\/17505\/revisions\/17508"}],"wp:featuredmedia":[{"embeddable":true,"href":"https:\/\/edukeytech.com\/en\/wp-json\/wp\/v2\/media\/17506"}],"wp:attachment":[{"href":"https:\/\/edukeytech.com\/en\/wp-json\/wp\/v2\/media?parent=17505"}],"wp:term":[{"taxonomy":"product_brand","embeddable":true,"href":"https:\/\/edukeytech.com\/en\/wp-json\/wp\/v2\/product_brand?post=17505"},{"taxonomy":"product_cat","embeddable":true,"href":"https:\/\/edukeytech.com\/en\/wp-json\/wp\/v2\/product_cat?post=17505"},{"taxonomy":"product_tag","embeddable":true,"href":"https:\/\/edukeytech.com\/en\/wp-json\/wp\/v2\/product_tag?post=17505"}],"curies":[{"name":"wp","href":"https:\/\/api.w.org\/{rel}","templated":true}]}}