{"id":17498,"date":"2025-03-02T21:50:39","date_gmt":"2025-03-02T21:50:39","guid":{"rendered":"https:\/\/edukeytech.com\/?post_type=product&#038;p=17498"},"modified":"2025-03-02T21:53:01","modified_gmt":"2025-03-02T21:53:01","slug":"resistance-1-4w-precision-1-x5","status":"publish","type":"product","link":"https:\/\/edukeytech.com\/en\/product\/resistance-1-4w-precision-1-x5\/","title":{"rendered":"R\u00e9sistance 1\/4W Pr\u00e9cision 1% x5"},"content":{"rendered":"<p><strong>R\u00e9sistance 1\/4W, vous pouvez choisir entre 30 valeurs de 10\u03a9 \u00e0 10M, avec haute Pr\u00e9cision 1%, vendus par paquets, chacun contient 5 r\u00e9sistances.<\/strong><\/p>\n<p><strong>Puissance: 1\/4W<\/strong><br \/>\n<strong>Pr\u00e9cision: 1%<\/strong><br \/>\n<strong>Valeurs:<\/strong><\/p>\n<p><strong>10R -22R \u2013 47R \u2013 100- 150 \u2013 200 \u2013 220 &#8211; 270 \u2013 330 \u2013 470 \u2013 510 \u2013 680 \u2013 1K \u2013 2K \u2013 2,2K \u2013 3,3k \u2013 4,7K \u2013 5,1k \u2013 6,8k \u2013 10 k &#8211; 20 k \u2013 47K \u2013 51k \u2013 68k -100k \u2013 220k \u2013 300k \u2013 470k-680k \u2013 1MK <\/strong><\/p>","protected":false},"excerpt":{"rendered":"<h5>R\u00e9sistance 1\/4W Pr\u00e9cision 1% x5<\/h5>","protected":false},"featured_media":17503,"comment_status":"open","ping_status":"closed","template":"","meta":{"_joinchat":[]},"product_brand":[],"product_cat":[84,114],"product_tag":[],"class_list":{"0":"post-17498","1":"product","2":"type-product","3":"status-publish","4":"has-post-thumbnail","6":"product_cat-composant-circuit","7":"product_cat-resistances","9":"first","10":"instock","11":"shipping-taxable","12":"purchasable","13":"product-type-simple"},"_links":{"self":[{"href":"https:\/\/edukeytech.com\/en\/wp-json\/wp\/v2\/product\/17498","targetHints":{"allow":["GET"]}}],"collection":[{"href":"https:\/\/edukeytech.com\/en\/wp-json\/wp\/v2\/product"}],"about":[{"href":"https:\/\/edukeytech.com\/en\/wp-json\/wp\/v2\/types\/product"}],"replies":[{"embeddable":true,"href":"https:\/\/edukeytech.com\/en\/wp-json\/wp\/v2\/comments?post=17498"}],"version-history":[{"count":2,"href":"https:\/\/edukeytech.com\/en\/wp-json\/wp\/v2\/product\/17498\/revisions"}],"predecessor-version":[{"id":17504,"href":"https:\/\/edukeytech.com\/en\/wp-json\/wp\/v2\/product\/17498\/revisions\/17504"}],"wp:featuredmedia":[{"embeddable":true,"href":"https:\/\/edukeytech.com\/en\/wp-json\/wp\/v2\/media\/17503"}],"wp:attachment":[{"href":"https:\/\/edukeytech.com\/en\/wp-json\/wp\/v2\/media?parent=17498"}],"wp:term":[{"taxonomy":"product_brand","embeddable":true,"href":"https:\/\/edukeytech.com\/en\/wp-json\/wp\/v2\/product_brand?post=17498"},{"taxonomy":"product_cat","embeddable":true,"href":"https:\/\/edukeytech.com\/en\/wp-json\/wp\/v2\/product_cat?post=17498"},{"taxonomy":"product_tag","embeddable":true,"href":"https:\/\/edukeytech.com\/en\/wp-json\/wp\/v2\/product_tag?post=17498"}],"curies":[{"name":"wp","href":"https:\/\/api.w.org\/{rel}","templated":true}]}}