{"id":17253,"date":"2025-03-01T18:00:35","date_gmt":"2025-03-01T18:00:35","guid":{"rendered":"https:\/\/edukeytech.com\/?post_type=product&#038;p=17253"},"modified":"2025-03-01T18:02:09","modified_gmt":"2025-03-01T18:02:09","slug":"shield-de-prototype-a-breadboard-pour-mega","status":"publish","type":"product","link":"https:\/\/edukeytech.com\/en\/product\/shield-de-prototype-a-breadboard-pour-mega\/","title":{"rendered":"Shield de Prototype \u00e0 breadboard pour Mega"},"content":{"rendered":"<p>Le <strong>Shield de Prototypage pour Arduino M\u00e9ga<\/strong>\u00a0est un accessoire essentiel pour les d\u00e9veloppeurs et les ing\u00e9nieurs souhaitant exp\u00e9rimenter et tester rapidement leurs circuits \u00e9lectroniques. Con\u00e7u pour simplifier le prototypage, il offre une plateforme pratique pour <strong>assembler des composants \u00e9lectroniques<\/strong> sans n\u00e9cessiter de c\u00e2blage complexe.<\/p>\n<p>Ce shield se monte directement sur une carte <strong>Arduino M\u00e9ga<\/strong>\u00a0et dispose d\u2019une <strong>mini breadboard amovible<\/strong> qui permet d\u2019effectuer des tests rapides et de modifier facilement un circuit avant de proc\u00e9der \u00e0 une soudure d\u00e9finitive. Gr\u00e2ce \u00e0 ses <strong>pastilles de soudure<\/strong>, il est \u00e9galement possible de <strong>fixer des composants \u00e9lectroniques<\/strong> directement sur la carte pour des montages plus permanents.<\/p>\n<p><strong>Caract\u00e9ristiques Techniques<\/strong><\/p>\n<p>\u2714 <strong>Compatibilit\u00e9<\/strong> : Compatible avec <strong>Arduino Uno, Mega, Leonardo et autres cartes avec le m\u00eame format<\/strong><br \/>\n\u2714 <strong>Mini breadboard incluse<\/strong> : Permet un <strong>assemblage rapide<\/strong> sans soudure<br \/>\n\u2714 <strong>Zones de prototypage<\/strong> : Espace d\u00e9di\u00e9 \u00e0 la <strong>soudure de composants<\/strong> pour des montages permanents<br \/>\n\u2714 <strong>Connecteurs empilables<\/strong> : Possibilit\u00e9 d\u2019ajouter d\u2019autres shields pour \u00e9tendre les fonctionnalit\u00e9s<br \/>\n\u2714 <strong>Distribution des signaux<\/strong> : Acc\u00e8s direct aux <strong>broches d\u2019alimentation (5V, 3.3V, GND) et aux entr\u00e9es\/sorties num\u00e9riques et analogiques<\/strong><br \/>\n\u2714 <strong>Surface adh\u00e9sive<\/strong> : La breadboard est fix\u00e9e via une <strong>adh\u00e9sion double face<\/strong>, permettant un retrait facile en cas de besoin<br \/>\n\u2714 <strong>Id\u00e9al pour les tests et le d\u00e9veloppement rapide<\/strong><\/p>\n<p>&nbsp;<\/p>\n<p>&nbsp;<\/p>\n<p>&nbsp;<\/p>\n<p>&nbsp;<\/p>\n<p>&nbsp;<\/p>\n<p>&nbsp;<\/p>\n<p>&nbsp;<\/p>\n<p>&nbsp;<\/p>\n<p>&nbsp;<\/p>\n<p>&nbsp;<\/p>\n<p>&nbsp;<\/p>\n<p>&nbsp;<\/p>\n<p>&nbsp;<\/p>\n<p>&nbsp;<\/p>\n<p>&nbsp;<\/p>\n<p>&nbsp;<\/p>\n<p>&nbsp;<\/p>\n<p>&nbsp;<\/p>","protected":false},"excerpt":{"rendered":"<p>Le <strong>Shield de Prototypage pour Arduino m\u00e9ga<\/strong>\u00a0est un accessoire essentiel pour les d\u00e9veloppeurs et les ing\u00e9nieurs souhaitant exp\u00e9rimenter et tester rapidement leurs circuits \u00e9lectroniques.<\/p>","protected":false},"featured_media":17257,"comment_status":"open","ping_status":"closed","template":"","meta":{"_joinchat":[]},"product_brand":[],"product_cat":[161],"product_tag":[],"class_list":{"0":"post-17253","1":"product","2":"type-product","3":"status-publish","4":"has-post-thumbnail","6":"product_cat-capteurs","8":"first","9":"instock","10":"shipping-taxable","11":"purchasable","12":"product-type-simple"},"_links":{"self":[{"href":"https:\/\/edukeytech.com\/en\/wp-json\/wp\/v2\/product\/17253","targetHints":{"allow":["GET"]}}],"collection":[{"href":"https:\/\/edukeytech.com\/en\/wp-json\/wp\/v2\/product"}],"about":[{"href":"https:\/\/edukeytech.com\/en\/wp-json\/wp\/v2\/types\/product"}],"replies":[{"embeddable":true,"href":"https:\/\/edukeytech.com\/en\/wp-json\/wp\/v2\/comments?post=17253"}],"version-history":[{"count":1,"href":"https:\/\/edukeytech.com\/en\/wp-json\/wp\/v2\/product\/17253\/revisions"}],"predecessor-version":[{"id":17254,"href":"https:\/\/edukeytech.com\/en\/wp-json\/wp\/v2\/product\/17253\/revisions\/17254"}],"wp:featuredmedia":[{"embeddable":true,"href":"https:\/\/edukeytech.com\/en\/wp-json\/wp\/v2\/media\/17257"}],"wp:attachment":[{"href":"https:\/\/edukeytech.com\/en\/wp-json\/wp\/v2\/media?parent=17253"}],"wp:term":[{"taxonomy":"product_brand","embeddable":true,"href":"https:\/\/edukeytech.com\/en\/wp-json\/wp\/v2\/product_brand?post=17253"},{"taxonomy":"product_cat","embeddable":true,"href":"https:\/\/edukeytech.com\/en\/wp-json\/wp\/v2\/product_cat?post=17253"},{"taxonomy":"product_tag","embeddable":true,"href":"https:\/\/edukeytech.com\/en\/wp-json\/wp\/v2\/product_tag?post=17253"}],"curies":[{"name":"wp","href":"https:\/\/api.w.org\/{rel}","templated":true}]}}