{"id":17148,"date":"2025-02-26T23:12:50","date_gmt":"2025-02-26T23:12:50","guid":{"rendered":"https:\/\/edukeytech.com\/?post_type=product&#038;p=17148"},"modified":"2025-02-27T09:25:44","modified_gmt":"2025-02-27T09:25:44","slug":"carte-rfid-125khz-em4305-tk5577","status":"publish","type":"product","link":"https:\/\/edukeytech.com\/en\/product\/carte-rfid-125khz-em4305-tk5577\/","title":{"rendered":"Carte Rfid 125Khz EM4305, TK5577"},"content":{"rendered":"<p>Carte RFID 125 kHz \u2013 EM4305 \/ TK5577 (Lecture &amp; \u00c9criture)<\/p>\n<p>La carte RFID 125 kHz EM4305 \/ TK5577 est une solution avanc\u00e9e permettant \u00e0 la fois la lecture et l\u2019\u00e9criture des donn\u00e9es, ce qui la distingue des cartes RFID en lecture seule. Elle est id\u00e9ale pour les applications n\u00e9cessitant une mise \u00e0 jour des informations stock\u00e9es, comme la gestion d&rsquo;acc\u00e8s dynamique, la billetterie, le suivi logistique et les syst\u00e8mes de contr\u00f4le d\u2019identit\u00e9.<\/p>\n<p>&nbsp;<\/p>\n<p><strong>Caract\u00e9ristiques Techniques<\/strong><\/p>\n<p>Sp\u00e9cification\u00a0\u00a0\u00a0\u00a0\u00a0 \u00a0\u00a0\u00a0\u00a0\u00a0\u00a0\u00a0\u00a0\u00a0\u00a0\u00a0\u00a0\u00a0\u00a0\u00a0\u00a0\u00a0\u00a0\u00a0\u00a0\u00a0\u00a0\u00a0\u00a0\u00a0\u00a0\u00a0\u00a0\u00a0\u00a0\u00a0\u00a0\u00a0\u00a0\u00a0\u00a0\u00a0\u00a0\u00a0\u00a0\u00a0\u00a0\u00a0\u00a0\u00a0\u00a0 Valeur<\/p>\n<p>Type de carte\u00a0\u00a0\u00a0\u00a0 \u00a0\u00a0\u00a0\u00a0\u00a0\u00a0\u00a0\u00a0\u00a0\u00a0\u00a0\u00a0\u00a0\u00a0\u00a0\u00a0\u00a0\u00a0\u00a0\u00a0\u00a0\u00a0\u00a0\u00a0\u00a0\u00a0\u00a0\u00a0\u00a0\u00a0\u00a0\u00a0\u00a0\u00a0\u00a0\u00a0\u00a0\u00a0\u00a0\u00a0\u00a0\u00a0\u00a0\u00a0\u00a0\u00a0 ID EM4305, TK5577 (Lecture &amp; \u00c9criture, R\u00e9inscriptible)<\/p>\n<p>Fr\u00e9quence de fonctionnement\u00a0 \u00a0\u00a0\u00a0\u00a0\u00a0\u00a0\u00a0\u00a0\u00a0\u00a0\u00a0\u00a0\u00a0\u00a0\u00a0\u00a0\u00a0\u00a0\u00a0\u00a0\u00a0\u00a0\u00a0\u00a0\u00a0\u00a0\u00a0\u00a0\u00a0\u00a0 125 kHz<\/p>\n<p>Technologie\u00a0\u00a0\u00a0\u00a0\u00a0\u00a0\u00a0 \u00a0\u00a0\u00a0\u00a0\u00a0\u00a0\u00a0\u00a0\u00a0\u00a0\u00a0\u00a0\u00a0\u00a0\u00a0\u00a0\u00a0\u00a0\u00a0\u00a0\u00a0\u00a0\u00a0\u00a0\u00a0\u00a0\u00a0\u00a0\u00a0\u00a0\u00a0\u00a0\u00a0\u00a0\u00a0\u00a0\u00a0\u00a0\u00a0\u00a0\u00a0\u00a0\u00a0\u00a0\u00a0\u00a0 RFID passive (sans batterie)<\/p>\n<p>M\u00e9moire\u00a0\u00a0\u00a0\u00a0\u00a0\u00a0\u00a0\u00a0\u00a0\u00a0\u00a0\u00a0 \u00a0\u00a0\u00a0\u00a0\u00a0\u00a0\u00a0\u00a0\u00a0\u00a0\u00a0\u00a0\u00a0\u00a0\u00a0\u00a0\u00a0\u00a0\u00a0\u00a0\u00a0\u00a0\u00a0\u00a0\u00a0\u00a0\u00a0\u00a0\u00a0\u00a0\u00a0\u00a0\u00a0\u00a0\u00a0\u00a0\u00a0\u00a0\u00a0\u00a0\u00a0\u00a0\u00a0\u00a0\u00a0\u00a0 Programmable &amp; effa\u00e7able<\/p>\n<p>Distance de lecture\u00a0\u00a0\u00a0\u00a0\u00a0\u00a0\u00a0\u00a0 \u00a0\u00a0\u00a0\u00a0\u00a0\u00a0\u00a0\u00a0\u00a0\u00a0\u00a0\u00a0\u00a0\u00a0\u00a0\u00a0\u00a0\u00a0\u00a0\u00a0\u00a0\u00a0\u00a0\u00a0\u00a0\u00a0\u00a0\u00a0\u00a0\u00a0 2,5 ~ 10 cm (variable selon le lecteur)<\/p>\n<p>Multi-d\u00e9tection\u00a0\u00a0\u00a0\u00a0\u00a0\u00a0\u00a0\u00a0\u00a0\u00a0\u00a0\u00a0\u00a0\u00a0\u00a0 \u00a0\u00a0\u00a0\u00a0\u00a0\u00a0\u00a0\u00a0\u00a0\u00a0\u00a0\u00a0\u00a0\u00a0\u00a0\u00a0\u00a0\u00a0\u00a0\u00a0\u00a0\u00a0\u00a0\u00a0\u00a0\u00a0\u00a0\u00a0\u00a0\u00a0\u00a0\u00a0\u00a0\u00a0\u00a0\u00a0\u00a0\u00a0\u00a0\u00a0\u00a0\u00a0\u00a0\u00a0\u00a0\u00a0\u00a0\u00a0\u00a0\u00a0\u00a0\u00a0\u00a0\u00a0\u00a0\u00a0\u00a0\u00a0\u00a0\u00a0\u00a0\u00a0 Oui<\/p>\n<p>Mat\u00e9riau\u00a0\u00a0\u00a0\u00a0\u00a0\u00a0\u00a0\u00a0\u00a0\u00a0\u00a0\u00a0 \u00a0\u00a0\u00a0\u00a0\u00a0\u00a0\u00a0\u00a0\u00a0\u00a0\u00a0\u00a0\u00a0\u00a0\u00a0\u00a0\u00a0\u00a0\u00a0\u00a0\u00a0\u00a0\u00a0\u00a0\u00a0\u00a0\u00a0\u00a0\u00a0\u00a0\u00a0\u00a0\u00a0\u00a0\u00a0\u00a0\u00a0\u00a0\u00a0\u00a0\u00a0\u00a0\u00a0\u00a0\u00a0\u00a0 PVC, haute r\u00e9sistance<\/p>\n<p>Dimensions\u00a0\u00a0\u00a0\u00a0\u00a0\u00a0\u00a0 \u00a0\u00a0\u00a0\u00a0\u00a0\u00a0\u00a0\u00a0\u00a0\u00a0\u00a0\u00a0\u00a0\u00a0\u00a0\u00a0\u00a0\u00a0\u00a0\u00a0\u00a0\u00a0\u00a0\u00a0\u00a0\u00a0\u00a0\u00a0\u00a0\u00a0\u00a0\u00a0\u00a0\u00a0\u00a0\u00a0\u00a0\u00a0\u00a0\u00a0\u00a0\u00a0\u00a0\u00a0\u00a0\u00a0 86 x 54 x 0,8 mm (format carte bancaire)<\/p>\n<p>Poids\u00a0\u00a0\u00a0\u00a0\u00a0\u00a0\u00a0\u00a0\u00a0\u00a0\u00a0\u00a0\u00a0\u00a0\u00a0\u00a0\u00a0\u00a0\u00a0\u00a0\u00a0\u00a0\u00a0\u00a0\u00a0\u00a0\u00a0\u00a0\u00a0\u00a0\u00a0\u00a0\u00a0\u00a0\u00a0\u00a0\u00a0\u00a0\u00a0\u00a0\u00a0\u00a0\u00a0\u00a0\u00a0\u00a0\u00a0\u00a0\u00a0\u00a0\u00a0 \u00a0\u00a0\u00a0\u00a0\u00a0\u00a0\u00a0\u00a0\u00a0\u00a0\u00a0\u00a0\u00a0\u00a0\u00a0 5 g \u00b1 0,5 g<\/p>\n<p>Conformit\u00e9\u00a0\u00a0\u00a0\u00a0\u00a0\u00a0\u00a0\u00a0\u00a0\u00a0\u00a0\u00a0\u00a0\u00a0\u00a0\u00a0\u00a0\u00a0\u00a0\u00a0\u00a0\u00a0\u00a0\u00a0\u00a0\u00a0\u00a0\u00a0\u00a0\u00a0\u00a0\u00a0\u00a0\u00a0\u00a0\u00a0\u00a0\u00a0\u00a0 \u00a0\u00a0\u00a0\u00a0\u00a0\u00a0\u00a0\u00a0\u00a0\u00a0\u00a0\u00a0\u00a0\u00a0\u00a0 EM4100, EM4200, ISO 11784\/11785<\/p>\n<p>Protection\u00a0\u00a0\u00a0\u00a0\u00a0\u00a0\u00a0\u00a0\u00a0 \u00a0\u00a0\u00a0\u00a0\u00a0\u00a0\u00a0\u00a0\u00a0\u00a0\u00a0\u00a0\u00a0\u00a0\u00a0\u00a0\u00a0\u00a0\u00a0\u00a0\u00a0\u00a0\u00a0\u00a0\u00a0\u00a0\u00a0\u00a0\u00a0\u00a0\u00a0\u00a0\u00a0\u00a0\u00a0\u00a0\u00a0\u00a0\u00a0\u00a0\u00a0\u00a0\u00a0\u00a0\u00a0\u00a0 \u00c9tanche et anti-poussi\u00e8re<\/p>\n<p>R\u00e9sistance chimique\u00a0\u00a0\u00a0\u00a0\u00a0\u00a0 \u00a0\u00a0\u00a0\u00a0\u00a0\u00a0\u00a0\u00a0\u00a0\u00a0\u00a0\u00a0\u00a0\u00a0\u00a0\u00a0\u00a0\u00a0\u00a0\u00a0\u00a0\u00a0\u00a0\u00a0\u00a0\u00a0\u00a0\u00a0\u00a0\u00a0 Eau sal\u00e9e, alcool, huile, 10% HCL, ammoniac<\/p>\n<p>Temp\u00e9rature de fonctionnement\u00a0\u00a0\u00a0\u00a0\u00a0\u00a0\u00a0\u00a0\u00a0\u00a0\u00a0\u00a0 -25 \u00b0C \u00e0 +70 \u00b0C<\/p>\n<p>&nbsp;<\/p>\n<p>&nbsp;<\/p>\n<p><strong>Technologie &amp; Fonctionnement<\/strong><\/p>\n<p>Contrairement aux cartes RFID en lecture seule, la EM4305 \/ TK5577 est enti\u00e8rement r\u00e9inscriptible. Elle peut \u00eatre utilis\u00e9e pour stocker et modifier des informations personnalis\u00e9es, ce qui permet une flexibilit\u00e9 accrue dans des applications \u00e9volutives.<\/p>\n<p>&nbsp;<\/p>\n<p>Le protocole de communication ISO 11784\/11785 garantit une compatibilit\u00e9 \u00e9tendue avec de nombreux lecteurs RFID 125 kHz utilis\u00e9s dans l\u2019industrie, la s\u00e9curit\u00e9 et les syst\u00e8mes d\u2019identification.<\/p>\n<p>&nbsp;<\/p>\n<p>Sa capacit\u00e9 \u00e0 \u00eatre effac\u00e9e et reprogramm\u00e9e en fait une alternative \u00e9conomique et durable aux cartes RFID classiques.<\/p>\n<p>&nbsp;<\/p>\n<p><strong>Avantages et Points Cl\u00e9s<\/strong><\/p>\n<ol>\n<li><strong> Lecture &amp; \u00c9criture \u2013 Flexibilit\u00e9 Maximale <\/strong><strong>\ud83d\udd04<\/strong><\/li>\n<\/ol>\n<p>\u2705 Programmable et r\u00e9inscriptible, permettant la mise \u00e0 jour des donn\u00e9es stock\u00e9es.<\/p>\n<p>\u2705 ID unique configurable, adaptable aux besoins des utilisateurs.<\/p>\n<p>\u2705 Id\u00e9ale pour les syst\u00e8mes d&rsquo;acc\u00e8s \u00e9volutifs et les applications n\u00e9cessitant un stockage dynamique.<\/p>\n<p>&nbsp;<\/p>\n<ol start=\"2\">\n<li><strong> S\u00e9curit\u00e9 &amp; Fiabilit\u00e9 <\/strong><strong>\ud83d\udd12<\/strong><\/li>\n<\/ol>\n<p>\u2705 Cryptage des donn\u00e9es pour une authentification renforc\u00e9e.<\/p>\n<p>\u2705 Technologie passive RFID, sans besoin de batterie, garantissant une long\u00e9vit\u00e9 maximale.<\/p>\n<p>\u2705 Protection \u00e9tanche &amp; anti-poussi\u00e8re, adapt\u00e9e aux environnements exigeants.<\/p>\n<p>&nbsp;<\/p>\n<ol start=\"3\">\n<li><strong> Compatibilit\u00e9 \u00c9tendue &amp; Facilit\u00e9 d\u2019Int\u00e9gration <\/strong><strong>\ud83d\udd17<\/strong><\/li>\n<\/ol>\n<p>\u2705 Compatible avec de nombreux lecteurs RFID 125 kHz (EM4100, EM4200, etc.).<\/p>\n<p>\u2705 Int\u00e9gration simple avec Arduino, Raspberry Pi, ESP8266, ESP32 et autres plateformes embarqu\u00e9es.<\/p>\n<p>\u2705 Utilisation possible avec des logiciels de gestion d\u2019acc\u00e8s et de tra\u00e7abilit\u00e9.<\/p>\n<p>&nbsp;<\/p>\n<ol start=\"4\">\n<li><strong> Applications Polyvalentes <\/strong><strong>\ud83c\udfaf<\/strong><\/li>\n<\/ol>\n<p>\u2705 Contr\u00f4le d&rsquo;acc\u00e8s \u00e9volutif (modification des autorisations \u00e0 distance).<\/p>\n<p>\u2705 Gestion de temps et de pr\u00e9sence (pointage des employ\u00e9s avec mise \u00e0 jour des donn\u00e9es).<\/p>\n<p>\u2705 Suivi logistique et inventaire (stockage des informations directement sur la carte).<\/p>\n<p>\u2705 Syst\u00e8mes de billetterie r\u00e9inscriptibles (cartes rechargeables et personnalisables).<\/p>\n<p>\u2705 Applications industrielles et domotiques (syst\u00e8mes de verrouillage intelligent, identification dynamique).<\/p>\n<p><strong>Utilisation avec Arduino &amp; un Lecteur RFID 125 kHz<\/strong><\/p>\n<p>Pour lire et \u00e9crire sur la carte EM4305 \/ TK5577, un lecteur RFID compatible est n\u00e9cessaire, comme le RDM6300 ou le lecteur RFID RW1990.<\/p>\n<p><strong>Exemple de connexion avec un module RFID RDM6300 sur Arduino<\/strong><\/p>\n<p>Broche RDM6300\u00a0\u00a0\u00a0\u00a0\u00a0\u00a0\u00a0\u00a0\u00a0\u00a0 Connexion Arduino<\/p>\n<p>VCC\u00a0\u00a0\u00a0\u00a0\u00a0 \u00a0\u00a0\u00a0\u00a0\u00a0\u00a0\u00a0\u00a0\u00a0\u00a0\u00a0\u00a0\u00a0\u00a0\u00a0\u00a0 \u00a0\u00a0\u00a0\u00a0\u00a0\u00a0\u00a0\u00a0\u00a0\u00a0\u00a0\u00a0\u00a0\u00a0\u00a0 5V<\/p>\n<p>GND\u00a0\u00a0\u00a0\u00a0\u00a0 \u00a0\u00a0\u00a0\u00a0\u00a0\u00a0\u00a0\u00a0\u00a0\u00a0\u00a0\u00a0\u00a0\u00a0\u00a0\u00a0\u00a0\u00a0\u00a0\u00a0\u00a0\u00a0\u00a0\u00a0\u00a0\u00a0\u00a0\u00a0\u00a0\u00a0 GND<\/p>\n<p>TX\u00a0\u00a0\u00a0\u00a0\u00a0\u00a0\u00a0\u00a0\u00a0\u00a0 \u00a0\u00a0\u00a0\u00a0\u00a0\u00a0\u00a0\u00a0\u00a0\u00a0\u00a0\u00a0\u00a0\u00a0\u00a0 \u00a0\u00a0\u00a0 RX (Pin 2 ou 3 selon configuration)<\/p>\n<p>Exemple de code pour lire et \u00e9crire un ID sur la carte RFID<\/p>\n<p>#include &lt;SoftwareSerial.h&gt;<\/p>\n<p>SoftwareSerial RFID(2, 3); \/\/ RX, TX<\/p>\n<p>void setup() {<\/p>\n<p>Serial.begin(9600);<\/p>\n<p>RFID.begin(9600);<\/p>\n<p>Serial.println(\u00ab\u00a0En attente d&rsquo;une carte&#8230;\u00a0\u00bb);<\/p>\n<p>}<\/p>\n<p>void loop() {<\/p>\n<p>if (RFID.available()) {<\/p>\n<p>String tag = \u00ab\u00a0\u00a0\u00bb;<\/p>\n<p>while (RFID.available()) {<\/p>\n<p>char c = RFID.read();<\/p>\n<p>tag += c;<\/p>\n<p>}<\/p>\n<p>Serial.print(\u00ab\u00a0Carte d\u00e9tect\u00e9e : \u00ab\u00a0);<\/p>\n<p>Serial.println(tag);<\/p>\n<p>\/\/ Exemple de reprogrammation de l&rsquo;ID (si le lecteur le permet)<\/p>\n<p>\/\/ RFID.write(\u00ab\u00a0Nouvel_ID\u00a0\u00bb);<\/p>\n<p>}<\/p>\n<p>}<\/p>","protected":false},"excerpt":{"rendered":"<h5>La carte RFID 125 kHz EM4305 \/ TK5577 est une solution avanc\u00e9e permettant \u00e0 la fois la lecture et l\u2019\u00e9criture des donn\u00e9es, ce qui la distingue des cartes RFID en lecture seule.<\/h5>","protected":false},"featured_media":17149,"comment_status":"open","ping_status":"closed","template":"","meta":{"_joinchat":[]},"product_brand":[],"product_cat":[161],"product_tag":[],"class_list":{"0":"post-17148","1":"product","2":"type-product","3":"status-publish","4":"has-post-thumbnail","6":"product_cat-capteurs","8":"first","9":"instock","10":"shipping-taxable","11":"purchasable","12":"product-type-simple"},"_links":{"self":[{"href":"https:\/\/edukeytech.com\/en\/wp-json\/wp\/v2\/product\/17148","targetHints":{"allow":["GET"]}}],"collection":[{"href":"https:\/\/edukeytech.com\/en\/wp-json\/wp\/v2\/product"}],"about":[{"href":"https:\/\/edukeytech.com\/en\/wp-json\/wp\/v2\/types\/product"}],"replies":[{"embeddable":true,"href":"https:\/\/edukeytech.com\/en\/wp-json\/wp\/v2\/comments?post=17148"}],"version-history":[{"count":2,"href":"https:\/\/edukeytech.com\/en\/wp-json\/wp\/v2\/product\/17148\/revisions"}],"predecessor-version":[{"id":17152,"href":"https:\/\/edukeytech.com\/en\/wp-json\/wp\/v2\/product\/17148\/revisions\/17152"}],"wp:featuredmedia":[{"embeddable":true,"href":"https:\/\/edukeytech.com\/en\/wp-json\/wp\/v2\/media\/17149"}],"wp:attachment":[{"href":"https:\/\/edukeytech.com\/en\/wp-json\/wp\/v2\/media?parent=17148"}],"wp:term":[{"taxonomy":"product_brand","embeddable":true,"href":"https:\/\/edukeytech.com\/en\/wp-json\/wp\/v2\/product_brand?post=17148"},{"taxonomy":"product_cat","embeddable":true,"href":"https:\/\/edukeytech.com\/en\/wp-json\/wp\/v2\/product_cat?post=17148"},{"taxonomy":"product_tag","embeddable":true,"href":"https:\/\/edukeytech.com\/en\/wp-json\/wp\/v2\/product_tag?post=17148"}],"curies":[{"name":"wp","href":"https:\/\/api.w.org\/{rel}","templated":true}]}}