{"id":17053,"date":"2025-02-26T08:48:17","date_gmt":"2025-02-26T08:48:17","guid":{"rendered":"https:\/\/edukeytech.com\/?post_type=product&#038;p=17053"},"modified":"2025-02-26T08:48:18","modified_gmt":"2025-02-26T08:48:18","slug":"ttp223-module-tactile-capacitif-1-boutton","status":"publish","type":"product","link":"https:\/\/edukeytech.com\/en\/product\/ttp223-module-tactile-capacitif-1-boutton\/","title":{"rendered":"TTP223 Module Tactile capacitif 1 Boutton"},"content":{"rendered":"<p><strong>Module de Capteur Tactile Capacitif TTP223\u00a0<\/strong><\/p>\n<p><strong>Le module de capteur tactile capacitif TTP223 est un dispositif \u00e9lectronique con\u00e7u pour la d\u00e9tection tactile sans contact, bas\u00e9 sur le circuit int\u00e9gr\u00e9 TTP223. Il int\u00e8gre une zone de d\u00e9tection de 11 x 10,5 mm avec une port\u00e9e effective d\u2019environ 5 mm, permettant une interaction fluide et r\u00e9active.<\/strong><\/p>\n<p><strong>Caract\u00e9ristiques et Fonctionnalit\u00e9s :<\/strong><\/p>\n<ul>\n<li><strong>Mode de fonctionnement : Par d\u00e9faut, la sortie du module passe d\u2019un \u00e9tat bas (inactif) \u00e0 un \u00e9tat haut lorsqu\u2019il est activ\u00e9.<\/strong><\/li>\n<li><strong>Indication visuelle : Une LED embarqu\u00e9e signale l\u2019activation du capteur.<\/strong><\/li>\n<li><strong>Configuration ajustable : Des cavaliers de soudure permettent de modifier le mode de fonctionnement, avec une possibilit\u00e9 de sortie active bas ou en mode bascule.<\/strong><\/li>\n<li><strong>Remplacement des boutons m\u00e9caniques : Con\u00e7u pour remplacer les boutons physiques traditionnels, ce module offre une alternative durable et r\u00e9active adapt\u00e9e \u00e0 diverses applications interactives.<\/strong><\/li>\n<\/ul>\n<p><strong>Gr\u00e2ce \u00e0 sa conception optimis\u00e9e et \u00e0 sa sensibilit\u00e9 \u00e9lev\u00e9e, le TTP223 est id\u00e9al pour les syst\u00e8mes embarqu\u00e9s, les interfaces utilisateur capacitives et les applications n\u00e9cessitant un contr\u00f4le tactile pr\u00e9cis.<\/strong><\/p>\n<p><strong>\u00a0<\/strong><\/p>\n<p><strong>\u00a0<\/strong><\/p>\n<p><strong>Mode de r\u00e9glage de la g\u00e2chette: (1- &gt; Court; 0- &gt; Pas de court):-<\/strong><\/p>\n<p><strong>\u00a0<\/strong><\/p>\n<p><strong>AB=00 : sortie de niveau TTL \u00e9lev\u00e9 sans verrouillage ;<\/strong><\/p>\n<p><strong>\u00a0<\/strong><\/p>\n<p><strong>AB=01 : sortie de niveau TTL \u00e9lev\u00e9 autobloquable ;<\/strong><\/p>\n<p><strong>\u00a0<\/strong><\/p>\n<p><strong>AB = 10 : sortie de niveau TTL faible sans verrouillage ;<\/strong><\/p>\n<p><strong>\u00a0<\/strong><\/p>\n<p><strong>Caract\u00e9ristiques <\/strong><\/p>\n<p><strong>\u00a0<\/strong><\/p>\n<ul>\n<li>Prend en charge les modes momentan\u00e9s ou de verrouillage \/ bascule.<\/li>\n<li>Prend en charge les modes de signal de sortie Active High ou Active Low.<\/li>\n<li><strong>Dimensions<\/strong> : 15mm x 11mm.<\/li>\n<li><strong>Tension d\u2019entr\u00e9e<\/strong> : 2 volts \u2013 5,5 volts DC.<\/li>\n<li><strong>Le temps de r\u00e9ponse max<\/strong> ~ 60mS en mode rapide, ~220mS en mode basse consommation @VDD=3V.<\/li>\n<li><strong>La sensibilit\u00e9<\/strong> peut \u00eatre ajust\u00e9e par la capacit\u00e9 (0 ~ 50pF).<\/li>\n<li>Il a deux types de longueur d\u2019\u00e9chantillonnage par option de tampon (broche SLRFTB).<\/li>\n<li><strong>D\u00e9tection<\/strong> stable du toucher du corps humain pour remplacer la cl\u00e9 de commutation directe traditionnelle.<\/li>\n<li>Fournit le mode rapide et la s\u00e9lection du mode basse consommation par l\u2019option pad (broche LPMB).<\/li>\n<li>Fournit un mode direct, un mode bascule par option de pad (broche TOG).<\/li>\n<li><strong>Mode de vidange<\/strong> ouvert par option de liaison, la broche OPDO est la sortie de drain ouverte, la broche Q est la sortie CMOS.<\/li>\n<li>Tous les modes de sortie peuvent \u00eatre s\u00e9lectionn\u00e9s actif haut ou actif bas par l\u2019option pad (broche AHLB).<\/li>\n<li>Il a le maximum sur le temps 100sec par l\u2019option pad (broche MOTB).<\/li>\n<li>Il a une broche de r\u00e9initialisation de mise sous tension externe (broche RST).<\/li>\n<li>Apr\u00e8s la mise sous tension, ayez environ 0,5 sec de temps stable, pendant le temps, ne touchez pas le clavier et la fonction est d\u00e9sactiv\u00e9e.<\/li>\n<li>Calibrage automatique.<\/li>\n<li>La p\u00e9riode de r\u00e9\u00e9talonnage est d\u2019environ 4,0 s lorsque la touche n\u2019a pas \u00e9t\u00e9 touch\u00e9e.<\/li>\n<\/ul>\n<p>&nbsp;<\/p>\n<p><strong>Principe de Fonctionnement du Module TTP223<\/strong><\/p>\n<p>Le <strong>module TTP223<\/strong> repose sur la <strong>d\u00e9tection capacitive<\/strong> pour identifier un contact tactile. Lorsqu\u2019un doigt ou tout autre objet conducteur entre en contact avec la surface du capteur, il induit une modification de la capacit\u00e9 de l\u2019\u00e9lectrode de d\u00e9tection. Cette variation est ensuite analys\u00e9e par le <strong>circuit int\u00e9gr\u00e9 TTP223<\/strong>, qui g\u00e9n\u00e8re un <strong>signal de sortie num\u00e9rique<\/strong> en r\u00e9ponse.<\/p>\n<p>Sur ce mod\u00e8le sp\u00e9cifique, chaque activation tactile entra\u00eene une <strong>commutation d\u2019\u00e9tat<\/strong> de la sortie entre <strong>ON et OFF<\/strong>, offrant ainsi un fonctionnement binaire id\u00e9al pour des applications de contr\u00f4le tactile dans divers syst\u00e8mes \u00e9lectroniques.<\/p>\n<p><strong>Applications<\/strong><\/p>\n<ul>\n<li>Interrupteurs tactiles<\/li>\n<li>Contr\u00f4les d\u2019\u00e9clairage<\/li>\n<li>Interfaces utilisateur<\/li>\n<li>Projets interactifs<\/li>\n<li>Commandes sans bouton physique<\/li>\n<\/ul>","protected":false},"excerpt":{"rendered":"<p><strong>Le module de capteur tactile capacitif TTP223 est un dispositif \u00e9lectronique con\u00e7u pour la d\u00e9tection tactile sans contact, bas\u00e9 sur le circuit int\u00e9gr\u00e9 TTP223.<\/strong><\/p>","protected":false},"featured_media":17054,"comment_status":"open","ping_status":"closed","template":"","meta":{"_joinchat":[]},"product_brand":[],"product_cat":[161],"product_tag":[],"class_list":{"0":"post-17053","1":"product","2":"type-product","3":"status-publish","4":"has-post-thumbnail","6":"product_cat-capteurs","8":"first","9":"instock","10":"shipping-taxable","11":"purchasable","12":"product-type-simple"},"_links":{"self":[{"href":"https:\/\/edukeytech.com\/en\/wp-json\/wp\/v2\/product\/17053","targetHints":{"allow":["GET"]}}],"collection":[{"href":"https:\/\/edukeytech.com\/en\/wp-json\/wp\/v2\/product"}],"about":[{"href":"https:\/\/edukeytech.com\/en\/wp-json\/wp\/v2\/types\/product"}],"replies":[{"embeddable":true,"href":"https:\/\/edukeytech.com\/en\/wp-json\/wp\/v2\/comments?post=17053"}],"version-history":[{"count":1,"href":"https:\/\/edukeytech.com\/en\/wp-json\/wp\/v2\/product\/17053\/revisions"}],"predecessor-version":[{"id":17056,"href":"https:\/\/edukeytech.com\/en\/wp-json\/wp\/v2\/product\/17053\/revisions\/17056"}],"wp:featuredmedia":[{"embeddable":true,"href":"https:\/\/edukeytech.com\/en\/wp-json\/wp\/v2\/media\/17054"}],"wp:attachment":[{"href":"https:\/\/edukeytech.com\/en\/wp-json\/wp\/v2\/media?parent=17053"}],"wp:term":[{"taxonomy":"product_brand","embeddable":true,"href":"https:\/\/edukeytech.com\/en\/wp-json\/wp\/v2\/product_brand?post=17053"},{"taxonomy":"product_cat","embeddable":true,"href":"https:\/\/edukeytech.com\/en\/wp-json\/wp\/v2\/product_cat?post=17053"},{"taxonomy":"product_tag","embeddable":true,"href":"https:\/\/edukeytech.com\/en\/wp-json\/wp\/v2\/product_tag?post=17053"}],"curies":[{"name":"wp","href":"https:\/\/api.w.org\/{rel}","templated":true}]}}