{"id":17026,"date":"2025-02-25T11:09:53","date_gmt":"2025-02-25T11:09:53","guid":{"rendered":"https:\/\/edukeytech.com\/?post_type=product&#038;p=17026"},"modified":"2025-02-25T11:11:21","modified_gmt":"2025-02-25T11:11:21","slug":"tcrt5000-capteur-de-proximite-infrarouge","status":"publish","type":"product","link":"https:\/\/edukeytech.com\/en\/product\/tcrt5000-capteur-de-proximite-infrarouge\/","title":{"rendered":"TCRT5000 Capteur de Proximit\u00e9 Infrarouge"},"content":{"rendered":"<p><strong>Principe du fonctionnement<\/strong><\/p>\n<p>Le TCRT5000 est un capteur optique con\u00e7u pour d\u00e9tecter la pr\u00e9sence ou la distance d\u2019un objet gr\u00e2ce \u00e0 la r\u00e9flexion infrarouge. Il int\u00e8gre un \u00e9metteur et un r\u00e9cepteur infrarouge dispos\u00e9s face \u00e0 face. Lorsqu\u2019un objet passe \u00e0 proximit\u00e9, il r\u00e9fl\u00e9chit la lumi\u00e8re infrarouge \u00e9mise, permettant au r\u00e9cepteur de capter cette r\u00e9flexion et de g\u00e9n\u00e9rer un signal \u00e9lectrique. L\u2019intensit\u00e9 du signal varie en fonction de la proximit\u00e9 de l\u2019objet : plus il est proche, plus la r\u00e9flexion est forte et le signal \u00e9lev\u00e9.<\/p>\n<p><strong>Caract\u00e9ristiques d\u00e9taill\u00e9es<\/strong><\/p>\n<ul>\n<li><strong>Tension de fonctionnement<\/strong>: 3.3V \u00e0 5V<\/li>\n<li><strong>Courant de fonctionnement<\/strong>: 60mA (diode), 100mA (transistor)<\/li>\n<li><strong>Plage de d\u00e9tection<\/strong>: 1mm \u00e0 8mm<\/li>\n<li><strong>Sortie<\/strong>: Analogique et num\u00e9rique<\/li>\n<li><strong>Temp\u00e9rature de fonctionnement<\/strong>: -25\u00b0C \u00e0 +85\u00b0C<\/li>\n<li><strong>Dimensions<\/strong>: 32 x 14 mm<\/li>\n<\/ul>\n<p><strong>Fonctionnement<\/strong><\/p>\n<p>Le module TCRT5000 fonctionne en \u00e9mettant des ondes infrarouges \u00e0 partir de la photodiode. Lorsque ces ondes rencontrent un obstacle ou une ligne, elles sont r\u00e9fl\u00e9chies et capt\u00e9es par le phototransistor. La tension de sortie varie en fonction de la distance et de la r\u00e9flexion de l\u2019objet, permettant ainsi de d\u00e9tecter des objets et de distinguer les variations de surface.<\/p>","protected":false},"excerpt":{"rendered":"<h5>Le TCRT5000 est un capteur optique con\u00e7u pour d\u00e9tecter la pr\u00e9sence ou la distance d\u2019un objet gr\u00e2ce \u00e0 la r\u00e9flexion infrarouge.<\/h5>","protected":false},"featured_media":17030,"comment_status":"open","ping_status":"closed","template":"","meta":{"_joinchat":[]},"product_brand":[],"product_cat":[161],"product_tag":[],"class_list":{"0":"post-17026","1":"product","2":"type-product","3":"status-publish","4":"has-post-thumbnail","6":"product_cat-capteurs","8":"first","9":"instock","10":"shipping-taxable","11":"purchasable","12":"product-type-simple"},"_links":{"self":[{"href":"https:\/\/edukeytech.com\/en\/wp-json\/wp\/v2\/product\/17026","targetHints":{"allow":["GET"]}}],"collection":[{"href":"https:\/\/edukeytech.com\/en\/wp-json\/wp\/v2\/product"}],"about":[{"href":"https:\/\/edukeytech.com\/en\/wp-json\/wp\/v2\/types\/product"}],"replies":[{"embeddable":true,"href":"https:\/\/edukeytech.com\/en\/wp-json\/wp\/v2\/comments?post=17026"}],"version-history":[{"count":1,"href":"https:\/\/edukeytech.com\/en\/wp-json\/wp\/v2\/product\/17026\/revisions"}],"predecessor-version":[{"id":17031,"href":"https:\/\/edukeytech.com\/en\/wp-json\/wp\/v2\/product\/17026\/revisions\/17031"}],"wp:featuredmedia":[{"embeddable":true,"href":"https:\/\/edukeytech.com\/en\/wp-json\/wp\/v2\/media\/17030"}],"wp:attachment":[{"href":"https:\/\/edukeytech.com\/en\/wp-json\/wp\/v2\/media?parent=17026"}],"wp:term":[{"taxonomy":"product_brand","embeddable":true,"href":"https:\/\/edukeytech.com\/en\/wp-json\/wp\/v2\/product_brand?post=17026"},{"taxonomy":"product_cat","embeddable":true,"href":"https:\/\/edukeytech.com\/en\/wp-json\/wp\/v2\/product_cat?post=17026"},{"taxonomy":"product_tag","embeddable":true,"href":"https:\/\/edukeytech.com\/en\/wp-json\/wp\/v2\/product_tag?post=17026"}],"curies":[{"name":"wp","href":"https:\/\/api.w.org\/{rel}","templated":true}]}}