{"id":17011,"date":"2025-02-25T10:38:54","date_gmt":"2025-02-25T10:38:54","guid":{"rendered":"https:\/\/edukeytech.com\/?post_type=product&#038;p=17011"},"modified":"2025-02-25T10:40:51","modified_gmt":"2025-02-25T10:40:51","slug":"boitier-pour-hc-sr501","status":"publish","type":"product","link":"https:\/\/edukeytech.com\/en\/product\/boitier-pour-hc-sr501\/","title":{"rendered":"Bo\u00eetier pour HC-SR501"},"content":{"rendered":"<p>Bo\u00eetier de protection pour d\u00e9tecteur de mouvement HC-SR501, con\u00e7u pour s\u00e9curiser votre capteur tout en assurant une d\u00e9tection optimale. Sa transparence offre une excellente visibilit\u00e9, facilitant son int\u00e9gration dans divers projets, aussi bien en int\u00e9rieur qu\u2019en ext\u00e9rieur. Il prot\u00e8ge efficacement contre la poussi\u00e8re et les chocs, garantissant une meilleure durabilit\u00e9. Facile \u00e0 installer, ce bo\u00eetier assure une protection fiable contre les \u00e9l\u00e9ments ext\u00e9rieurs tout en pr\u00e9servant les performances du capteur.<\/p>\n<p><strong>Caract\u00e9ristique<\/strong><\/p>\n<p><strong>Mat\u00e9riau\u00a0: <\/strong>Plastique transparent<\/p>\n<p><strong>Dimensions ext\u00e9rieures\u00a0\u00a0\u00a0 <\/strong>67 mm x 40 mm x 27 mm<\/p>\n<p><strong>Poids\u00a0: <\/strong>15 g<\/p>","protected":false},"excerpt":{"rendered":"<p>Bo\u00eetier de protection pour d\u00e9tecteur de mouvement HC-SR501, con\u00e7u pour s\u00e9curiser votre capteur tout en assurant une d\u00e9tection optimale.<\/p>","protected":false},"featured_media":17014,"comment_status":"open","ping_status":"closed","template":"","meta":{"_joinchat":[]},"product_brand":[],"product_cat":[161],"product_tag":[],"class_list":{"0":"post-17011","1":"product","2":"type-product","3":"status-publish","4":"has-post-thumbnail","6":"product_cat-capteurs","8":"first","9":"instock","10":"shipping-taxable","11":"purchasable","12":"product-type-simple"},"_links":{"self":[{"href":"https:\/\/edukeytech.com\/en\/wp-json\/wp\/v2\/product\/17011","targetHints":{"allow":["GET"]}}],"collection":[{"href":"https:\/\/edukeytech.com\/en\/wp-json\/wp\/v2\/product"}],"about":[{"href":"https:\/\/edukeytech.com\/en\/wp-json\/wp\/v2\/types\/product"}],"replies":[{"embeddable":true,"href":"https:\/\/edukeytech.com\/en\/wp-json\/wp\/v2\/comments?post=17011"}],"version-history":[{"count":1,"href":"https:\/\/edukeytech.com\/en\/wp-json\/wp\/v2\/product\/17011\/revisions"}],"predecessor-version":[{"id":17012,"href":"https:\/\/edukeytech.com\/en\/wp-json\/wp\/v2\/product\/17011\/revisions\/17012"}],"wp:featuredmedia":[{"embeddable":true,"href":"https:\/\/edukeytech.com\/en\/wp-json\/wp\/v2\/media\/17014"}],"wp:attachment":[{"href":"https:\/\/edukeytech.com\/en\/wp-json\/wp\/v2\/media?parent=17011"}],"wp:term":[{"taxonomy":"product_brand","embeddable":true,"href":"https:\/\/edukeytech.com\/en\/wp-json\/wp\/v2\/product_brand?post=17011"},{"taxonomy":"product_cat","embeddable":true,"href":"https:\/\/edukeytech.com\/en\/wp-json\/wp\/v2\/product_cat?post=17011"},{"taxonomy":"product_tag","embeddable":true,"href":"https:\/\/edukeytech.com\/en\/wp-json\/wp\/v2\/product_tag?post=17011"}],"curies":[{"name":"wp","href":"https:\/\/api.w.org\/{rel}","templated":true}]}}