{"id":17000,"date":"2025-02-25T10:27:20","date_gmt":"2025-02-25T10:27:20","guid":{"rendered":"https:\/\/edukeytech.com\/?post_type=product&#038;p=17000"},"modified":"2025-02-25T10:29:12","modified_gmt":"2025-02-25T10:29:12","slug":"hc-sr505-module-detecteur-de-mouvement-infrarouge","status":"publish","type":"product","link":"https:\/\/edukeytech.com\/en\/product\/hc-sr505-module-detecteur-de-mouvement-infrarouge\/","title":{"rendered":"HC-SR505 Module D\u00e9tecteur de Mouvement \u2013 Infrarouge"},"content":{"rendered":"<p><strong>Mini capteur de mouvement infrarouge PIR HC-SR505, Module de d\u00e9tection infrarouge pr\u00e9cis pour Arduino.<\/strong><\/p>\n<p>Capteur de mouvement infra rouge PIR HC-SR505<\/p>\n<p>&nbsp;<\/p>\n<p><strong>DESCRIPTION :<\/strong><\/p>\n<p><strong>Nombreux usages possibles: Alarme, allumage automatique, s\u00e9curit\u00e9, d\u00e9tection de pr\u00e9sence.<\/strong><\/p>\n<p><strong>CARACTERISTIQUES TECHNIQUES:<\/strong><\/p>\n<ul>\n<li><strong>Plage de tension de fonctionnement: DC4.5-20V<\/strong><\/li>\n<li><strong>Courant statique: &lt;60uA<\/strong><\/li>\n<li><strong>Niveau de sortie: haut 3,3 V \/ bas 0 V<\/strong><\/li>\n<li><strong>D\u00e9clencheur: d\u00e9clenchement r\u00e9p\u00e9table (par d\u00e9faut)<\/strong><\/li>\n<li><strong>Temps de retard: Par d\u00e9faut 8S + -30%<\/strong><\/li>\n<li><strong>Dimensions du circuit imprim\u00e9: 10 x 23 mm<\/strong><\/li>\n<li><strong>Angle d&rsquo;induction: &lt;100 degr\u00e9s d&rsquo;angle de c\u00f4ne<\/strong><\/li>\n<li><strong>Distance d&rsquo;induction: 3 m\u00e8tres<\/strong><\/li>\n<li><strong>Temp\u00e9rature de fonctionnement: -20 &#8211; +80 degr\u00e9s<\/strong><\/li>\n<\/ul>","protected":false},"excerpt":{"rendered":"<p><strong>Mini capteur de mouvement infrarouge PIR HC-SR505, Module de d\u00e9tection infrarouge pr\u00e9cis pour Arduino.<\/strong><\/p>","protected":false},"featured_media":17004,"comment_status":"open","ping_status":"closed","template":"","meta":{"_joinchat":[]},"product_brand":[],"product_cat":[161],"product_tag":[],"class_list":{"0":"post-17000","1":"product","2":"type-product","3":"status-publish","4":"has-post-thumbnail","6":"product_cat-capteurs","8":"first","9":"instock","10":"shipping-taxable","11":"purchasable","12":"product-type-simple"},"_links":{"self":[{"href":"https:\/\/edukeytech.com\/en\/wp-json\/wp\/v2\/product\/17000","targetHints":{"allow":["GET"]}}],"collection":[{"href":"https:\/\/edukeytech.com\/en\/wp-json\/wp\/v2\/product"}],"about":[{"href":"https:\/\/edukeytech.com\/en\/wp-json\/wp\/v2\/types\/product"}],"replies":[{"embeddable":true,"href":"https:\/\/edukeytech.com\/en\/wp-json\/wp\/v2\/comments?post=17000"}],"version-history":[{"count":1,"href":"https:\/\/edukeytech.com\/en\/wp-json\/wp\/v2\/product\/17000\/revisions"}],"predecessor-version":[{"id":17001,"href":"https:\/\/edukeytech.com\/en\/wp-json\/wp\/v2\/product\/17000\/revisions\/17001"}],"wp:featuredmedia":[{"embeddable":true,"href":"https:\/\/edukeytech.com\/en\/wp-json\/wp\/v2\/media\/17004"}],"wp:attachment":[{"href":"https:\/\/edukeytech.com\/en\/wp-json\/wp\/v2\/media?parent=17000"}],"wp:term":[{"taxonomy":"product_brand","embeddable":true,"href":"https:\/\/edukeytech.com\/en\/wp-json\/wp\/v2\/product_brand?post=17000"},{"taxonomy":"product_cat","embeddable":true,"href":"https:\/\/edukeytech.com\/en\/wp-json\/wp\/v2\/product_cat?post=17000"},{"taxonomy":"product_tag","embeddable":true,"href":"https:\/\/edukeytech.com\/en\/wp-json\/wp\/v2\/product_tag?post=17000"}],"curies":[{"name":"wp","href":"https:\/\/api.w.org\/{rel}","templated":true}]}}