{"id":16881,"date":"2025-02-24T18:18:22","date_gmt":"2025-02-24T18:18:22","guid":{"rendered":"https:\/\/edukeytech.com\/?post_type=product&#038;p=16881"},"modified":"2025-02-24T18:18:24","modified_gmt":"2025-02-24T18:18:24","slug":"bouton-poussoir-6x6x10mm-smd","status":"publish","type":"product","link":"https:\/\/edukeytech.com\/en\/product\/bouton-poussoir-6x6x10mm-smd\/","title":{"rendered":"Bouton Poussoir 6x6x10mm SMD"},"content":{"rendered":"<p>Un\u00a0<strong>bouton poussoir 6x6x10 mm SMD \u00e0 4 broches<\/strong>\u00a0est un petit interrupteur \u00e9lectronique.<\/p>\n<ul>\n<li><strong>Dimensions :<\/strong>\u00a06 mm x 6 mm x 10 mm (largeur x longueur x hauteur).<\/li>\n<li><strong>SMD (Surface-Mount Device) :<\/strong>\u00a0Il est con\u00e7u pour \u00eatre mont\u00e9 directement sur un circuit imprim\u00e9.<\/li>\n<li><strong>4 broches :<\/strong>\u00a0Il poss\u00e8de quatre connexions pour l&rsquo;int\u00e9grer dans un circuit.<\/li>\n<\/ul>\n<p>Caract\u00e9ristiques :<\/p>\n<p><strong>Charge nominale : DC 12V 0.1A<\/strong><br \/>\n\u2192 Le dispositif fonctionne sous une tension continue de\u00a0<strong>12 volts (DC)<\/strong>\u00a0et un courant de\u00a0<strong>0,1 amp\u00e8re<\/strong>.<\/p>\n<p><strong>R\u00e9sistance de tension : AC 250V (50Hz) \/ min<\/strong><br \/>\n\u2192 Il peut supporter une tension alternative de\u00a0<strong>250 volts (\u00e0 50 Hz)<\/strong>\u00a0pendant\u00a0<strong>une minute<\/strong>\u00a0sans subir de dommages.<\/p>\n<p><strong>R\u00e9sistance de contact : \u2264 0,03 \u03a9<\/strong><br \/>\n\u2192 La r\u00e9sistance \u00e9lectrique au niveau des contacts est inf\u00e9rieure ou \u00e9gale \u00e0\u00a0<strong>0,03 ohm<\/strong>, ce qui garantit une bonne conductivit\u00e9.<\/p>\n<p><strong>Force d\u2019actionnement : 1,3N \u00b1 0,5<\/strong><br \/>\n\u2192 Il faut une force de\u00a0<strong>1,3 newton (\u00b1 0,5)<\/strong>\u00a0pour activer le dispositif.<\/p>\n<p><strong>R\u00e9sistance d\u2019isolement : \u2265 100 M\u03a9<\/strong><br \/>\n\u2192 L\u2019isolation \u00e9lectrique est d\u2019au moins\u00a0<strong>100 m\u00e9gohms<\/strong>, ce qui emp\u00eache les fuites de courant.<\/p>\n<p><strong>Temp\u00e9rature de fonctionnement : -25 ~ +85 \u00b0C<\/strong><br \/>\n\u2192 Le dispositif peut fonctionner correctement entre\u00a0<strong>-25 \u00b0C et +85 \u00b0C<\/strong>.<\/p>","protected":false},"excerpt":{"rendered":"<h5>Un\u00a0<strong>bouton poussoir 6x6x10 mm SMD \u00e0 4 broches<\/strong>\u00a0est un petit interrupteur \u00e9lectronique.<\/h5>","protected":false},"featured_media":16884,"comment_status":"open","ping_status":"closed","template":"","meta":{"_joinchat":[]},"product_brand":[],"product_cat":[120],"product_tag":[],"class_list":{"0":"post-16881","1":"product","2":"type-product","3":"status-publish","4":"has-post-thumbnail","6":"product_cat-commutateurs-boutons","8":"first","9":"instock","10":"shipping-taxable","11":"purchasable","12":"product-type-simple"},"_links":{"self":[{"href":"https:\/\/edukeytech.com\/en\/wp-json\/wp\/v2\/product\/16881","targetHints":{"allow":["GET"]}}],"collection":[{"href":"https:\/\/edukeytech.com\/en\/wp-json\/wp\/v2\/product"}],"about":[{"href":"https:\/\/edukeytech.com\/en\/wp-json\/wp\/v2\/types\/product"}],"replies":[{"embeddable":true,"href":"https:\/\/edukeytech.com\/en\/wp-json\/wp\/v2\/comments?post=16881"}],"version-history":[{"count":1,"href":"https:\/\/edukeytech.com\/en\/wp-json\/wp\/v2\/product\/16881\/revisions"}],"predecessor-version":[{"id":16885,"href":"https:\/\/edukeytech.com\/en\/wp-json\/wp\/v2\/product\/16881\/revisions\/16885"}],"wp:featuredmedia":[{"embeddable":true,"href":"https:\/\/edukeytech.com\/en\/wp-json\/wp\/v2\/media\/16884"}],"wp:attachment":[{"href":"https:\/\/edukeytech.com\/en\/wp-json\/wp\/v2\/media?parent=16881"}],"wp:term":[{"taxonomy":"product_brand","embeddable":true,"href":"https:\/\/edukeytech.com\/en\/wp-json\/wp\/v2\/product_brand?post=16881"},{"taxonomy":"product_cat","embeddable":true,"href":"https:\/\/edukeytech.com\/en\/wp-json\/wp\/v2\/product_cat?post=16881"},{"taxonomy":"product_tag","embeddable":true,"href":"https:\/\/edukeytech.com\/en\/wp-json\/wp\/v2\/product_tag?post=16881"}],"curies":[{"name":"wp","href":"https:\/\/api.w.org\/{rel}","templated":true}]}}