{"id":16875,"date":"2025-02-24T17:30:40","date_gmt":"2025-02-24T17:30:40","guid":{"rendered":"https:\/\/edukeytech.com\/?post_type=product&#038;p=16875"},"modified":"2025-02-26T23:40:54","modified_gmt":"2025-02-26T23:40:54","slug":"interrupteur-on-off-a-clef-3a-250v","status":"publish","type":"product","link":"https:\/\/edukeytech.com\/en\/product\/interrupteur-on-off-a-clef-3a-250v\/","title":{"rendered":"Interrupteur ON\/OFF \u00e0 Clef 3A 250V"},"content":{"rendered":"<p>Un\u00a0<strong>interrupteur \u00e0 cl\u00e9 verrouillable ON\/OFF 3A 250V<\/strong>\u00a0est un dispositif qui permet de contr\u00f4ler l&rsquo;alimentation \u00e9lectrique en l&rsquo;activant (<strong>ON<\/strong>) ou en la d\u00e9sactivant (<strong>OFF<\/strong>) \u00e0 l&rsquo;aide d&rsquo;une cl\u00e9. Il supporte un courant maximal de\u00a0<strong>3 amp\u00e8res<\/strong>\u00a0sous une\u00a0<strong>tension de 250 volts<\/strong>. Ce type d&rsquo;interrupteur offre une\u00a0<strong>s\u00e9curit\u00e9 renforc\u00e9e<\/strong>\u00a0en limitant l&rsquo;acc\u00e8s au contr\u00f4le \u00e9lectrique aux personnes disposant de la cl\u00e9, emp\u00eachant ainsi toute manipulation non autoris\u00e9e.<\/p>","protected":false},"excerpt":{"rendered":"<h5>Interrupteur \u00e0 Cl\u00e9 Verrouillable ON\/OFF 3A 250V, Cet interrupteur \u00e0 cl\u00e9 offre une solution s\u00e9curis\u00e9e et fiable pour vos besoins de contr\u00f4le d\u2019alimentation \u00e9lectrique<\/h5>","protected":false},"featured_media":16878,"comment_status":"open","ping_status":"closed","template":"","meta":{"_joinchat":[]},"product_brand":[],"product_cat":[120],"product_tag":[],"class_list":{"0":"post-16875","1":"product","2":"type-product","3":"status-publish","4":"has-post-thumbnail","6":"product_cat-commutateurs-boutons","8":"first","9":"instock","10":"shipping-taxable","11":"purchasable","12":"product-type-simple"},"_links":{"self":[{"href":"https:\/\/edukeytech.com\/en\/wp-json\/wp\/v2\/product\/16875","targetHints":{"allow":["GET"]}}],"collection":[{"href":"https:\/\/edukeytech.com\/en\/wp-json\/wp\/v2\/product"}],"about":[{"href":"https:\/\/edukeytech.com\/en\/wp-json\/wp\/v2\/types\/product"}],"replies":[{"embeddable":true,"href":"https:\/\/edukeytech.com\/en\/wp-json\/wp\/v2\/comments?post=16875"}],"version-history":[{"count":1,"href":"https:\/\/edukeytech.com\/en\/wp-json\/wp\/v2\/product\/16875\/revisions"}],"predecessor-version":[{"id":16880,"href":"https:\/\/edukeytech.com\/en\/wp-json\/wp\/v2\/product\/16875\/revisions\/16880"}],"wp:featuredmedia":[{"embeddable":true,"href":"https:\/\/edukeytech.com\/en\/wp-json\/wp\/v2\/media\/16878"}],"wp:attachment":[{"href":"https:\/\/edukeytech.com\/en\/wp-json\/wp\/v2\/media?parent=16875"}],"wp:term":[{"taxonomy":"product_brand","embeddable":true,"href":"https:\/\/edukeytech.com\/en\/wp-json\/wp\/v2\/product_brand?post=16875"},{"taxonomy":"product_cat","embeddable":true,"href":"https:\/\/edukeytech.com\/en\/wp-json\/wp\/v2\/product_cat?post=16875"},{"taxonomy":"product_tag","embeddable":true,"href":"https:\/\/edukeytech.com\/en\/wp-json\/wp\/v2\/product_tag?post=16875"}],"curies":[{"name":"wp","href":"https:\/\/api.w.org\/{rel}","templated":true}]}}