{"id":16869,"date":"2025-02-24T16:58:40","date_gmt":"2025-02-24T16:58:40","guid":{"rendered":"https:\/\/edukeytech.com\/?post_type=product&#038;p=16869"},"modified":"2025-02-24T17:35:31","modified_gmt":"2025-02-24T17:35:31","slug":"electrovanne-12v-dc-pour-eau-air-1-2%e2%80%b3","status":"publish","type":"product","link":"https:\/\/edukeytech.com\/en\/product\/electrovanne-12v-dc-pour-eau-air-1-2%e2%80%b3\/","title":{"rendered":"\u00c9lectrovanne 12V DC Pour Eau \/ Air 1\/2\u2033"},"content":{"rendered":"<p>Une\u00a0<strong>\u00e9lectrovanne<\/strong>\u00a0est une vanne contr\u00f4l\u00e9e \u00e9lectriquement, permettant de r\u00e9guler le d\u00e9bit d&rsquo;un fluide dans un circuit gr\u00e2ce \u00e0 un signal \u00e9lectrique.<\/p>\n<p>L&rsquo;<strong>\u00e9lectrovanne 12V<\/strong>\u00a0poss\u00e8de deux raccords de\u00a0<strong>1\/2 pouce<\/strong>\u00a0(environ\u00a0<strong>1,3 cm<\/strong>). Elle est\u00a0<strong>normalement ferm\u00e9e<\/strong>\u00a0: elle reste ferm\u00e9e sans courant. Lorsqu&rsquo;une tension de\u00a0<strong>12V en courant continu (12VDC)<\/strong>\u00a0est appliqu\u00e9e \u00e0 ses bornes, elle s&rsquo;ouvre, permettant au fluide (eau ou air) de circuler.<\/p>\n<h5>Caract\u00e9ristiques :<\/h5>\n<h5>Electrovanne 12V DC 1\/2 NC<br \/>\nCourant: 250mA<br \/>\nVoltage: 12vDC<br \/>\nPression: 0-0.8MPa<br \/>\nMode: Normalement Ferm\u00e9.<br \/>\nTemp\u00e9rature du fluide: 0-100C.<\/h5>","protected":false},"excerpt":{"rendered":"<h5>Une\u00a0<strong>\u00e9lectrovanne<\/strong>\u00a0est une vanne contr\u00f4l\u00e9e \u00e9lectriquement, permettant de r\u00e9guler le d\u00e9bit d&rsquo;un fluide dans un circuit gr\u00e2ce \u00e0 un signal \u00e9lectrique.<\/h5>","protected":false},"featured_media":16872,"comment_status":"open","ping_status":"closed","template":"","meta":{"_joinchat":[]},"product_brand":[],"product_cat":[120],"product_tag":[],"class_list":{"0":"post-16869","1":"product","2":"type-product","3":"status-publish","4":"has-post-thumbnail","6":"product_cat-commutateurs-boutons","8":"first","9":"instock","10":"shipping-taxable","11":"purchasable","12":"product-type-simple"},"_links":{"self":[{"href":"https:\/\/edukeytech.com\/en\/wp-json\/wp\/v2\/product\/16869","targetHints":{"allow":["GET"]}}],"collection":[{"href":"https:\/\/edukeytech.com\/en\/wp-json\/wp\/v2\/product"}],"about":[{"href":"https:\/\/edukeytech.com\/en\/wp-json\/wp\/v2\/types\/product"}],"replies":[{"embeddable":true,"href":"https:\/\/edukeytech.com\/en\/wp-json\/wp\/v2\/comments?post=16869"}],"version-history":[{"count":1,"href":"https:\/\/edukeytech.com\/en\/wp-json\/wp\/v2\/product\/16869\/revisions"}],"predecessor-version":[{"id":16874,"href":"https:\/\/edukeytech.com\/en\/wp-json\/wp\/v2\/product\/16869\/revisions\/16874"}],"wp:featuredmedia":[{"embeddable":true,"href":"https:\/\/edukeytech.com\/en\/wp-json\/wp\/v2\/media\/16872"}],"wp:attachment":[{"href":"https:\/\/edukeytech.com\/en\/wp-json\/wp\/v2\/media?parent=16869"}],"wp:term":[{"taxonomy":"product_brand","embeddable":true,"href":"https:\/\/edukeytech.com\/en\/wp-json\/wp\/v2\/product_brand?post=16869"},{"taxonomy":"product_cat","embeddable":true,"href":"https:\/\/edukeytech.com\/en\/wp-json\/wp\/v2\/product_cat?post=16869"},{"taxonomy":"product_tag","embeddable":true,"href":"https:\/\/edukeytech.com\/en\/wp-json\/wp\/v2\/product_tag?post=16869"}],"curies":[{"name":"wp","href":"https:\/\/api.w.org\/{rel}","templated":true}]}}