{"id":16863,"date":"2025-02-24T16:43:40","date_gmt":"2025-02-24T16:43:40","guid":{"rendered":"https:\/\/edukeytech.com\/?post_type=product&#038;p=16863"},"modified":"2025-02-24T17:34:01","modified_gmt":"2025-02-24T17:34:01","slug":"mc-38-interrupteur-magnetique-detecteur-douverture-de-porte","status":"publish","type":"product","link":"https:\/\/edukeytech.com\/en\/product\/mc-38-interrupteur-magnetique-detecteur-douverture-de-porte\/","title":{"rendered":"MC-38 Interrupteur Magn\u00e9tique D\u00e9tecteur d\u2019Ouverture de Porte"},"content":{"rendered":"<p>Le\u00a0<strong>commutateur magn\u00e9tique filaire de capteur de fen\u00eatre de porte MC-38<\/strong>\u00a0est un dispositif de s\u00e9curit\u00e9 utilis\u00e9 dans les syst\u00e8mes d&rsquo;alarme domestiques.<\/p>\n<h3>Fonctionnement :<\/h3>\n<ul>\n<li>Il est compos\u00e9 de\u00a0<strong>deux parties<\/strong>\u00a0: un\u00a0<strong>aimant<\/strong>\u00a0et un\u00a0<strong>commutateur Reed<\/strong>\u00a0(interrupteur sensible au champ magn\u00e9tique).<\/li>\n<li>Ces deux \u00e9l\u00e9ments sont install\u00e9s sur une porte ou une fen\u00eatre : l&rsquo;aimant sur la partie mobile (porte\/fen\u00eatre) et le commutateur sur le cadre.<\/li>\n<li><strong>Quand la porte ou la fen\u00eatre est ferm\u00e9e<\/strong>, l&rsquo;aimant est proche du commutateur, maintenant le circuit ferm\u00e9.<\/li>\n<li><strong>Quand la porte ou la fen\u00eatre s&rsquo;ouvre<\/strong>, l&rsquo;aimant s&rsquo;\u00e9loigne, le circuit est interrompu, d\u00e9clenchant ainsi l&rsquo;alarme.<\/li>\n<\/ul>","protected":false},"excerpt":{"rendered":"<p>Interrupteur Magn\u00e9tique D\u00e9tecteur d\u2019Ouverture de Porte. MC-38<\/p>","protected":false},"featured_media":16866,"comment_status":"open","ping_status":"closed","template":"","meta":{"_joinchat":[]},"product_brand":[],"product_cat":[120],"product_tag":[],"class_list":{"0":"post-16863","1":"product","2":"type-product","3":"status-publish","4":"has-post-thumbnail","6":"product_cat-commutateurs-boutons","8":"first","9":"instock","10":"shipping-taxable","11":"purchasable","12":"product-type-simple"},"_links":{"self":[{"href":"https:\/\/edukeytech.com\/en\/wp-json\/wp\/v2\/product\/16863","targetHints":{"allow":["GET"]}}],"collection":[{"href":"https:\/\/edukeytech.com\/en\/wp-json\/wp\/v2\/product"}],"about":[{"href":"https:\/\/edukeytech.com\/en\/wp-json\/wp\/v2\/types\/product"}],"replies":[{"embeddable":true,"href":"https:\/\/edukeytech.com\/en\/wp-json\/wp\/v2\/comments?post=16863"}],"version-history":[{"count":2,"href":"https:\/\/edukeytech.com\/en\/wp-json\/wp\/v2\/product\/16863\/revisions"}],"predecessor-version":[{"id":16868,"href":"https:\/\/edukeytech.com\/en\/wp-json\/wp\/v2\/product\/16863\/revisions\/16868"}],"wp:featuredmedia":[{"embeddable":true,"href":"https:\/\/edukeytech.com\/en\/wp-json\/wp\/v2\/media\/16866"}],"wp:attachment":[{"href":"https:\/\/edukeytech.com\/en\/wp-json\/wp\/v2\/media?parent=16863"}],"wp:term":[{"taxonomy":"product_brand","embeddable":true,"href":"https:\/\/edukeytech.com\/en\/wp-json\/wp\/v2\/product_brand?post=16863"},{"taxonomy":"product_cat","embeddable":true,"href":"https:\/\/edukeytech.com\/en\/wp-json\/wp\/v2\/product_cat?post=16863"},{"taxonomy":"product_tag","embeddable":true,"href":"https:\/\/edukeytech.com\/en\/wp-json\/wp\/v2\/product_tag?post=16863"}],"curies":[{"name":"wp","href":"https:\/\/api.w.org\/{rel}","templated":true}]}}