{"id":16819,"date":"2025-02-22T23:15:27","date_gmt":"2025-02-22T23:15:27","guid":{"rendered":"https:\/\/edukeytech.com\/?post_type=product&#038;p=16819"},"modified":"2025-02-22T23:15:27","modified_gmt":"2025-02-22T23:15:27","slug":"interrupteur-3-positions-mts-103-6a","status":"publish","type":"product","link":"https:\/\/edukeytech.com\/en\/product\/interrupteur-3-positions-mts-103-6a\/","title":{"rendered":"Interrupteur 3 Positions MTS-103 6A"},"content":{"rendered":"<p>L&rsquo;<strong>interrupteur MTS-103<\/strong> est un commutateur \u00e0\u00a0<strong>3 positions<\/strong>\u00a0permettant de choisir entre deux circuits ou de couper le courant. Il peut g\u00e9rer un courant maximal de\u00a0<strong>6A sous 125V en courant alternatif (AC)<\/strong>\u00a0et\u00a0<strong>3A sous 250V AC<\/strong>, ce qui le rend adapt\u00e9 aux petits projets \u00e9lectroniques ou pour ajouter un contr\u00f4le manuel. Il poss\u00e8de\u00a0<strong>3 broches<\/strong>\u00a0pour les connexions \u00e9lectriques.<\/p>\n<h5>Caract\u00e9ristiques :<br \/>\nCharge nominale : AC125V 6A, AC250V 3A<br \/>\nR\u00e9sistance de contact : &lt;= 0,05 \u03a9<br \/>\nDimensions : 33x13x8mm<\/h5>","protected":false},"excerpt":{"rendered":"<h5>L&rsquo;<strong>interrupteur MTS-103<\/strong> est un commutateur \u00e0\u00a0<strong>3 positions<\/strong>\u00a0permettant de choisir entre deux circuits ou de couper le courant.<\/h5>","protected":false},"featured_media":16821,"comment_status":"open","ping_status":"closed","template":"","meta":{"_joinchat":[]},"product_brand":[],"product_cat":[120],"product_tag":[],"class_list":{"0":"post-16819","1":"product","2":"type-product","3":"status-publish","4":"has-post-thumbnail","6":"product_cat-commutateurs-boutons","8":"first","9":"instock","10":"shipping-taxable","11":"purchasable","12":"product-type-simple"},"_links":{"self":[{"href":"https:\/\/edukeytech.com\/en\/wp-json\/wp\/v2\/product\/16819","targetHints":{"allow":["GET"]}}],"collection":[{"href":"https:\/\/edukeytech.com\/en\/wp-json\/wp\/v2\/product"}],"about":[{"href":"https:\/\/edukeytech.com\/en\/wp-json\/wp\/v2\/types\/product"}],"replies":[{"embeddable":true,"href":"https:\/\/edukeytech.com\/en\/wp-json\/wp\/v2\/comments?post=16819"}],"version-history":[{"count":1,"href":"https:\/\/edukeytech.com\/en\/wp-json\/wp\/v2\/product\/16819\/revisions"}],"predecessor-version":[{"id":16825,"href":"https:\/\/edukeytech.com\/en\/wp-json\/wp\/v2\/product\/16819\/revisions\/16825"}],"wp:featuredmedia":[{"embeddable":true,"href":"https:\/\/edukeytech.com\/en\/wp-json\/wp\/v2\/media\/16821"}],"wp:attachment":[{"href":"https:\/\/edukeytech.com\/en\/wp-json\/wp\/v2\/media?parent=16819"}],"wp:term":[{"taxonomy":"product_brand","embeddable":true,"href":"https:\/\/edukeytech.com\/en\/wp-json\/wp\/v2\/product_brand?post=16819"},{"taxonomy":"product_cat","embeddable":true,"href":"https:\/\/edukeytech.com\/en\/wp-json\/wp\/v2\/product_cat?post=16819"},{"taxonomy":"product_tag","embeddable":true,"href":"https:\/\/edukeytech.com\/en\/wp-json\/wp\/v2\/product_tag?post=16819"}],"curies":[{"name":"wp","href":"https:\/\/api.w.org\/{rel}","templated":true}]}}