{"id":16808,"date":"2025-02-22T18:37:13","date_gmt":"2025-02-22T18:37:13","guid":{"rendered":"https:\/\/edukeytech.com\/?post_type=product&#038;p=16808"},"modified":"2025-05-18T22:46:40","modified_gmt":"2025-05-18T22:46:40","slug":"bouchon-pour-bouton-poussoir-12x12x7-3mm","status":"publish","type":"product","link":"https:\/\/edukeytech.com\/en\/product\/bouchon-pour-bouton-poussoir-12x12x7-3mm\/","title":{"rendered":"Bouchon Pour Bouton Poussoir 12x12x7.3mm"},"content":{"rendered":"<p>Un\u00a0<strong>bouton poussoir 12x12x7,3 mm<\/strong>\u00a0est un interrupteur de petite taille. En appuyant dessus, il \u00e9tablit temporairement un contact \u00e9lectrique. Il peut \u00eatre utilis\u00e9 pour\u00a0<strong>allumer ou activer<\/strong>\u00a0un appareil dans vos petits projets \u00e9lectroniques ou pour\u00a0<strong>ajouter une commande suppl\u00e9mentaire<\/strong>\u00a0(comme un signal d&rsquo;entr\u00e9e) \u00e0 un circuit.<\/p>\n<h5>Caract\u00e9ristiques :<\/h5>\n<h5>Charge nominale: DC12V 0.5A<br \/>\nR\u00e9sistance de tension: AC 250V (50Hz) \/\u00a0min<br \/>\nR\u00e9sistance de contact: &lt;= 0,03\u00a0\u03a9<br \/>\nForce d\u2019actionnement:\u00a0230gF \u00b130<br \/>\nR\u00e9sistance d\u2019isolement: &gt;= 100 M\u03a9<br \/>\nTemp\u00e9rature de fonctionnement: -25 ~ + -70<br \/>\nDur\u00e9e\u00a0de vie: 100 000\u00a0cycles.<\/h5>","protected":false},"excerpt":{"rendered":"<h5>Un\u00a0<strong>bouton poussoir 12x12x7,3 mm<\/strong>\u00a0est un interrupteur de petite taille. En appuyant dessus, il \u00e9tablit temporairement un contact \u00e9lectrique.<\/h5>","protected":false},"featured_media":16811,"comment_status":"open","ping_status":"closed","template":"","meta":{"_joinchat":[]},"product_brand":[],"product_cat":[120],"product_tag":[],"class_list":{"0":"post-16808","1":"product","2":"type-product","3":"status-publish","4":"has-post-thumbnail","6":"product_cat-commutateurs-boutons","8":"first","9":"instock","10":"shipping-taxable","11":"purchasable","12":"product-type-simple"},"_links":{"self":[{"href":"https:\/\/edukeytech.com\/en\/wp-json\/wp\/v2\/product\/16808","targetHints":{"allow":["GET"]}}],"collection":[{"href":"https:\/\/edukeytech.com\/en\/wp-json\/wp\/v2\/product"}],"about":[{"href":"https:\/\/edukeytech.com\/en\/wp-json\/wp\/v2\/types\/product"}],"replies":[{"embeddable":true,"href":"https:\/\/edukeytech.com\/en\/wp-json\/wp\/v2\/comments?post=16808"}],"version-history":[{"count":1,"href":"https:\/\/edukeytech.com\/en\/wp-json\/wp\/v2\/product\/16808\/revisions"}],"predecessor-version":[{"id":16812,"href":"https:\/\/edukeytech.com\/en\/wp-json\/wp\/v2\/product\/16808\/revisions\/16812"}],"wp:featuredmedia":[{"embeddable":true,"href":"https:\/\/edukeytech.com\/en\/wp-json\/wp\/v2\/media\/16811"}],"wp:attachment":[{"href":"https:\/\/edukeytech.com\/en\/wp-json\/wp\/v2\/media?parent=16808"}],"wp:term":[{"taxonomy":"product_brand","embeddable":true,"href":"https:\/\/edukeytech.com\/en\/wp-json\/wp\/v2\/product_brand?post=16808"},{"taxonomy":"product_cat","embeddable":true,"href":"https:\/\/edukeytech.com\/en\/wp-json\/wp\/v2\/product_cat?post=16808"},{"taxonomy":"product_tag","embeddable":true,"href":"https:\/\/edukeytech.com\/en\/wp-json\/wp\/v2\/product_tag?post=16808"}],"curies":[{"name":"wp","href":"https:\/\/api.w.org\/{rel}","templated":true}]}}