{"id":16803,"date":"2025-02-22T18:12:09","date_gmt":"2025-02-22T18:12:09","guid":{"rendered":"https:\/\/edukeytech.com\/?post_type=product&#038;p=16803"},"modified":"2025-02-22T18:12:09","modified_gmt":"2025-02-22T18:12:09","slug":"bouton-poussoir-6x6x5mm-2-broches","status":"publish","type":"product","link":"https:\/\/edukeytech.com\/en\/product\/bouton-poussoir-6x6x5mm-2-broches\/","title":{"rendered":"Bouton Poussoir 6x6x5mm 2 Broches"},"content":{"rendered":"<p>Le\u00a0<strong>bouton poussoir 6x6x5 mm \u00e0 2 broches<\/strong>\u00a0est un interrupteur utilis\u00e9 pour allumer ou ajouter une commande \u00e0 de petits projets \u00e9lectroniques.<\/p>\n<h3>Caract\u00e9ristiques :<\/h3>\n<ul>\n<li><strong>Tension\/Courant :<\/strong>\u00a0DC 12V, 0,1A (courant faible).<\/li>\n<li><strong>R\u00e9sistance de contact :<\/strong>\u00a0\u2264 0,03 \u03a9 (bonne conductivit\u00e9).<\/li>\n<li><strong>Dur\u00e9e de vie :<\/strong>\u00a0100 000 pressions.<\/li>\n<li><strong>Force d\u2019appui :<\/strong>\u00a01,3N \u00b1 0,5 (pression l\u00e9g\u00e8re pour l\u2019actionner).<\/li>\n<li><strong>Temp\u00e9rature de fonctionnement :<\/strong>\u00a0de -25\u00b0C \u00e0 +85\u00b0C (adapt\u00e9 aux environnements vari\u00e9s).<\/li>\n<\/ul>","protected":false},"excerpt":{"rendered":"<h5>Le\u00a0<strong>bouton poussoir 6x6x5 mm \u00e0 2 broches<\/strong>\u00a0est un interrupteur utilis\u00e9 pour allumer ou ajouter une commande \u00e0 de petits projets \u00e9lectroniques.<\/h5>","protected":false},"featured_media":16804,"comment_status":"open","ping_status":"closed","template":"","meta":{"_joinchat":[]},"product_brand":[],"product_cat":[120],"product_tag":[],"class_list":{"0":"post-16803","1":"product","2":"type-product","3":"status-publish","4":"has-post-thumbnail","6":"product_cat-commutateurs-boutons","8":"first","9":"instock","10":"shipping-taxable","11":"purchasable","12":"product-type-simple"},"_links":{"self":[{"href":"https:\/\/edukeytech.com\/en\/wp-json\/wp\/v2\/product\/16803","targetHints":{"allow":["GET"]}}],"collection":[{"href":"https:\/\/edukeytech.com\/en\/wp-json\/wp\/v2\/product"}],"about":[{"href":"https:\/\/edukeytech.com\/en\/wp-json\/wp\/v2\/types\/product"}],"replies":[{"embeddable":true,"href":"https:\/\/edukeytech.com\/en\/wp-json\/wp\/v2\/comments?post=16803"}],"version-history":[{"count":1,"href":"https:\/\/edukeytech.com\/en\/wp-json\/wp\/v2\/product\/16803\/revisions"}],"predecessor-version":[{"id":16807,"href":"https:\/\/edukeytech.com\/en\/wp-json\/wp\/v2\/product\/16803\/revisions\/16807"}],"wp:featuredmedia":[{"embeddable":true,"href":"https:\/\/edukeytech.com\/en\/wp-json\/wp\/v2\/media\/16804"}],"wp:attachment":[{"href":"https:\/\/edukeytech.com\/en\/wp-json\/wp\/v2\/media?parent=16803"}],"wp:term":[{"taxonomy":"product_brand","embeddable":true,"href":"https:\/\/edukeytech.com\/en\/wp-json\/wp\/v2\/product_brand?post=16803"},{"taxonomy":"product_cat","embeddable":true,"href":"https:\/\/edukeytech.com\/en\/wp-json\/wp\/v2\/product_cat?post=16803"},{"taxonomy":"product_tag","embeddable":true,"href":"https:\/\/edukeytech.com\/en\/wp-json\/wp\/v2\/product_tag?post=16803"}],"curies":[{"name":"wp","href":"https:\/\/api.w.org\/{rel}","templated":true}]}}