{"id":16788,"date":"2025-02-22T17:32:41","date_gmt":"2025-02-22T17:32:41","guid":{"rendered":"https:\/\/edukeytech.com\/?post_type=product&#038;p=16788"},"modified":"2025-02-22T17:32:42","modified_gmt":"2025-02-22T17:32:42","slug":"fs90d-servo-moteur-a-rotation-continu-360-2","status":"publish","type":"product","link":"https:\/\/edukeytech.com\/en\/product\/fs90d-servo-moteur-a-rotation-continu-360-2\/","title":{"rendered":"FS90D Servo Moteur \u00e0 Rotation Continu 360\u00b0"},"content":{"rendered":"<p>Le\u00a0<strong>servomoteur miniature TS90D<\/strong>\u00a0est un moteur capable de tourner en continu sur\u00a0<strong>360\u00b0<\/strong>. \u00c0 une tension de\u00a0<strong>6 V<\/strong>, il atteint une\u00a0<strong>vitesse maximale de 130 tours par minute<\/strong>\u00a0(sans charge) et peut exercer un\u00a0<strong>couple de 1,5 kg-cm<\/strong>.<\/p>\n<p>Il se contr\u00f4le facilement via\u00a0<strong>une seule sortie d\u2019un microcontr\u00f4leur<\/strong>, sans n\u00e9cessiter de composants \u00e9lectroniques suppl\u00e9mentaires.<\/p>\n<h5>Caract\u00e9ristiques :<\/h5>\n<h5>Alimentation: 4,8 \u00e0 6 Vcc<br \/>\nCourse: 360\u00b0<br \/>\nCouple: 1,4 kg.cm<br \/>\nVitesse \u00e0 vide: 120 tr\/min<br \/>\nDimensions: 24 x 13 x 29 mm<br \/>\nPoids: 9 g<\/h5>","protected":false},"excerpt":{"rendered":"<h5>Servo moteur TS90D \u00e0 rotation continu 360\u00b0 est un servomoteur miniature offrant des performances pour les projets de robotique.<\/h5>","protected":false},"featured_media":16789,"comment_status":"open","ping_status":"closed","template":"","meta":{"_joinchat":[]},"product_brand":[],"product_cat":[107],"product_tag":[],"class_list":{"0":"post-16788","1":"product","2":"type-product","3":"status-publish","4":"has-post-thumbnail","6":"product_cat-moteurs","8":"first","9":"instock","10":"shipping-taxable","11":"purchasable","12":"product-type-simple"},"_links":{"self":[{"href":"https:\/\/edukeytech.com\/en\/wp-json\/wp\/v2\/product\/16788","targetHints":{"allow":["GET"]}}],"collection":[{"href":"https:\/\/edukeytech.com\/en\/wp-json\/wp\/v2\/product"}],"about":[{"href":"https:\/\/edukeytech.com\/en\/wp-json\/wp\/v2\/types\/product"}],"replies":[{"embeddable":true,"href":"https:\/\/edukeytech.com\/en\/wp-json\/wp\/v2\/comments?post=16788"}],"version-history":[{"count":1,"href":"https:\/\/edukeytech.com\/en\/wp-json\/wp\/v2\/product\/16788\/revisions"}],"predecessor-version":[{"id":16792,"href":"https:\/\/edukeytech.com\/en\/wp-json\/wp\/v2\/product\/16788\/revisions\/16792"}],"wp:featuredmedia":[{"embeddable":true,"href":"https:\/\/edukeytech.com\/en\/wp-json\/wp\/v2\/media\/16789"}],"wp:attachment":[{"href":"https:\/\/edukeytech.com\/en\/wp-json\/wp\/v2\/media?parent=16788"}],"wp:term":[{"taxonomy":"product_brand","embeddable":true,"href":"https:\/\/edukeytech.com\/en\/wp-json\/wp\/v2\/product_brand?post=16788"},{"taxonomy":"product_cat","embeddable":true,"href":"https:\/\/edukeytech.com\/en\/wp-json\/wp\/v2\/product_cat?post=16788"},{"taxonomy":"product_tag","embeddable":true,"href":"https:\/\/edukeytech.com\/en\/wp-json\/wp\/v2\/product_tag?post=16788"}],"curies":[{"name":"wp","href":"https:\/\/api.w.org\/{rel}","templated":true}]}}