{"id":16783,"date":"2025-02-22T17:17:32","date_gmt":"2025-02-22T17:17:32","guid":{"rendered":"https:\/\/edukeytech.com\/?post_type=product&#038;p=16783"},"modified":"2025-02-22T17:17:33","modified_gmt":"2025-02-22T17:17:33","slug":"l293d-double-pont-h-driver-moteur","status":"publish","type":"product","link":"https:\/\/edukeytech.com\/en\/product\/l293d-double-pont-h-driver-moteur\/","title":{"rendered":"L293D Double Pont-H Driver Moteur"},"content":{"rendered":"<p>Le\u00a0<strong>L293D<\/strong>\u00a0est un circuit int\u00e9gr\u00e9 con\u00e7u pour contr\u00f4ler des moteurs.<\/p>\n<ul>\n<li><strong>Double pont-H<\/strong>\u00a0: Il permet de g\u00e9rer\u00a0<strong>quatre moteurs<\/strong>\u00a0dans\u00a0<strong>un seul sens<\/strong>\u00a0gr\u00e2ce \u00e0 ses\u00a0<strong>4 canaux<\/strong>.<\/li>\n<li><strong>Deux ponts-H<\/strong>\u00a0: Il peut \u00e9galement contr\u00f4ler\u00a0<strong>deux moteurs<\/strong>\u00a0dans\u00a0<strong>les deux sens<\/strong>, de fa\u00e7on ind\u00e9pendante.<\/li>\n<\/ul>\n<p>&nbsp;<\/p>\n<h5>Caract\u00e9ristiques :<\/h5>\n<h5>Nombre de pont-H: 2<br \/>\nCourant Max R\u00e9gime continu: 600mA (x2)<br \/>\nCourant de pointeMax &lt; 2ms: 1200mA<br \/>\nVS Max Alim moteur: 36v<br \/>\nVSS Max Alim logique: 7v<br \/>\nNbre de Broches: 16 DIP<br \/>\nPerte de tension: 1.3v<\/h5>","protected":false},"excerpt":{"rendered":"<h5>Le\u00a0<strong>L293D<\/strong>\u00a0est un circuit int\u00e9gr\u00e9 con\u00e7u pour contr\u00f4ler des moteurs.<\/h5>","protected":false},"featured_media":16784,"comment_status":"open","ping_status":"closed","template":"","meta":{"_joinchat":[]},"product_brand":[],"product_cat":[107],"product_tag":[],"class_list":{"0":"post-16783","1":"product","2":"type-product","3":"status-publish","4":"has-post-thumbnail","6":"product_cat-moteurs","8":"first","9":"instock","10":"shipping-taxable","11":"purchasable","12":"product-type-simple"},"_links":{"self":[{"href":"https:\/\/edukeytech.com\/en\/wp-json\/wp\/v2\/product\/16783","targetHints":{"allow":["GET"]}}],"collection":[{"href":"https:\/\/edukeytech.com\/en\/wp-json\/wp\/v2\/product"}],"about":[{"href":"https:\/\/edukeytech.com\/en\/wp-json\/wp\/v2\/types\/product"}],"replies":[{"embeddable":true,"href":"https:\/\/edukeytech.com\/en\/wp-json\/wp\/v2\/comments?post=16783"}],"version-history":[{"count":1,"href":"https:\/\/edukeytech.com\/en\/wp-json\/wp\/v2\/product\/16783\/revisions"}],"predecessor-version":[{"id":16787,"href":"https:\/\/edukeytech.com\/en\/wp-json\/wp\/v2\/product\/16783\/revisions\/16787"}],"wp:featuredmedia":[{"embeddable":true,"href":"https:\/\/edukeytech.com\/en\/wp-json\/wp\/v2\/media\/16784"}],"wp:attachment":[{"href":"https:\/\/edukeytech.com\/en\/wp-json\/wp\/v2\/media?parent=16783"}],"wp:term":[{"taxonomy":"product_brand","embeddable":true,"href":"https:\/\/edukeytech.com\/en\/wp-json\/wp\/v2\/product_brand?post=16783"},{"taxonomy":"product_cat","embeddable":true,"href":"https:\/\/edukeytech.com\/en\/wp-json\/wp\/v2\/product_cat?post=16783"},{"taxonomy":"product_tag","embeddable":true,"href":"https:\/\/edukeytech.com\/en\/wp-json\/wp\/v2\/product_tag?post=16783"}],"curies":[{"name":"wp","href":"https:\/\/api.w.org\/{rel}","templated":true}]}}