{"id":16762,"date":"2025-02-22T15:11:07","date_gmt":"2025-02-22T15:11:07","guid":{"rendered":"https:\/\/edukeytech.com\/?post_type=product&#038;p=16762"},"modified":"2025-02-22T15:11:08","modified_gmt":"2025-02-22T15:11:08","slug":"oscillateurs-a-quartz-20mhz","status":"publish","type":"product","link":"https:\/\/edukeytech.com\/en\/product\/oscillateurs-a-quartz-20mhz\/","title":{"rendered":"Oscillateurs \u00e0 Quartz 20Mhz"},"content":{"rendered":"<p>Les\u00a0<strong>oscillateurs \u00e0 quartz<\/strong>\u00a0sont des composants \u00e9lectroniques qui g\u00e9n\u00e8rent un signal \u00e9lectrique p\u00e9riodique avec une\u00a0<strong>fr\u00e9quence pr\u00e9cise et stable<\/strong>. Ils fonctionnent gr\u00e2ce aux vibrations d\u2019un cristal de quartz soumis \u00e0 un champ \u00e9lectrique (effet pi\u00e9zo\u00e9lectrique).<\/p>","protected":false},"excerpt":{"rendered":"<h5>QUARTZ 20 MHZ pour les micro contr\u00f4leurs Pic \/ Atmel<\/h5>","protected":false},"featured_media":16763,"comment_status":"open","ping_status":"closed","template":"","meta":{"_joinchat":[]},"product_brand":[],"product_cat":[82],"product_tag":[],"class_list":{"0":"post-16762","1":"product","2":"type-product","3":"status-publish","4":"has-post-thumbnail","6":"product_cat-microcontroleur","8":"first","9":"instock","10":"shipping-taxable","11":"purchasable","12":"product-type-simple"},"_links":{"self":[{"href":"https:\/\/edukeytech.com\/en\/wp-json\/wp\/v2\/product\/16762","targetHints":{"allow":["GET"]}}],"collection":[{"href":"https:\/\/edukeytech.com\/en\/wp-json\/wp\/v2\/product"}],"about":[{"href":"https:\/\/edukeytech.com\/en\/wp-json\/wp\/v2\/types\/product"}],"replies":[{"embeddable":true,"href":"https:\/\/edukeytech.com\/en\/wp-json\/wp\/v2\/comments?post=16762"}],"version-history":[{"count":1,"href":"https:\/\/edukeytech.com\/en\/wp-json\/wp\/v2\/product\/16762\/revisions"}],"predecessor-version":[{"id":16765,"href":"https:\/\/edukeytech.com\/en\/wp-json\/wp\/v2\/product\/16762\/revisions\/16765"}],"wp:featuredmedia":[{"embeddable":true,"href":"https:\/\/edukeytech.com\/en\/wp-json\/wp\/v2\/media\/16763"}],"wp:attachment":[{"href":"https:\/\/edukeytech.com\/en\/wp-json\/wp\/v2\/media?parent=16762"}],"wp:term":[{"taxonomy":"product_brand","embeddable":true,"href":"https:\/\/edukeytech.com\/en\/wp-json\/wp\/v2\/product_brand?post=16762"},{"taxonomy":"product_cat","embeddable":true,"href":"https:\/\/edukeytech.com\/en\/wp-json\/wp\/v2\/product_cat?post=16762"},{"taxonomy":"product_tag","embeddable":true,"href":"https:\/\/edukeytech.com\/en\/wp-json\/wp\/v2\/product_tag?post=16762"}],"curies":[{"name":"wp","href":"https:\/\/api.w.org\/{rel}","templated":true}]}}