{"id":16753,"date":"2025-02-22T14:21:29","date_gmt":"2025-02-22T14:21:29","guid":{"rendered":"https:\/\/edukeytech.com\/?post_type=product&#038;p=16753"},"modified":"2025-03-09T23:48:49","modified_gmt":"2025-03-09T23:48:49","slug":"pic16f877a-microcontroleur-20mhz-14kb","status":"publish","type":"product","link":"https:\/\/edukeytech.com\/en\/product\/pic16f877a-microcontroleur-20mhz-14kb\/","title":{"rendered":"PIC16F877A Microcontr\u00f4leur 20Mhz 14KB"},"content":{"rendered":"<p>Le\u00a0<strong>PIC16F877A<\/strong>\u00a0est un\u00a0<strong>microcontr\u00f4leur 8 bits<\/strong>\u00a0utilisant la technologie\u00a0<strong>CMOS<\/strong>, ce qui le rend \u00e9conome en \u00e9nergie. Il dispose d&rsquo;une\u00a0<strong>m\u00e9moire Flash de 14 KB<\/strong>, permettant de stocker et de modifier le programme. Ce microcontr\u00f4leur est adapt\u00e9 aux\u00a0<strong>applications embarqu\u00e9es<\/strong>\u00a0(comme les syst\u00e8mes automatis\u00e9s) gr\u00e2ce \u00e0 sa\u00a0<strong>fiabilit\u00e9<\/strong>\u00a0et sa\u00a0<strong>flexibilit\u00e9<\/strong>, offrant de nombreuses possibilit\u00e9s de programmation et d&rsquo;utilisation.<\/p>\n<h5>Caract\u00e9ristiques:<\/h5>\n<h5>Microcontr\u00f4leur: PIC16F877A<br \/>\nFr\u00e9quence d\u2019horloge: Jusqu\u2019\u00e0 20 MHz<br \/>\nM\u00e9moire Flash: 14 KB<br \/>\nM\u00e9moire RAM: 368 octets<br \/>\nM\u00e9moire EEPROM: 256 octets<br \/>\nBroches I\/O: 33 broches<br \/>\nBlocs de minuterie: 2 timers 8 bits, 1 timer 16 bits<br \/>\nInterfaces: UART, SPI, I2C<br \/>\nConvertisseur ADC: 10 bits, 8 canaux<br \/>\nTension de fonctionnement: 2V \u00e0 5.5V<\/h5>","protected":false},"excerpt":{"rendered":"<h5>Le PIC16F877A est un microcontr\u00f4leur 8 bits CMOS avec une m\u00e9moire Flash de 14 KB.<\/h5>","protected":false},"featured_media":16754,"comment_status":"open","ping_status":"closed","template":"","meta":{"_joinchat":[]},"product_brand":[],"product_cat":[82],"product_tag":[],"class_list":{"0":"post-16753","1":"product","2":"type-product","3":"status-publish","4":"has-post-thumbnail","6":"product_cat-microcontroleur","8":"first","9":"instock","10":"shipping-taxable","11":"purchasable","12":"product-type-simple"},"_links":{"self":[{"href":"https:\/\/edukeytech.com\/en\/wp-json\/wp\/v2\/product\/16753","targetHints":{"allow":["GET"]}}],"collection":[{"href":"https:\/\/edukeytech.com\/en\/wp-json\/wp\/v2\/product"}],"about":[{"href":"https:\/\/edukeytech.com\/en\/wp-json\/wp\/v2\/types\/product"}],"replies":[{"embeddable":true,"href":"https:\/\/edukeytech.com\/en\/wp-json\/wp\/v2\/comments?post=16753"}],"version-history":[{"count":1,"href":"https:\/\/edukeytech.com\/en\/wp-json\/wp\/v2\/product\/16753\/revisions"}],"predecessor-version":[{"id":16756,"href":"https:\/\/edukeytech.com\/en\/wp-json\/wp\/v2\/product\/16753\/revisions\/16756"}],"wp:featuredmedia":[{"embeddable":true,"href":"https:\/\/edukeytech.com\/en\/wp-json\/wp\/v2\/media\/16754"}],"wp:attachment":[{"href":"https:\/\/edukeytech.com\/en\/wp-json\/wp\/v2\/media?parent=16753"}],"wp:term":[{"taxonomy":"product_brand","embeddable":true,"href":"https:\/\/edukeytech.com\/en\/wp-json\/wp\/v2\/product_brand?post=16753"},{"taxonomy":"product_cat","embeddable":true,"href":"https:\/\/edukeytech.com\/en\/wp-json\/wp\/v2\/product_cat?post=16753"},{"taxonomy":"product_tag","embeddable":true,"href":"https:\/\/edukeytech.com\/en\/wp-json\/wp\/v2\/product_tag?post=16753"}],"curies":[{"name":"wp","href":"https:\/\/api.w.org\/{rel}","templated":true}]}}