{"id":16744,"date":"2025-02-22T14:04:12","date_gmt":"2025-02-22T14:04:12","guid":{"rendered":"https:\/\/edukeytech.com\/?post_type=product&#038;p=16744"},"modified":"2025-03-09T23:50:52","modified_gmt":"2025-03-09T23:50:52","slug":"pic12f675-microcontroleur-20mhz-1-75kb","status":"publish","type":"product","link":"https:\/\/edukeytech.com\/en\/product\/pic12f675-microcontroleur-20mhz-1-75kb\/","title":{"rendered":"PIC12F675 Microcontr\u00f4leur 20Mhz 1.75KB"},"content":{"rendered":"<p>Le\u00a0<strong>PIC12F675<\/strong>\u00a0est un\u00a0<strong>microcontr\u00f4leur 8 bits CMOS<\/strong>\u00a0fonctionnant \u00e0\u00a0<strong>20 MHz<\/strong>. Il dispose de\u00a0<strong>1,75 KB de m\u00e9moire Flash<\/strong>\u00a0(pour le programme),\u00a0<strong>64 octets de RAM<\/strong>\u00a0(pour les donn\u00e9es temporaires) et\u00a0<strong>128 octets d\u2019EEPROM<\/strong>\u00a0(pour le stockage permanent). Il est reconnu pour sa\u00a0<strong>faible consommation d\u2019\u00e9nergie<\/strong>\u00a0et ses\u00a0<strong>performances fiables<\/strong>.<\/p>\n<h5>Caract\u00e9ristiques:<\/h5>\n<h5>Microcontr\u00f4leur: PIC12F675<br \/>\nFr\u00e9quence d\u2019horloge: Jusqu\u2019\u00e0 20 MHz<br \/>\nM\u00e9moire Flash: 1.75 KB<br \/>\nM\u00e9moire RAM: 64 octets<br \/>\nM\u00e9moire EEPROM: 128 octets<br \/>\nBroches I\/O: 6 broches<br \/>\nBlocs de minuterie: 1 (8 bits) et 1 (16 bits)<br \/>\nInterfaces: UART, SPI, I2C<br \/>\nComparateurs: 1<br \/>\nConvertisseur ADC: 10 bits, 4 canaux<br \/>\nTension de fonctionnement: 2V \u00e0 5.5V<\/h5>","protected":false},"excerpt":{"rendered":"<h5>PIC12F675 microcontr\u00f4leur 20 MHz est caract\u00e9ris\u00e9 par une m\u00e9moire Flash de 1.75 KB , 64 octets de RAM et 128 octets d\u2019EEPROM.<\/h5>","protected":false},"featured_media":16745,"comment_status":"open","ping_status":"closed","template":"","meta":{"_joinchat":[]},"product_brand":[],"product_cat":[82],"product_tag":[],"class_list":{"0":"post-16744","1":"product","2":"type-product","3":"status-publish","4":"has-post-thumbnail","6":"product_cat-microcontroleur","8":"first","9":"instock","10":"shipping-taxable","11":"purchasable","12":"product-type-simple"},"_links":{"self":[{"href":"https:\/\/edukeytech.com\/en\/wp-json\/wp\/v2\/product\/16744","targetHints":{"allow":["GET"]}}],"collection":[{"href":"https:\/\/edukeytech.com\/en\/wp-json\/wp\/v2\/product"}],"about":[{"href":"https:\/\/edukeytech.com\/en\/wp-json\/wp\/v2\/types\/product"}],"replies":[{"embeddable":true,"href":"https:\/\/edukeytech.com\/en\/wp-json\/wp\/v2\/comments?post=16744"}],"version-history":[{"count":1,"href":"https:\/\/edukeytech.com\/en\/wp-json\/wp\/v2\/product\/16744\/revisions"}],"predecessor-version":[{"id":16747,"href":"https:\/\/edukeytech.com\/en\/wp-json\/wp\/v2\/product\/16744\/revisions\/16747"}],"wp:featuredmedia":[{"embeddable":true,"href":"https:\/\/edukeytech.com\/en\/wp-json\/wp\/v2\/media\/16745"}],"wp:attachment":[{"href":"https:\/\/edukeytech.com\/en\/wp-json\/wp\/v2\/media?parent=16744"}],"wp:term":[{"taxonomy":"product_brand","embeddable":true,"href":"https:\/\/edukeytech.com\/en\/wp-json\/wp\/v2\/product_brand?post=16744"},{"taxonomy":"product_cat","embeddable":true,"href":"https:\/\/edukeytech.com\/en\/wp-json\/wp\/v2\/product_cat?post=16744"},{"taxonomy":"product_tag","embeddable":true,"href":"https:\/\/edukeytech.com\/en\/wp-json\/wp\/v2\/product_tag?post=16744"}],"curies":[{"name":"wp","href":"https:\/\/api.w.org\/{rel}","templated":true}]}}