{"id":16737,"date":"2025-02-22T13:49:52","date_gmt":"2025-02-22T13:49:52","guid":{"rendered":"https:\/\/edukeytech.com\/?post_type=product&#038;p=16737"},"modified":"2025-03-09T23:51:35","modified_gmt":"2025-03-09T23:51:35","slug":"pic16f676-microcontroleur-20mhz-1-75kb","status":"publish","type":"product","link":"https:\/\/edukeytech.com\/en\/product\/pic16f676-microcontroleur-20mhz-1-75kb\/","title":{"rendered":"PIC16F676 Microcontr\u00f4leur 20Mhz 1.75KB"},"content":{"rendered":"<p>Le\u00a0<strong>PIC16F676<\/strong>\u00a0est un\u00a0<strong>microcontr\u00f4leur 8 bits<\/strong>\u00a0utilisant la technologie\u00a0<strong>CMOS<\/strong>, connu pour sa\u00a0<strong>basse consommation d&rsquo;\u00e9nergie<\/strong>. Il dispose d&rsquo;une\u00a0<strong>m\u00e9moire Flash de 1,75 KB<\/strong>, permettant de stocker et d&rsquo;ex\u00e9cuter des programmes. Ce microcontr\u00f4leur est id\u00e9al pour des\u00a0<strong>applications embarqu\u00e9es<\/strong>, comme l&rsquo;automatisation ou les syst\u00e8mes de contr\u00f4le, o\u00f9 l&rsquo;\u00e9conomie d&rsquo;\u00e9nergie est essentielle.<\/p>\n<h5>Caract\u00e9ristiques:<\/h5>\n<h5>Microcontr\u00f4leur: PIC16F676<br \/>\nFr\u00e9quence d\u2019horloge: Jusqu\u2019\u00e0 20 MHz<br \/>\nM\u00e9moire Flash: 1.75 KB<br \/>\nM\u00e9moire RAM: 64 octets<br \/>\nM\u00e9moire EEPROM: 128 octets<br \/>\nBroches I\/O: 12 broches<br \/>\nBlocs de minuterie: 2 (8 bits)<br \/>\nInterfaces: UART, SPI, I2C<br \/>\nComparateurs: 1<br \/>\nConvertisseur ADC: 10 bits, 8 canaux<br \/>\nTension de fonctionnement: 2V \u00e0 5.5V<\/h5>","protected":false},"excerpt":{"rendered":"<h5>PIC16F676 Microcontr\u00f4leur 20Mhz 1.75KB<\/h5>\n<p>Le\u00a0<strong>PIC16F676<\/strong>\u00a0est un\u00a0<strong>microcontr\u00f4leur 8 bits<\/strong>\u00a0utilisant la technologie\u00a0<strong>CMOS<\/strong>, connu pour sa\u00a0<strong>basse consommation d&rsquo;\u00e9nergie.<\/strong><\/p>","protected":false},"featured_media":16738,"comment_status":"open","ping_status":"closed","template":"","meta":{"_joinchat":[]},"product_brand":[],"product_cat":[82],"product_tag":[],"class_list":{"0":"post-16737","1":"product","2":"type-product","3":"status-publish","4":"has-post-thumbnail","6":"product_cat-microcontroleur","8":"first","9":"instock","10":"shipping-taxable","11":"purchasable","12":"product-type-simple"},"_links":{"self":[{"href":"https:\/\/edukeytech.com\/en\/wp-json\/wp\/v2\/product\/16737","targetHints":{"allow":["GET"]}}],"collection":[{"href":"https:\/\/edukeytech.com\/en\/wp-json\/wp\/v2\/product"}],"about":[{"href":"https:\/\/edukeytech.com\/en\/wp-json\/wp\/v2\/types\/product"}],"replies":[{"embeddable":true,"href":"https:\/\/edukeytech.com\/en\/wp-json\/wp\/v2\/comments?post=16737"}],"version-history":[{"count":2,"href":"https:\/\/edukeytech.com\/en\/wp-json\/wp\/v2\/product\/16737\/revisions"}],"predecessor-version":[{"id":16742,"href":"https:\/\/edukeytech.com\/en\/wp-json\/wp\/v2\/product\/16737\/revisions\/16742"}],"wp:featuredmedia":[{"embeddable":true,"href":"https:\/\/edukeytech.com\/en\/wp-json\/wp\/v2\/media\/16738"}],"wp:attachment":[{"href":"https:\/\/edukeytech.com\/en\/wp-json\/wp\/v2\/media?parent=16737"}],"wp:term":[{"taxonomy":"product_brand","embeddable":true,"href":"https:\/\/edukeytech.com\/en\/wp-json\/wp\/v2\/product_brand?post=16737"},{"taxonomy":"product_cat","embeddable":true,"href":"https:\/\/edukeytech.com\/en\/wp-json\/wp\/v2\/product_cat?post=16737"},{"taxonomy":"product_tag","embeddable":true,"href":"https:\/\/edukeytech.com\/en\/wp-json\/wp\/v2\/product_tag?post=16737"}],"curies":[{"name":"wp","href":"https:\/\/api.w.org\/{rel}","templated":true}]}}