{"id":16732,"date":"2025-02-22T00:40:57","date_gmt":"2025-02-22T00:40:57","guid":{"rendered":"https:\/\/edukeytech.com\/?post_type=product&#038;p=16732"},"modified":"2025-03-09T23:52:11","modified_gmt":"2025-03-09T23:52:11","slug":"pic16f88-microcontroleur-20mhz-7kb","status":"publish","type":"product","link":"https:\/\/edukeytech.com\/en\/product\/pic16f88-microcontroleur-20mhz-7kb\/","title":{"rendered":"PIC16F88 Microcontr\u00f4leur 20Mhz 7KB"},"content":{"rendered":"<p>Le\u00a0<strong>PIC16F88<\/strong>\u00a0est un\u00a0<strong>microcontr\u00f4leur 8 bits<\/strong>\u00a0utilisant la technologie\u00a0<strong>CMOS<\/strong>. Il dispose d&rsquo;une\u00a0<strong>m\u00e9moire Flash de 7 KB<\/strong>, ce qui permet de stocker et modifier le programme embarqu\u00e9. Fonctionnant \u00e0 une\u00a0<strong>fr\u00e9quence de 20 MHz<\/strong>, il est con\u00e7u pour des\u00a0<strong>applications embarqu\u00e9es<\/strong>, offrant des fonctionnalit\u00e9s avanc\u00e9es et une grande flexibilit\u00e9 pour le d\u00e9veloppement de syst\u00e8mes \u00e9lectroniques.<\/p>\n<h5>Caract\u00e9ristiques:<\/h5>\n<h5>Microcontr\u00f4leur: PIC16F88<br \/>\nFr\u00e9quence d\u2019horloge: Jusqu\u2019\u00e0 20 MHz<br \/>\nM\u00e9moire Flash: 7 KB<br \/>\nM\u00e9moire RAM: 368 octets<br \/>\nM\u00e9moire EEPROM: 256 octets<br \/>\nBroches I\/O: 16 broches<br \/>\nBlocs de minuterie: 2 timers 8 bits, 1 timer 16 bits<br \/>\nInterfaces: UART, SPI, I2C<br \/>\nComparateurs: 2<br \/>\nConvertisseur ADC: 10 bits, 7 canaux<br \/>\nTension de fonctionnement: 2V \u00e0 5.5V<\/h5>","protected":false},"excerpt":{"rendered":"<h5>PIC16F88 Microcontr\u00f4leur 20Mhz 7KB<\/h5>","protected":false},"featured_media":16734,"comment_status":"open","ping_status":"closed","template":"","meta":{"_joinchat":[]},"product_brand":[],"product_cat":[82],"product_tag":[],"class_list":{"0":"post-16732","1":"product","2":"type-product","3":"status-publish","4":"has-post-thumbnail","6":"product_cat-microcontroleur","8":"first","9":"instock","10":"shipping-taxable","11":"purchasable","12":"product-type-simple"},"_links":{"self":[{"href":"https:\/\/edukeytech.com\/en\/wp-json\/wp\/v2\/product\/16732","targetHints":{"allow":["GET"]}}],"collection":[{"href":"https:\/\/edukeytech.com\/en\/wp-json\/wp\/v2\/product"}],"about":[{"href":"https:\/\/edukeytech.com\/en\/wp-json\/wp\/v2\/types\/product"}],"replies":[{"embeddable":true,"href":"https:\/\/edukeytech.com\/en\/wp-json\/wp\/v2\/comments?post=16732"}],"version-history":[{"count":1,"href":"https:\/\/edukeytech.com\/en\/wp-json\/wp\/v2\/product\/16732\/revisions"}],"predecessor-version":[{"id":16735,"href":"https:\/\/edukeytech.com\/en\/wp-json\/wp\/v2\/product\/16732\/revisions\/16735"}],"wp:featuredmedia":[{"embeddable":true,"href":"https:\/\/edukeytech.com\/en\/wp-json\/wp\/v2\/media\/16734"}],"wp:attachment":[{"href":"https:\/\/edukeytech.com\/en\/wp-json\/wp\/v2\/media?parent=16732"}],"wp:term":[{"taxonomy":"product_brand","embeddable":true,"href":"https:\/\/edukeytech.com\/en\/wp-json\/wp\/v2\/product_brand?post=16732"},{"taxonomy":"product_cat","embeddable":true,"href":"https:\/\/edukeytech.com\/en\/wp-json\/wp\/v2\/product_cat?post=16732"},{"taxonomy":"product_tag","embeddable":true,"href":"https:\/\/edukeytech.com\/en\/wp-json\/wp\/v2\/product_tag?post=16732"}],"curies":[{"name":"wp","href":"https:\/\/api.w.org\/{rel}","templated":true}]}}