{"id":16723,"date":"2025-02-22T00:15:21","date_gmt":"2025-02-22T00:15:21","guid":{"rendered":"https:\/\/edukeytech.com\/?post_type=product&#038;p=16723"},"modified":"2025-03-09T23:53:20","modified_gmt":"2025-03-09T23:53:20","slug":"attiny2313-microcontroleur-20mhz-2kb","status":"publish","type":"product","link":"https:\/\/edukeytech.com\/en\/product\/attiny2313-microcontroleur-20mhz-2kb\/","title":{"rendered":"ATTINY2313 Microcontr\u00f4leur 20Mhz 2KB"},"content":{"rendered":"<p>Le microcontr\u00f4leur ATTINY2313 dispose de\u00a0<strong>18 broches d\u2019entr\u00e9e\/sortie (I\/O)<\/strong>, ce qui permet de connecter facilement divers p\u00e9riph\u00e9riques. Il est \u00e9quip\u00e9 de\u00a0<strong>128 octets de m\u00e9moire SRAM et EEPROM<\/strong>, offrant ainsi une capacit\u00e9 suffisante pour de nombreuses applications, notamment en\u00a0<strong>robotique<\/strong>\u00a0et en\u00a0<strong>automatisation industrielle<\/strong>.<\/p>\n<p>&nbsp;<\/p>\n<h4>Caract\u00e9ristiques:<\/h4>\n<h5>Microcontr\u00f4leur: ATTINY2313<br \/>\nFr\u00e9quence d\u2019horloge: Jusqu\u2019\u00e0 20 MHz<br \/>\nM\u00e9moire Flash: 2 KB<br \/>\nM\u00e9moire EEPROM: 128 octets<br \/>\nM\u00e9moire SRAM: 128 octets<br \/>\nBroches I\/O: 18 entr\u00e9es\/sorties<br \/>\nBlocs de minuterie: 1 (8 bits), 1 (16 bits)<br \/>\nInterfaces: 1 UART, 2 SPI, 1 I2C<br \/>\nComparateurs: 1<br \/>\nCanaux tactiles: 4<br \/>\nTension de fonctionnement: 1.8V \u00e0 5.5V<\/h5>","protected":false},"excerpt":{"rendered":"<h5>Le microcontr\u00f4leur ATTINY2313 dispose de\u00a0<strong>18 broches d\u2019entr\u00e9e\/sortie (I\/O)<\/strong>,<\/h5>","protected":false},"featured_media":16724,"comment_status":"open","ping_status":"closed","template":"","meta":{"_joinchat":[]},"product_brand":[],"product_cat":[82],"product_tag":[],"class_list":{"0":"post-16723","1":"product","2":"type-product","3":"status-publish","4":"has-post-thumbnail","6":"product_cat-microcontroleur","8":"first","9":"instock","10":"shipping-taxable","11":"purchasable","12":"product-type-simple"},"_links":{"self":[{"href":"https:\/\/edukeytech.com\/en\/wp-json\/wp\/v2\/product\/16723","targetHints":{"allow":["GET"]}}],"collection":[{"href":"https:\/\/edukeytech.com\/en\/wp-json\/wp\/v2\/product"}],"about":[{"href":"https:\/\/edukeytech.com\/en\/wp-json\/wp\/v2\/types\/product"}],"replies":[{"embeddable":true,"href":"https:\/\/edukeytech.com\/en\/wp-json\/wp\/v2\/comments?post=16723"}],"version-history":[{"count":1,"href":"https:\/\/edukeytech.com\/en\/wp-json\/wp\/v2\/product\/16723\/revisions"}],"predecessor-version":[{"id":16726,"href":"https:\/\/edukeytech.com\/en\/wp-json\/wp\/v2\/product\/16723\/revisions\/16726"}],"wp:featuredmedia":[{"embeddable":true,"href":"https:\/\/edukeytech.com\/en\/wp-json\/wp\/v2\/media\/16724"}],"wp:attachment":[{"href":"https:\/\/edukeytech.com\/en\/wp-json\/wp\/v2\/media?parent=16723"}],"wp:term":[{"taxonomy":"product_brand","embeddable":true,"href":"https:\/\/edukeytech.com\/en\/wp-json\/wp\/v2\/product_brand?post=16723"},{"taxonomy":"product_cat","embeddable":true,"href":"https:\/\/edukeytech.com\/en\/wp-json\/wp\/v2\/product_cat?post=16723"},{"taxonomy":"product_tag","embeddable":true,"href":"https:\/\/edukeytech.com\/en\/wp-json\/wp\/v2\/product_tag?post=16723"}],"curies":[{"name":"wp","href":"https:\/\/api.w.org\/{rel}","templated":true}]}}