{"id":16718,"date":"2025-02-22T00:03:20","date_gmt":"2025-02-22T00:03:20","guid":{"rendered":"https:\/\/edukeytech.com\/?post_type=product&#038;p=16718"},"modified":"2025-02-22T00:06:07","modified_gmt":"2025-02-22T00:06:07","slug":"microcontroleur-atmega8-16mhz-8kb","status":"publish","type":"product","link":"https:\/\/edukeytech.com\/en\/product\/microcontroleur-atmega8-16mhz-8kb\/","title":{"rendered":"Microcontr\u00f4leur  ATMEGA8 -16Mhz &#8211; 8KB"},"content":{"rendered":"<p>&nbsp;<\/p>\n<h5>Microcontr\u00f4leur ATmega8 (ou ATmega8A) en bo\u00eetier DIP \u00e0 28 broches. C\u2019est un composant de la famille des AVR, produit \u00e0 l\u2019origine par Atmel . Il s\u2019agit d\u2019un microcontr\u00f4leur 8 bits couramment utilis\u00e9 pour des projets d\u2019\u00e9lectronique et de prototypage, notamment dans des cartes comme l\u2019Arduino (dans certaines variantes ou dans des montages DIY).<\/h5>\n<h5>Caract\u00e9ristiques:<\/h5>\n<h5>Microcontr\u00f4leur: ATMega8<br \/>\nFr\u00e9quence d\u2019horloge: Jusqu\u2019\u00e0 16 MHz<br \/>\nM\u00e9moire Flash: 8 KB<br \/>\nM\u00e9moire EEPROM: 512 octets<br \/>\nM\u00e9moire SRAM: 1 KB<br \/>\nBroches I\/O: 23 entr\u00e9es\/sorties<br \/>\nBlocs de minuterie: 2 (8 bits) + 1 (16 bits)<br \/>\nInterfaces: UART, SPI, I2C<br \/>\nCanaux ADC: 6 canaux 10 bits<br \/>\nBo\u00eetier: DIP 28 broches<\/h5>","protected":false},"excerpt":{"rendered":"<h5>ATMega8 Microcontr\u00f4leur 16Mhz 8KB<\/h5>","protected":false},"featured_media":16721,"comment_status":"open","ping_status":"closed","template":"","meta":{"_joinchat":[]},"product_brand":[],"product_cat":[82],"product_tag":[],"class_list":{"0":"post-16718","1":"product","2":"type-product","3":"status-publish","4":"has-post-thumbnail","6":"product_cat-microcontroleur","8":"first","9":"instock","10":"shipping-taxable","11":"purchasable","12":"product-type-simple"},"_links":{"self":[{"href":"https:\/\/edukeytech.com\/en\/wp-json\/wp\/v2\/product\/16718","targetHints":{"allow":["GET"]}}],"collection":[{"href":"https:\/\/edukeytech.com\/en\/wp-json\/wp\/v2\/product"}],"about":[{"href":"https:\/\/edukeytech.com\/en\/wp-json\/wp\/v2\/types\/product"}],"replies":[{"embeddable":true,"href":"https:\/\/edukeytech.com\/en\/wp-json\/wp\/v2\/comments?post=16718"}],"version-history":[{"count":1,"href":"https:\/\/edukeytech.com\/en\/wp-json\/wp\/v2\/product\/16718\/revisions"}],"predecessor-version":[{"id":16722,"href":"https:\/\/edukeytech.com\/en\/wp-json\/wp\/v2\/product\/16718\/revisions\/16722"}],"wp:featuredmedia":[{"embeddable":true,"href":"https:\/\/edukeytech.com\/en\/wp-json\/wp\/v2\/media\/16721"}],"wp:attachment":[{"href":"https:\/\/edukeytech.com\/en\/wp-json\/wp\/v2\/media?parent=16718"}],"wp:term":[{"taxonomy":"product_brand","embeddable":true,"href":"https:\/\/edukeytech.com\/en\/wp-json\/wp\/v2\/product_brand?post=16718"},{"taxonomy":"product_cat","embeddable":true,"href":"https:\/\/edukeytech.com\/en\/wp-json\/wp\/v2\/product_cat?post=16718"},{"taxonomy":"product_tag","embeddable":true,"href":"https:\/\/edukeytech.com\/en\/wp-json\/wp\/v2\/product_tag?post=16718"}],"curies":[{"name":"wp","href":"https:\/\/api.w.org\/{rel}","templated":true}]}}