{"id":16614,"date":"2025-02-20T18:58:16","date_gmt":"2025-02-20T18:58:16","guid":{"rendered":"https:\/\/edukeytech.com\/?post_type=product&#038;p=16614"},"modified":"2025-02-21T22:43:08","modified_gmt":"2025-02-21T22:43:08","slug":"led-3mm-transparent","status":"publish","type":"product","link":"https:\/\/edukeytech.com\/en\/product\/led-3mm-transparent\/","title":{"rendered":"Led 3mm Transparente"},"content":{"rendered":"<h5>Led 3mm -Transparente<\/h5>\n<h5>Led 3mm Transparent 5 couleurs: rouge, bleu, jaune, vert, blanc.<\/h5>\n<h5>La LED Transparent 3mm est un composant opto\u00e9lectronique standard utilis\u00e9 pour l\u2019indication lumineuse dans de nombreux projets \u00e9lectroniques. Son bo\u00eetier en plastique transparent permet une diffusion maximale de la lumi\u00e8re, offrant ainsi une luminosit\u00e9 vive et une apparence esth\u00e9tique moderne.<\/h5>\n<h5>Une LED se caract\u00e9rise principalement par 3 grandeurs :<\/h5>\n<h5>\u2013 la chute de tension directe Vf aux bornes de la LED pour un courant I de 20 mA.<br \/>\n\u2013 l\u2019intensit\u00e9 lumineuse Iv qui s\u2019exprime en mcd (millicandela).<br \/>\n\u2013 l\u2019angle de rayonnement par rapport \u00e0 l\u2019axe optique, en degr\u00e9s.<\/h5>\n<h5>\nTension: 3.2V \u2013 3.8V<br \/>\nCourant nominal: 30mA .<br \/>\nPuissance: 80mW<\/h5>","protected":false},"excerpt":{"rendered":"<h5>Led 3mm Transparent 5 couleurs: rouge, bleu, jaune, vert, blanc.<\/h5>","protected":false},"featured_media":16623,"comment_status":"open","ping_status":"closed","template":"","meta":{"_joinchat":[]},"product_brand":[],"product_cat":[112],"product_tag":[],"class_list":{"0":"post-16614","1":"product","2":"type-product","3":"status-publish","4":"has-post-thumbnail","6":"product_cat-leds","8":"first","9":"instock","10":"shipping-taxable","11":"purchasable","12":"product-type-variable"},"_links":{"self":[{"href":"https:\/\/edukeytech.com\/en\/wp-json\/wp\/v2\/product\/16614","targetHints":{"allow":["GET"]}}],"collection":[{"href":"https:\/\/edukeytech.com\/en\/wp-json\/wp\/v2\/product"}],"about":[{"href":"https:\/\/edukeytech.com\/en\/wp-json\/wp\/v2\/types\/product"}],"replies":[{"embeddable":true,"href":"https:\/\/edukeytech.com\/en\/wp-json\/wp\/v2\/comments?post=16614"}],"version-history":[{"count":2,"href":"https:\/\/edukeytech.com\/en\/wp-json\/wp\/v2\/product\/16614\/revisions"}],"predecessor-version":[{"id":16705,"href":"https:\/\/edukeytech.com\/en\/wp-json\/wp\/v2\/product\/16614\/revisions\/16705"}],"wp:featuredmedia":[{"embeddable":true,"href":"https:\/\/edukeytech.com\/en\/wp-json\/wp\/v2\/media\/16623"}],"wp:attachment":[{"href":"https:\/\/edukeytech.com\/en\/wp-json\/wp\/v2\/media?parent=16614"}],"wp:term":[{"taxonomy":"product_brand","embeddable":true,"href":"https:\/\/edukeytech.com\/en\/wp-json\/wp\/v2\/product_brand?post=16614"},{"taxonomy":"product_cat","embeddable":true,"href":"https:\/\/edukeytech.com\/en\/wp-json\/wp\/v2\/product_cat?post=16614"},{"taxonomy":"product_tag","embeddable":true,"href":"https:\/\/edukeytech.com\/en\/wp-json\/wp\/v2\/product_tag?post=16614"}],"curies":[{"name":"wp","href":"https:\/\/api.w.org\/{rel}","templated":true}]}}