{"id":16575,"date":"2025-02-19T15:26:50","date_gmt":"2025-02-19T15:26:50","guid":{"rendered":"https:\/\/edukeytech.com\/?post_type=product&#038;p=16575"},"modified":"2025-02-19T15:26:50","modified_gmt":"2025-02-19T15:26:50","slug":"led-ultraviolet-3mm","status":"publish","type":"product","link":"https:\/\/edukeytech.com\/en\/product\/led-ultraviolet-3mm\/","title":{"rendered":"Led Ultraviolet 3mm"},"content":{"rendered":"<h5>Led Ultraviolet 3mm<\/h5>\n<h5>La LED Ultraviolet 3mm est un composant opto\u00e9lectronique compact con\u00e7u pour \u00e9mettre de la lumi\u00e8re dans le spectre ultraviolet. Gr\u00e2ce \u00e0 sa taille r\u00e9duite, elle s\u2019int\u00e8gre facilement dans des circuits miniaturis\u00e9s et des projets n\u00e9cessitant une \u00e9mission UV cibl\u00e9e.<\/h5>\n<h5>Longueur d\u2019onde: 395-410nm<br \/>\nLuminosit\u00e9: 1000-1200MCD<br \/>\nAngle: 20\u00b0<br \/>\nTension: 3.2-3.8V<br \/>\nCourant: 20mA<\/h5>\n<p>&nbsp;<\/p>","protected":false},"excerpt":{"rendered":"<h5>Led Ultraviolet 3mm<\/h5>","protected":false},"featured_media":16576,"comment_status":"open","ping_status":"closed","template":"","meta":{"_joinchat":[]},"product_brand":[],"product_cat":[112],"product_tag":[],"class_list":{"0":"post-16575","1":"product","2":"type-product","3":"status-publish","4":"has-post-thumbnail","6":"product_cat-leds","8":"first","9":"instock","10":"shipping-taxable","11":"purchasable","12":"product-type-simple"},"_links":{"self":[{"href":"https:\/\/edukeytech.com\/en\/wp-json\/wp\/v2\/product\/16575","targetHints":{"allow":["GET"]}}],"collection":[{"href":"https:\/\/edukeytech.com\/en\/wp-json\/wp\/v2\/product"}],"about":[{"href":"https:\/\/edukeytech.com\/en\/wp-json\/wp\/v2\/types\/product"}],"replies":[{"embeddable":true,"href":"https:\/\/edukeytech.com\/en\/wp-json\/wp\/v2\/comments?post=16575"}],"version-history":[{"count":1,"href":"https:\/\/edukeytech.com\/en\/wp-json\/wp\/v2\/product\/16575\/revisions"}],"predecessor-version":[{"id":16578,"href":"https:\/\/edukeytech.com\/en\/wp-json\/wp\/v2\/product\/16575\/revisions\/16578"}],"wp:featuredmedia":[{"embeddable":true,"href":"https:\/\/edukeytech.com\/en\/wp-json\/wp\/v2\/media\/16576"}],"wp:attachment":[{"href":"https:\/\/edukeytech.com\/en\/wp-json\/wp\/v2\/media?parent=16575"}],"wp:term":[{"taxonomy":"product_brand","embeddable":true,"href":"https:\/\/edukeytech.com\/en\/wp-json\/wp\/v2\/product_brand?post=16575"},{"taxonomy":"product_cat","embeddable":true,"href":"https:\/\/edukeytech.com\/en\/wp-json\/wp\/v2\/product_cat?post=16575"},{"taxonomy":"product_tag","embeddable":true,"href":"https:\/\/edukeytech.com\/en\/wp-json\/wp\/v2\/product_tag?post=16575"}],"curies":[{"name":"wp","href":"https:\/\/api.w.org\/{rel}","templated":true}]}}