{"id":16569,"date":"2025-02-19T15:11:34","date_gmt":"2025-02-19T15:11:34","guid":{"rendered":"https:\/\/edukeytech.com\/?post_type=product&#038;p=16569"},"modified":"2025-02-19T15:13:23","modified_gmt":"2025-02-19T15:13:23","slug":"led-emetteur-infrarouge-5mm-850nm","status":"publish","type":"product","link":"https:\/\/edukeytech.com\/en\/product\/led-emetteur-infrarouge-5mm-850nm\/","title":{"rendered":"Led \u00c9metteur Infrarouge 5mm 850nm"},"content":{"rendered":"<h5>Led \u00c9metteur Infrarouge 5mm 850nm<\/h5>\n<h5>La LED \u00e9metteur infrarouge 5mm 850nm est un composant opto\u00e9lectronique con\u00e7u pour \u00e9mettre de la lumi\u00e8re dans le spectre infrarouge, avec une longueur d\u2019onde sp\u00e9cifi\u00e9e de 850 nm. Sa conception standard au format 5mm en fait un choix r\u00e9pandu dans les projets \u00e9lectroniques, notamment pour des applications de t\u00e9l\u00e9commande et de d\u00e9tection.<\/h5>\n<h5>Caract\u00e9ristiques<br \/>\nLED 5mm<br \/>\nLongueur d\u2019onde: 850nm<br \/>\nLargeur de faisceau: 20\u00b0.<br \/>\n100 mA DC<\/h5>\n<h5>Tension : 1.6V<\/h5>","protected":false},"excerpt":{"rendered":"<h5>Led \u00c9metteur Infrarouge 5mm 850nm<\/h5>","protected":false},"featured_media":16574,"comment_status":"open","ping_status":"closed","template":"","meta":{"_joinchat":[]},"product_brand":[],"product_cat":[112],"product_tag":[],"class_list":{"0":"post-16569","1":"product","2":"type-product","3":"status-publish","4":"has-post-thumbnail","6":"product_cat-leds","8":"first","9":"instock","10":"shipping-taxable","11":"purchasable","12":"product-type-simple"},"_links":{"self":[{"href":"https:\/\/edukeytech.com\/en\/wp-json\/wp\/v2\/product\/16569","targetHints":{"allow":["GET"]}}],"collection":[{"href":"https:\/\/edukeytech.com\/en\/wp-json\/wp\/v2\/product"}],"about":[{"href":"https:\/\/edukeytech.com\/en\/wp-json\/wp\/v2\/types\/product"}],"replies":[{"embeddable":true,"href":"https:\/\/edukeytech.com\/en\/wp-json\/wp\/v2\/comments?post=16569"}],"version-history":[{"count":1,"href":"https:\/\/edukeytech.com\/en\/wp-json\/wp\/v2\/product\/16569\/revisions"}],"predecessor-version":[{"id":16573,"href":"https:\/\/edukeytech.com\/en\/wp-json\/wp\/v2\/product\/16569\/revisions\/16573"}],"wp:featuredmedia":[{"embeddable":true,"href":"https:\/\/edukeytech.com\/en\/wp-json\/wp\/v2\/media\/16574"}],"wp:attachment":[{"href":"https:\/\/edukeytech.com\/en\/wp-json\/wp\/v2\/media?parent=16569"}],"wp:term":[{"taxonomy":"product_brand","embeddable":true,"href":"https:\/\/edukeytech.com\/en\/wp-json\/wp\/v2\/product_brand?post=16569"},{"taxonomy":"product_cat","embeddable":true,"href":"https:\/\/edukeytech.com\/en\/wp-json\/wp\/v2\/product_cat?post=16569"},{"taxonomy":"product_tag","embeddable":true,"href":"https:\/\/edukeytech.com\/en\/wp-json\/wp\/v2\/product_tag?post=16569"}],"curies":[{"name":"wp","href":"https:\/\/api.w.org\/{rel}","templated":true}]}}