{"id":16552,"date":"2025-02-19T09:12:35","date_gmt":"2025-02-19T09:12:35","guid":{"rendered":"https:\/\/edukeytech.com\/?post_type=product&#038;p=16552"},"modified":"2025-02-19T14:14:17","modified_gmt":"2025-02-19T14:14:17","slug":"led-5mm-transparent","status":"publish","type":"product","link":"https:\/\/edukeytech.com\/en\/product\/led-5mm-transparent\/","title":{"rendered":"Led 5mm Transparent"},"content":{"rendered":"<h5>Led 5mm Transparent 5 couleurs: rouge, bleu, jaune, vert, blanc.<\/h5>\n<h5>La LED Transparent 5mm est un composant opto\u00e9lectronique standard utilis\u00e9 pour l&rsquo;indication lumineuse dans de nombreux projets \u00e9lectroniques. Son bo\u00eetier en plastique transparent permet une diffusion maximale de la lumi\u00e8re, offrant ainsi une luminosit\u00e9 vive et une apparence esth\u00e9tique moderne.<\/h5>\n<p>&nbsp;<\/p>","protected":false},"excerpt":{"rendered":"<h5>Led 5mm Transparent 5 couleurs: rouge, bleu, jaune, vert, blanc.<\/h5>","protected":false},"featured_media":16556,"comment_status":"open","ping_status":"closed","template":"","meta":{"_joinchat":[]},"product_brand":[],"product_cat":[112],"product_tag":[],"class_list":{"0":"post-16552","1":"product","2":"type-product","3":"status-publish","4":"has-post-thumbnail","6":"product_cat-leds","8":"first","9":"instock","10":"shipping-taxable","11":"purchasable","12":"product-type-variable"},"_links":{"self":[{"href":"https:\/\/edukeytech.com\/en\/wp-json\/wp\/v2\/product\/16552","targetHints":{"allow":["GET"]}}],"collection":[{"href":"https:\/\/edukeytech.com\/en\/wp-json\/wp\/v2\/product"}],"about":[{"href":"https:\/\/edukeytech.com\/en\/wp-json\/wp\/v2\/types\/product"}],"replies":[{"embeddable":true,"href":"https:\/\/edukeytech.com\/en\/wp-json\/wp\/v2\/comments?post=16552"}],"version-history":[{"count":1,"href":"https:\/\/edukeytech.com\/en\/wp-json\/wp\/v2\/product\/16552\/revisions"}],"predecessor-version":[{"id":16557,"href":"https:\/\/edukeytech.com\/en\/wp-json\/wp\/v2\/product\/16552\/revisions\/16557"}],"wp:featuredmedia":[{"embeddable":true,"href":"https:\/\/edukeytech.com\/en\/wp-json\/wp\/v2\/media\/16556"}],"wp:attachment":[{"href":"https:\/\/edukeytech.com\/en\/wp-json\/wp\/v2\/media?parent=16552"}],"wp:term":[{"taxonomy":"product_brand","embeddable":true,"href":"https:\/\/edukeytech.com\/en\/wp-json\/wp\/v2\/product_brand?post=16552"},{"taxonomy":"product_cat","embeddable":true,"href":"https:\/\/edukeytech.com\/en\/wp-json\/wp\/v2\/product_cat?post=16552"},{"taxonomy":"product_tag","embeddable":true,"href":"https:\/\/edukeytech.com\/en\/wp-json\/wp\/v2\/product_tag?post=16552"}],"curies":[{"name":"wp","href":"https:\/\/api.w.org\/{rel}","templated":true}]}}